{"id":5125,"date":"2023-05-17T11:40:39","date_gmt":"2023-05-17T11:40:39","guid":{"rendered":"https:\/\/toskani.com\/de\/product\/glutamax-c\/"},"modified":"2024-01-02T09:29:49","modified_gmt":"2024-01-02T09:29:49","slug":"glutamax-c","status":"publish","type":"product","link":"https:\/\/toskani.com\/de\/produkt\/glutamax-c\/","title":{"rendered":"Glutamax C"},"content":{"rendered":"<p>Antioxidative L\u00f6sung. Glutamax C ist ein revolution\u00e4rer Cocktail aus Glutathion, Vitamin C und Vitamin E, der freie Radikale neutralisiert, die f\u00fcr die vorzeitige Hautalterung aufgrund von oxidativem Stress verantwortlich sind, das Auftreten dunkler Hyperpigmentierungen reduziert und einen gleichm\u00e4\u00dfigeren und helleren Hautton verleiht.<span class=\"Apple-converted-space\"> <\/span><\/p>\n","protected":false},"excerpt":{"rendered":"<p>Antioxidative L\u00f6sung. Glutamax C ist ein revolution\u00e4rer Cocktail aus Glutathion, Vitamin C und Vitamin E, der freie Radikale neutralisiert, die f\u00fcr die vorzeitige Hautalterung aufgrund von oxidativem Stress verantwortlich sind, [&hellip;]<\/p>\n","protected":false},"featured_media":3939,"template":"","meta":[],"product_cat":[179,128,180],"product_tag":[],"class_list":["post-5125","product","type-product","status-publish","has-post-thumbnail","hentry","product_cat-ampollas-de","product_cat-facial-de","product_cat-proteccion-de"],"acf":[],"aioseo_notices":[],"_links":{"self":[{"href":"https:\/\/toskani.com\/de\/wp-json\/wp\/v2\/product\/5125","targetHints":{"allow":["GET"]}}],"collection":[{"href":"https:\/\/toskani.com\/de\/wp-json\/wp\/v2\/product"}],"about":[{"href":"https:\/\/toskani.com\/de\/wp-json\/wp\/v2\/types\/product"}],"wp:featuredmedia":[{"embeddable":true,"href":"https:\/\/toskani.com\/de\/wp-json\/wp\/v2\/media\/3939"}],"wp:attachment":[{"href":"https:\/\/toskani.com\/de\/wp-json\/wp\/v2\/media?parent=5125"}],"wp:term":[{"taxonomy":"product_cat","embeddable":true,"href":"https:\/\/toskani.com\/de\/wp-json\/wp\/v2\/product_cat?post=5125"},{"taxonomy":"product_tag","embeddable":true,"href":"https:\/\/toskani.com\/de\/wp-json\/wp\/v2\/product_tag?post=5125"}],"curies":[{"name":"wp","href":"https:\/\/api.w.org\/{rel}","templated":true}]}}