{"id":4294,"date":"2023-09-06T12:54:14","date_gmt":"2023-09-06T12:54:14","guid":{"rendered":"https:\/\/toskani.com\/de\/product\/unique-pro-age-advanced-serum\/"},"modified":"2025-08-02T14:51:08","modified_gmt":"2025-08-02T14:51:08","slug":"einzigartiges-pro-alter-erweitertes-serum","status":"publish","type":"product","link":"https:\/\/toskani.com\/de\/produkt\/einzigartiges-pro-alter-erweitertes-serum\/","title":{"rendered":"Einzigartiges Pro Age Advanced Serum"},"content":{"rendered":"<p>Pflegendes Serum f\u00fcr die t\u00e4gliche Anwendung mit einer breiten Palette von Anti-Ageing-Wirkstoffen, die auf jedes der wichtigsten Probleme abzielen: Festigkeit, Kr\u00e4henf\u00fc\u00dfe, Marionettenfalten, Y-Zone (Gesichtsoval und Hals).<\/p>\n<p>Kaufen:<br \/>\n TOSKANI<a href=\"https:\/\/www.med4skin.ch\/produkt\/unique-proage-serum\/\">Unique Pro Age Serum<\/a><\/p>\n","protected":false},"excerpt":{"rendered":"<p>Pflegendes Serum f\u00fcr die t\u00e4gliche Anwendung mit einer breiten Palette von Anti-Ageing-Wirkstoffen, die auf jedes der wichtigsten Probleme abzielen: Festigkeit, Kr\u00e4henf\u00fc\u00dfe, Marionettenfalten, Y-Zone (Gesichtsoval und Hals). Kaufen: TOSKANIUnique Pro Age [&hellip;]<\/p>\n","protected":false},"featured_media":4057,"template":"","meta":[],"product_cat":[127,128,129],"product_tag":[],"class_list":["post-4294","product","type-product","status-publish","has-post-thumbnail","hentry","product_cat-antiedad-de","product_cat-facial-de","product_cat-serums-de"],"acf":[],"aioseo_notices":[],"_links":{"self":[{"href":"https:\/\/toskani.com\/de\/wp-json\/wp\/v2\/product\/4294","targetHints":{"allow":["GET"]}}],"collection":[{"href":"https:\/\/toskani.com\/de\/wp-json\/wp\/v2\/product"}],"about":[{"href":"https:\/\/toskani.com\/de\/wp-json\/wp\/v2\/types\/product"}],"wp:featuredmedia":[{"embeddable":true,"href":"https:\/\/toskani.com\/de\/wp-json\/wp\/v2\/media\/4057"}],"wp:attachment":[{"href":"https:\/\/toskani.com\/de\/wp-json\/wp\/v2\/media?parent=4294"}],"wp:term":[{"taxonomy":"product_cat","embeddable":true,"href":"https:\/\/toskani.com\/de\/wp-json\/wp\/v2\/product_cat?post=4294"},{"taxonomy":"product_tag","embeddable":true,"href":"https:\/\/toskani.com\/de\/wp-json\/wp\/v2\/product_tag?post=4294"}],"curies":[{"name":"wp","href":"https:\/\/api.w.org\/{rel}","templated":true}]}}