{"id":4272,"date":"2023-06-28T16:26:44","date_gmt":"2023-06-28T16:26:44","guid":{"rendered":"https:\/\/toskani.com\/de\/quality-policy\/"},"modified":"2024-01-02T08:54:21","modified_gmt":"2024-01-02T08:54:21","slug":"quality-policy","status":"publish","type":"page","link":"https:\/\/toskani.com\/de\/quality-policy\/","title":{"rendered":"Qualit\u00e4tspolitik"},"content":{"rendered":"<p>[vc_row][vc_column][vc_column_text]<\/p>\n<div class=\"page\" title=\"Seite 1\">\n<div class=\"layoutArea\">\n<div class=\"column\">\n<p class=\"p1\"><span class=\"s1\">Die Generaldirektion von Toskani, SL definiert als ihre Hauptt\u00e4tigkeit  <b>Entwicklung, Herstellung und Vertrieb von kosmetischen Produkten, Sch\u00f6nheitsprodukten und Nahrungserg\u00e4nzungsmitteln <\/b>sowie die <b> Import und Vertrieb von medizinischen Ger\u00e4ten und \u00e4sthetischen Ausr\u00fcstungen, <\/b>um den Fachleuten im \u00e4sthetischen und medizinischen Bereich die besten Produkte und Dienstleistungen anzubieten.  <b>wirksamere, sicherere <\/b>und <b>effizientere Produkte und Behandlungen <\/b> <b>hochwertige <\/b>Hautpflegeprodukte, die<b> <\/b>360\u00ba-L\u00f6sungen zu entwickeln und ihren Kunden und Verbrauchern die erforderlichen <b>Schulungen<\/b> und <b>Kenntnisse <\/b>zu vermitteln, wobei sie sich stets an die<span class=\"Apple-converted-space\">  <\/span>die geltenden Rechts- und Verwaltungsvorschriften und tragen so zur <b>Verbesserung der Gesundheit und des Wohlbefindens der<\/b> Gesellschaft bei.  <\/span><\/p>\n<p class=\"p1\"><span class=\"s1\">Das Hauptziel von Toskani, SL ist es, ein <b>solides, rentables und wettbewerbsf\u00e4higes Unternehmen<\/b> zu sein.  in seinem Sektor durch eine flexible Anpassung an den Wandel, die Steigerung der Reaktionsf\u00e4higkeit, der technischen Kompetenz, der Kreativit\u00e4t und der st\u00e4ndigen Innovation sowie durch die F\u00f6rderung des Umweltschutzes, die st\u00e4ndige Verbesserung der Organisationsabl\u00e4ufe, die Gew\u00e4hrleistung der Sicherheit aller Mitglieder des Unternehmens und die wirksame Verbesserung der Bedingungen, unter denen die Arbeitst\u00e4tigkeiten ausgef\u00fchrt werden.<\/span><\/p>\n<p class=\"p1\"><span class=\"s1\">Die Vision von Toskani ist es, eine <b>Referenz <\/b>auf dem Markt der transdermalen Mesotherapie zu <b>sein<\/b> und mit spezifischen Produkten unter der Marke <b>TOSKANIMED<\/b>in den <b>medizinischen Bereich <\/b>vorzudringen.<b> <\/b>und <b>die strategische Position des Local Leader zu erreichen<\/b>. Und schlie\u00dflich die Konsolidierung auf renommierten internationalen M\u00e4rkten und das Volumen durch die Entwicklung eines <b>spezifischen Vertriebsnetzes <\/b>f\u00fcr jeden Kanal, \u00e4sthetisch und medizinisch, abgestimmt auf die <b>TOSKANI-Strategie<\/b>.<\/span><\/p>\n<p class=\"p1\"><span class=\"s1\">Dar\u00fcber hinaus arbeitet Toskani aktiv mit seinen Vertriebskan\u00e4len zusammen, um <b>die M\u00e4rkte <\/b>, auf denen es pr\u00e4sent ist, zu <b>kennen und zu verstehen <\/b>, und pflegt eine Beziehung und Haltung des maximalen Vertrauens und der Transparenz mit seinen H\u00e4ndlern, um das gemeinsame Ziel des Wachstums zu erreichen.<\/span><\/p>\n<p class=\"p1\"><span class=\"s1\">Um dieses Ziel zu erreichen, tr\u00e4gt die Generaldirektion die letztendliche Verantwortung f\u00fcr die Festlegung, Umsetzung, Verbreitung, Aufrechterhaltung und \u00dcberpr\u00fcfung einer integrierten Qualit\u00e4tsmanagementpolitik.<\/span><\/p>\n<p class=\"p1\"><span class=\"s1\">Als Konsequenz aus den obigen Ausf\u00fchrungen und zur F\u00f6rderung der Werte der Organisation (<b>Qualit\u00e4t und Innovation, Ehrlichkeit, Integrit\u00e4t und Transparenz, Dienstleistungsorientierung und Exzellenz sowie Respekt vor den Mitarbeitern<\/b>) basiert die integrierte Qualit\u00e4tsmanagementpolitik von Toskani, SL auf den folgenden Grunds\u00e4tzen in \u00dcbereinstimmung mit den Werten der Organisation:<\/span><\/p>\n<ul class=\"ul1\">\n<li class=\"li1\"><span class=\"s1\"><b>Der Kunde ist das wesentliche Element und die Daseinsberechtigung unseres Unternehmens<\/b>; seine Bed\u00fcrfnisse zu erkennen und zu verstehen ist f\u00fcr uns von grundlegender Bedeutung. Daher m\u00fcssen alle entwickelten Aktivit\u00e4ten im Hinblick auf dieses Ziel konzipiert und durchgef\u00fchrt werden.<\/span><\/li>\n<li class=\"li1\"><span class=\"s1\"><b>Die Erf\u00fcllung der geltenden gesetzlichen und beh\u00f6rdlichen Anforderungen <\/b>und anderer, denen sich Toskani, SL freiwillig unterwirft, in Bezug auf Qualit\u00e4t, Umwelt und Arbeitssicherheit.<\/span><\/li>\n<li class=\"li1\"><span class=\"s1\"><b>Qualit\u00e4t ist die Aufgabe und Verantwortung aller<\/b>. Sie erfordert daher die Zusammenarbeit auf allen Ebenen; Information, Kommunikation und Schulung aller Mitglieder der Organisation sind unerl\u00e4sslich.<\/span><\/li>\n<li class=\"li1\"><span class=\"s1\"><b>Das Erreichen der Unternehmensziele<\/b> sowie der mit diesen Zielen verbundenen Vorgaben.<\/span><\/li>\n<li class=\"li1\"><span class=\"s1\">Die Verpflichtung, <b>qualitativ hochwertige, innovative, sichere <\/b>und <b>wirksame<\/b> Produkte und Dienstleistungen anzubieten.<\/span><\/li>\n<li class=\"li1\"><span class=\"s1\">Verpflichtung zur Erreichung eines <b>hohen Niveaus an Gesundheit und Sicherheit<\/b> am Arbeitsplatz, wobei die Pr\u00e4vention in alle Aktivit\u00e4ten des Unternehmens einbezogen wird.<\/span><\/li>\n<li class=\"li1\"><span class=\"s1\"><b>Achtung und Schutz der Umwelt<\/b> durch die Vermeidung und Verringerung von Umweltbelastungen.<\/span><\/li>\n<li class=\"li1\"><span class=\"s1\">Die <b>Aufdeckung von Verbesserungsm\u00f6glichkeiten<\/b> in allen Prozessen der Organisation durch regelm\u00e4\u00dfige \u00dcberpr\u00fcfungen des integrierten Qualit\u00e4tsmanagementsystems, die seine st\u00e4ndige Anpassung und Eignung f\u00fcr die Anforderungen eines immer st\u00e4rker wettbewerbsorientierten Marktes und eines sich st\u00e4ndig weiterentwickelnden Umfelds gew\u00e4hrleisten.<\/span><\/li>\n<li class=\"li1\"><span class=\"s1\">Der Beitrag unserer Lieferanten und Partner zur <b>Erreichung unserer Ziele<\/b>.<\/span><\/li>\n<li class=\"li1\"><span class=\"s1\">Unsere Qualit\u00e4t misst sich nicht nur an der Einhaltung von Spezifikationen und Anforderungen, sondern auch daran, dass wir <b>die Erwartungen unserer Kunden<\/b> in jedem einzelnen Aspekt unseres Gesch\u00e4fts <b>\u00fcbertreffen<\/b>. Das Erreichen dieses Ziels sichert unsere F\u00fchrungsrolle auf unserem Weg zu Spitzenleistungen.<\/span><\/li>\n<\/ul>\n<p class=\"p1\"><span class=\"s1\">Mit dieser Integrierten Qualit\u00e4tsmanagementpolitik legt die Gesch\u00e4ftsf\u00fchrung von Toskani, SL einen Referenzrahmen fest f\u00fcr  <b>Festlegung von Zielen und Vorgaben<\/b>  mit denen, die  <b>Qualit\u00e4t kontinuierlich verbessern<\/b>  von Produkten und Dienstleistungen, die Umwelt, die Sicherheit am Arbeitsplatz und die Wirksamkeit des Integrierten Qualit\u00e4tsmanagementsystems (IQMS).<\/span><\/p>\n<p class=\"p1\"><span class=\"s1\">Die Gesch\u00e4ftsleitung von Toskani, SL verpflichtet sich, daf\u00fcr zu sorgen, dass das InVeKoS die geltenden Anforderungen der Normen UNE-EN-ISO 9001, UNE-EN-ISO 22716 und UNE-EN-ISO 13485 erf\u00fcllt, und die notwendigen Entscheidungen zu treffen, um die kontinuierliche Verbesserung seiner Effizienz zu gew\u00e4hrleisten.<\/span><\/p>\n<p class=\"p1\"><span class=\"s1\">Das InVeKoS ist strukturiert und an die spezifische T\u00e4tigkeit von Toskani, SL angepasst: <b>Design, Herstellung und Vertrieb von kosmetischen Produkten, Sch\u00f6nheitsprodukten und Nahrungserg\u00e4nzungsmitteln <\/b>sowie<b> Import und Vertrieb von medizinischen Ger\u00e4ten und Sch\u00f6nheitsausr\u00fcstungen <\/b>und <b>Schulungsdienstleistungen<\/b> im Zusammenhang mit seinen Produkten.  <\/span><\/p>\n<p class=\"p1\"><span class=\"s1\">Die Gesch\u00e4ftsleitung geht diese Verpflichtungen ein und fordert alle Mitarbeiter von Toskani SL auf, diese Politik zu befolgen und ihre Arbeit so auszuf\u00fchren, dass die in dieser Politik festgelegten Verbesserungsziele erreicht werden k\u00f6nnen.<\/span><\/p>\n<p class=\"p1\"><span class=\"s1\">Die derzeitige Globalisierung der M\u00e4rkte sowie die Pr\u00e4senz von Toskani, SL auf internationaler Ebene zwingt alle Mitglieder der Organisation dazu, mit der <b>gleichen Philosophie und dem gleichen Engagement auf internationaler und nationaler<\/b> Ebene zu handeln.<\/span><\/p>\n<\/div>\n<\/div>\n<\/div>\n<p>[\/vc_column_text][\/vc_column][\/vc_row]<\/p>\n","protected":false},"excerpt":{"rendered":"<p>[vc_row][vc_column][vc_column_text] Die Generaldirektion von Toskani, SL definiert als ihre Hauptt\u00e4tigkeit Entwicklung, Herstellung und Vertrieb von kosmetischen Produkten, Sch\u00f6nheitsprodukten und Nahrungserg\u00e4nzungsmitteln sowie die Import und Vertrieb von medizinischen Ger\u00e4ten und \u00e4sthetischen [&hellip;]<\/p>\n","protected":false},"author":1,"featured_media":0,"parent":0,"menu_order":0,"comment_status":"closed","ping_status":"closed","template":"","meta":{"footnotes":""},"class_list":["post-4272","page","type-page","status-publish","hentry"],"acf":[],"aioseo_notices":[],"_links":{"self":[{"href":"https:\/\/toskani.com\/de\/wp-json\/wp\/v2\/pages\/4272","targetHints":{"allow":["GET"]}}],"collection":[{"href":"https:\/\/toskani.com\/de\/wp-json\/wp\/v2\/pages"}],"about":[{"href":"https:\/\/toskani.com\/de\/wp-json\/wp\/v2\/types\/page"}],"author":[{"embeddable":true,"href":"https:\/\/toskani.com\/de\/wp-json\/wp\/v2\/users\/1"}],"replies":[{"embeddable":true,"href":"https:\/\/toskani.com\/de\/wp-json\/wp\/v2\/comments?post=4272"}],"version-history":[{"count":5,"href":"https:\/\/toskani.com\/de\/wp-json\/wp\/v2\/pages\/4272\/revisions"}],"predecessor-version":[{"id":5855,"href":"https:\/\/toskani.com\/de\/wp-json\/wp\/v2\/pages\/4272\/revisions\/5855"}],"wp:attachment":[{"href":"https:\/\/toskani.com\/de\/wp-json\/wp\/v2\/media?parent=4272"}],"curies":[{"name":"wp","href":"https:\/\/api.w.org\/{rel}","templated":true}]}}