{"id":5893,"date":"2023-05-17T11:10:42","date_gmt":"2023-05-17T11:10:42","guid":{"rendered":"https:\/\/toskani.com\/ch\/product\/cynomax\/"},"modified":"2024-01-02T09:29:51","modified_gmt":"2024-01-02T09:29:51","slug":"cynomax","status":"publish","type":"product","link":"https:\/\/toskani.com\/ch\/produkt\/cynomax\/","title":{"rendered":"Cynomax"},"content":{"rendered":"<p>Einzeldosis-Ampullen auf der Basis von Artischockenextrakt, besonders geeignet zur Bek\u00e4mpfung der Orangenhaut. Es hat auch reinigende Eigenschaften und sch\u00fctzt die Zellen vor freien Radikalen.<\/p>\n<p>Die Packung enth\u00e4lt 20 Ampullen \u00e0 2 ml.<span class=\"Apple-converted-space\"> <\/span><\/p>\n","protected":false},"excerpt":{"rendered":"<p>Einzeldosis-Ampullen auf der Basis von Artischockenextrakt, besonders geeignet zur Bek\u00e4mpfung der Orangenhaut. Es hat auch reinigende Eigenschaften und sch\u00fctzt die Zellen vor freien Radikalen. Die Packung enth\u00e4lt 20 Ampullen \u00e0 [&hellip;]<\/p>\n","protected":false},"featured_media":3933,"template":"","meta":[],"product_cat":[179,166],"product_tag":[],"class_list":["post-5893","product","type-product","status-publish","has-post-thumbnail","hentry","product_cat-ampollas-de","product_cat-corporal-de"],"acf":[],"aioseo_notices":[],"_links":{"self":[{"href":"https:\/\/toskani.com\/ch\/wp-json\/wp\/v2\/product\/5893","targetHints":{"allow":["GET"]}}],"collection":[{"href":"https:\/\/toskani.com\/ch\/wp-json\/wp\/v2\/product"}],"about":[{"href":"https:\/\/toskani.com\/ch\/wp-json\/wp\/v2\/types\/product"}],"wp:featuredmedia":[{"embeddable":true,"href":"https:\/\/toskani.com\/ch\/wp-json\/wp\/v2\/media\/3933"}],"wp:attachment":[{"href":"https:\/\/toskani.com\/ch\/wp-json\/wp\/v2\/media?parent=5893"}],"wp:term":[{"taxonomy":"product_cat","embeddable":true,"href":"https:\/\/toskani.com\/ch\/wp-json\/wp\/v2\/product_cat?post=5893"},{"taxonomy":"product_tag","embeddable":true,"href":"https:\/\/toskani.com\/ch\/wp-json\/wp\/v2\/product_tag?post=5893"}],"curies":[{"name":"wp","href":"https:\/\/api.w.org\/{rel}","templated":true}]}}