{"id":5890,"date":"2023-05-17T12:16:23","date_gmt":"2023-05-17T12:16:23","guid":{"rendered":"https:\/\/toskani.com\/ch\/product\/saliforo\/"},"modified":"2025-10-08T11:14:15","modified_gmt":"2025-10-08T11:14:15","slug":"saliforo","status":"publish","type":"product","link":"https:\/\/toskani.com\/ch\/produkt\/saliforo\/","title":{"rendered":"Saliforo"},"content":{"rendered":"<p>Eine 2%ige L\u00f6sung auf Salicyls\u00e4urebasis, die ein oberfl\u00e4chliches Peeling bewirkt und das Erscheinungsbild von zu Akne neigender Haut verbessert.<\/p>\n<p>Salicyls\u00e4ure regt die Zellerneuerung an, verbessert das Hautbild von zu Akne neigender und unreiner Haut, mildert R\u00f6tungen, gl\u00e4ttet dank ihrer Peeling-Wirkung feine F\u00e4ltchen und verhilft zu einem gleichm\u00e4\u00dfigeren Hautton.<\/p>\n","protected":false},"excerpt":{"rendered":"<p>Eine 2%ige L\u00f6sung auf Salicyls\u00e4urebasis, die ein oberfl\u00e4chliches Peeling bewirkt und das Erscheinungsbild von zu Akne neigender Haut verbessert. Salicyls\u00e4ure regt die Zellerneuerung an, verbessert das Hautbild von zu Akne [&hellip;]<\/p>\n","protected":false},"featured_media":3958,"template":"","meta":[],"product_cat":[158,208,128],"product_tag":[],"class_list":["post-5890","product","type-product","status-publish","has-post-thumbnail","hentry","product_cat-anti-acne-de","product_cat-cocktails-de","product_cat-facial-de"],"acf":[],"aioseo_notices":[],"_links":{"self":[{"href":"https:\/\/toskani.com\/ch\/wp-json\/wp\/v2\/product\/5890","targetHints":{"allow":["GET"]}}],"collection":[{"href":"https:\/\/toskani.com\/ch\/wp-json\/wp\/v2\/product"}],"about":[{"href":"https:\/\/toskani.com\/ch\/wp-json\/wp\/v2\/types\/product"}],"wp:featuredmedia":[{"embeddable":true,"href":"https:\/\/toskani.com\/ch\/wp-json\/wp\/v2\/media\/3958"}],"wp:attachment":[{"href":"https:\/\/toskani.com\/ch\/wp-json\/wp\/v2\/media?parent=5890"}],"wp:term":[{"taxonomy":"product_cat","embeddable":true,"href":"https:\/\/toskani.com\/ch\/wp-json\/wp\/v2\/product_cat?post=5890"},{"taxonomy":"product_tag","embeddable":true,"href":"https:\/\/toskani.com\/ch\/wp-json\/wp\/v2\/product_tag?post=5890"}],"curies":[{"name":"wp","href":"https:\/\/api.w.org\/{rel}","templated":true}]}}