{"id":5616,"date":"2023-03-06T09:25:10","date_gmt":"2023-03-06T09:25:10","guid":{"rendered":"https:\/\/toskani.com\/ch\/product\/total-recovery-gel\/"},"modified":"2024-01-02T09:33:58","modified_gmt":"2024-01-02T09:33:58","slug":"total-recovery-gel","status":"publish","type":"product","link":"https:\/\/toskani.com\/ch\/produkt\/total-recovery-gel\/","title":{"rendered":"Total Recovery Gel"},"content":{"rendered":"<p>Reparierendes, feuchtigkeitsspendendes und beruhigendes Gel mit Aloe vera. Leicht einziehende Textur, die den Erholungsprozess von gereizter oder rissiger Haut unterst\u00fctzt. Geeignet f\u00fcr Gesicht und K\u00f6rper.<\/p>\n","protected":false},"excerpt":{"rendered":"<p>Reparierendes, feuchtigkeitsspendendes und beruhigendes Gel mit Aloe vera. Leicht einziehende Textur, die den Erholungsprozess von gereizter oder rissiger Haut unterst\u00fctzt. Geeignet f\u00fcr Gesicht und K\u00f6rper.<\/p>\n","protected":false},"featured_media":3845,"template":"","meta":[],"product_cat":[143,128,203],"product_tag":[],"class_list":["post-5616","product","type-product","status-publish","has-post-thumbnail","hentry","product_cat-cremas-de","product_cat-facial-de","product_cat-reparar-de"],"acf":[],"aioseo_notices":[],"_links":{"self":[{"href":"https:\/\/toskani.com\/ch\/wp-json\/wp\/v2\/product\/5616","targetHints":{"allow":["GET"]}}],"collection":[{"href":"https:\/\/toskani.com\/ch\/wp-json\/wp\/v2\/product"}],"about":[{"href":"https:\/\/toskani.com\/ch\/wp-json\/wp\/v2\/types\/product"}],"wp:featuredmedia":[{"embeddable":true,"href":"https:\/\/toskani.com\/ch\/wp-json\/wp\/v2\/media\/3845"}],"wp:attachment":[{"href":"https:\/\/toskani.com\/ch\/wp-json\/wp\/v2\/media?parent=5616"}],"wp:term":[{"taxonomy":"product_cat","embeddable":true,"href":"https:\/\/toskani.com\/ch\/wp-json\/wp\/v2\/product_cat?post=5616"},{"taxonomy":"product_tag","embeddable":true,"href":"https:\/\/toskani.com\/ch\/wp-json\/wp\/v2\/product_tag?post=5616"}],"curies":[{"name":"wp","href":"https:\/\/api.w.org\/{rel}","templated":true}]}}