{"id":5611,"date":"2023-03-06T12:56:33","date_gmt":"2023-03-06T12:56:33","guid":{"rendered":"https:\/\/toskani.com\/ch\/product\/antipollution-ampoule\/"},"modified":"2024-04-30T12:20:38","modified_gmt":"2024-04-30T12:20:38","slug":"anti-verschmutzungs-ampulle","status":"publish","type":"product","link":"https:\/\/toskani.com\/ch\/produkt\/anti-verschmutzungs-ampulle\/","title":{"rendered":"Antipollution Ampoule"},"content":{"rendered":"<p>Intensive L\u00f6sung zur t\u00e4glichen Anwendung zum Schutz der Haut. Enth\u00e4lt Glutathion, das oxidativen Stress hemmt, die Zellregeneration f\u00f6rdert und die Kollagensynthese stimuliert. Sie enth\u00e4lt au\u00dferdem Vitamine und Zucker, die Reizungen lindern und das Auftreten von Unreinheiten und Falten, die durch Umweltverschmutzung und Lichtalterung verursacht werden, verhindern.<\/p>\n<p>Die Packung enth\u00e4lt 15 Ampullen zu 2 ml.<\/p>\n","protected":false},"excerpt":{"rendered":"<p>Intensive L\u00f6sung zur t\u00e4glichen Anwendung zum Schutz der Haut. Enth\u00e4lt Glutathion, das oxidativen Stress hemmt, die Zellregeneration f\u00f6rdert und die Kollagensynthese stimuliert. Sie enth\u00e4lt au\u00dferdem Vitamine und Zucker, die Reizungen [&hellip;]<\/p>\n","protected":false},"featured_media":3856,"template":"","meta":[],"product_cat":[179,128,180],"product_tag":[],"class_list":["post-5611","product","type-product","status-publish","has-post-thumbnail","hentry","product_cat-ampollas-de","product_cat-facial-de","product_cat-proteccion-de"],"acf":[],"aioseo_notices":[],"_links":{"self":[{"href":"https:\/\/toskani.com\/ch\/wp-json\/wp\/v2\/product\/5611","targetHints":{"allow":["GET"]}}],"collection":[{"href":"https:\/\/toskani.com\/ch\/wp-json\/wp\/v2\/product"}],"about":[{"href":"https:\/\/toskani.com\/ch\/wp-json\/wp\/v2\/types\/product"}],"wp:featuredmedia":[{"embeddable":true,"href":"https:\/\/toskani.com\/ch\/wp-json\/wp\/v2\/media\/3856"}],"wp:attachment":[{"href":"https:\/\/toskani.com\/ch\/wp-json\/wp\/v2\/media?parent=5611"}],"wp:term":[{"taxonomy":"product_cat","embeddable":true,"href":"https:\/\/toskani.com\/ch\/wp-json\/wp\/v2\/product_cat?post=5611"},{"taxonomy":"product_tag","embeddable":true,"href":"https:\/\/toskani.com\/ch\/wp-json\/wp\/v2\/product_tag?post=5611"}],"curies":[{"name":"wp","href":"https:\/\/api.w.org\/{rel}","templated":true}]}}