{"id":5601,"date":"2023-03-06T15:22:22","date_gmt":"2023-03-06T15:22:22","guid":{"rendered":"https:\/\/toskani.com\/ch\/product\/antipollution-total-defense-cream\/"},"modified":"2024-04-30T12:30:41","modified_gmt":"2024-04-30T12:30:41","slug":"verschmutzungsbekampfungs-creme","status":"publish","type":"product","link":"https:\/\/toskani.com\/ch\/produkt\/verschmutzungsbekampfungs-creme\/","title":{"rendered":"Antipollution Total Defense Cream"},"content":{"rendered":"<p>Intensive Pflegecreme, die die Haut vor den t\u00e4glichen Umwelteinfl\u00fcssen sch\u00fctzt, die f\u00fcr die vorzeitige Hautalterung verantwortlich sind. Sie enth\u00e4lt Filter, die einen vollst\u00e4ndigen Schutz vor den ultravioletten Strahlen der Sonne und dem blauen Licht von Bildschirmen bieten. Au\u00dferdem sch\u00fctzt es die Haut vor Umweltverschmutzung und freien Radikalen und unterst\u00fctzt die Zellregenerationsprozesse.<\/p>\n<p>Das Ergebnis ist eine mit Feuchtigkeit versorgte, reparierte und gesch\u00fctzte Haut.<\/p>\n","protected":false},"excerpt":{"rendered":"<p>Intensive Pflegecreme, die die Haut vor den t\u00e4glichen Umwelteinfl\u00fcssen sch\u00fctzt, die f\u00fcr die vorzeitige Hautalterung verantwortlich sind. Sie enth\u00e4lt Filter, die einen vollst\u00e4ndigen Schutz vor den ultravioletten Strahlen der Sonne [&hellip;]<\/p>\n","protected":false},"featured_media":3850,"template":"","meta":[],"product_cat":[143,128,180],"product_tag":[],"class_list":["post-5601","product","type-product","status-publish","has-post-thumbnail","hentry","product_cat-cremas-de","product_cat-facial-de","product_cat-proteccion-de"],"acf":[],"aioseo_notices":[],"_links":{"self":[{"href":"https:\/\/toskani.com\/ch\/wp-json\/wp\/v2\/product\/5601","targetHints":{"allow":["GET"]}}],"collection":[{"href":"https:\/\/toskani.com\/ch\/wp-json\/wp\/v2\/product"}],"about":[{"href":"https:\/\/toskani.com\/ch\/wp-json\/wp\/v2\/types\/product"}],"wp:featuredmedia":[{"embeddable":true,"href":"https:\/\/toskani.com\/ch\/wp-json\/wp\/v2\/media\/3850"}],"wp:attachment":[{"href":"https:\/\/toskani.com\/ch\/wp-json\/wp\/v2\/media?parent=5601"}],"wp:term":[{"taxonomy":"product_cat","embeddable":true,"href":"https:\/\/toskani.com\/ch\/wp-json\/wp\/v2\/product_cat?post=5601"},{"taxonomy":"product_tag","embeddable":true,"href":"https:\/\/toskani.com\/ch\/wp-json\/wp\/v2\/product_tag?post=5601"}],"curies":[{"name":"wp","href":"https:\/\/api.w.org\/{rel}","templated":true}]}}