{"id":5596,"date":"2023-03-06T15:32:43","date_gmt":"2023-03-06T15:32:43","guid":{"rendered":"https:\/\/toskani.com\/ch\/product\/anti-ageing-ha-ampoule\/"},"modified":"2024-04-30T12:18:26","modified_gmt":"2024-04-30T12:18:26","slug":"anti-aging-ha-ampulle","status":"publish","type":"product","link":"https:\/\/toskani.com\/ch\/produkt\/anti-aging-ha-ampulle\/","title":{"rendered":"Anti-Ageing + HA-Ampoule"},"content":{"rendered":"<p>Intensive L\u00f6sung f\u00fcr die t\u00e4gliche Anwendung zur Bek\u00e4mpfung der Zeichen der Hautalterung. Die Formel auf der Basis von Hyalurons\u00e4ure, Probiotika und Peptiden spendet sofort Feuchtigkeit und hilft, das Erscheinungsbild von Falten und Anzeichen von M\u00fcdigkeit zu reduzieren. Die Haut sieht glatter, j\u00fcnger und strahlender aus.<\/p>\n<p>Die Packung enth\u00e4lt 15 Ampullen zu 2 ml.<\/p>\n","protected":false},"excerpt":{"rendered":"<p>Intensive L\u00f6sung f\u00fcr die t\u00e4gliche Anwendung zur Bek\u00e4mpfung der Zeichen der Hautalterung. Die Formel auf der Basis von Hyalurons\u00e4ure, Probiotika und Peptiden spendet sofort Feuchtigkeit und hilft, das Erscheinungsbild von [&hellip;]<\/p>\n","protected":false},"featured_media":3855,"template":"","meta":[],"product_cat":[179,127,128],"product_tag":[],"class_list":["post-5596","product","type-product","status-publish","has-post-thumbnail","hentry","product_cat-ampollas-de","product_cat-antiedad-de","product_cat-facial-de"],"acf":[],"aioseo_notices":[],"_links":{"self":[{"href":"https:\/\/toskani.com\/ch\/wp-json\/wp\/v2\/product\/5596","targetHints":{"allow":["GET"]}}],"collection":[{"href":"https:\/\/toskani.com\/ch\/wp-json\/wp\/v2\/product"}],"about":[{"href":"https:\/\/toskani.com\/ch\/wp-json\/wp\/v2\/types\/product"}],"wp:featuredmedia":[{"embeddable":true,"href":"https:\/\/toskani.com\/ch\/wp-json\/wp\/v2\/media\/3855"}],"wp:attachment":[{"href":"https:\/\/toskani.com\/ch\/wp-json\/wp\/v2\/media?parent=5596"}],"wp:term":[{"taxonomy":"product_cat","embeddable":true,"href":"https:\/\/toskani.com\/ch\/wp-json\/wp\/v2\/product_cat?post=5596"},{"taxonomy":"product_tag","embeddable":true,"href":"https:\/\/toskani.com\/ch\/wp-json\/wp\/v2\/product_tag?post=5596"}],"curies":[{"name":"wp","href":"https:\/\/api.w.org\/{rel}","templated":true}]}}