{"id":5591,"date":"2023-03-06T15:39:13","date_gmt":"2023-03-06T15:39:13","guid":{"rendered":"https:\/\/toskani.com\/ch\/product\/antistress-mask\/"},"modified":"2024-04-30T12:17:46","modified_gmt":"2024-04-30T12:17:46","slug":"anti-stress-maske","status":"publish","type":"product","link":"https:\/\/toskani.com\/ch\/produkt\/anti-stress-maske\/","title":{"rendered":"Antistress Mask"},"content":{"rendered":"<p class=\"p1\"><span class=\"s1\">Maske<\/span><span class=\"s2\">, <\/span> <span class=\"s1\">pflegend, beruhigend und erfrischend f\u00fcr reaktive Haut. Enth\u00e4lt Aloe-Vera- und Kamillenextrakte, die regenerierend und entspannend wirken. Die Antistress-Maske hinterl\u00e4sst auf der Haut ein angenehmes Gef\u00fchl von Frische und Wohlbefinden. <\/span><\/p>\n","protected":false},"excerpt":{"rendered":"<p>Maske, pflegend, beruhigend und erfrischend f\u00fcr reaktive Haut. Enth\u00e4lt Aloe-Vera- und Kamillenextrakte, die regenerierend und entspannend wirken. Die Antistress-Maske hinterl\u00e4sst auf der Haut ein angenehmes Gef\u00fchl von Frische und Wohlbefinden.<\/p>\n","protected":false},"featured_media":3851,"template":"","meta":[],"product_cat":[143,128,203],"product_tag":[213],"class_list":["post-5591","product","type-product","status-publish","has-post-thumbnail","hentry","product_cat-cremas-de","product_cat-facial-de","product_cat-reparar-de","product_tag-mascara-de"],"acf":[],"aioseo_notices":[],"_links":{"self":[{"href":"https:\/\/toskani.com\/ch\/wp-json\/wp\/v2\/product\/5591","targetHints":{"allow":["GET"]}}],"collection":[{"href":"https:\/\/toskani.com\/ch\/wp-json\/wp\/v2\/product"}],"about":[{"href":"https:\/\/toskani.com\/ch\/wp-json\/wp\/v2\/types\/product"}],"wp:featuredmedia":[{"embeddable":true,"href":"https:\/\/toskani.com\/ch\/wp-json\/wp\/v2\/media\/3851"}],"wp:attachment":[{"href":"https:\/\/toskani.com\/ch\/wp-json\/wp\/v2\/media?parent=5591"}],"wp:term":[{"taxonomy":"product_cat","embeddable":true,"href":"https:\/\/toskani.com\/ch\/wp-json\/wp\/v2\/product_cat?post=5591"},{"taxonomy":"product_tag","embeddable":true,"href":"https:\/\/toskani.com\/ch\/wp-json\/wp\/v2\/product_tag?post=5591"}],"curies":[{"name":"wp","href":"https:\/\/api.w.org\/{rel}","templated":true}]}}