{"id":5576,"date":"2023-03-06T16:14:36","date_gmt":"2023-03-06T16:14:36","guid":{"rendered":"https:\/\/toskani.com\/ch\/product\/artichoke-plus\/"},"modified":"2025-10-08T11:19:15","modified_gmt":"2025-10-08T11:19:15","slug":"artischocke-plus","status":"publish","type":"product","link":"https:\/\/toskani.com\/ch\/produkt\/artischocke-plus\/","title":{"rendered":"Artichoke Plus"},"content":{"rendered":"<p>Nahrungserg\u00e4nzungsmittel mit entschlackenden und entgiftenden Eigenschaften. Hilft bei der Bek\u00e4mpfung und Vorbeugung von Wassereinlagerungen und Bl\u00e4hungen. Hilft, die Ergebnisse \u00e4sthetischer K\u00f6rperbehandlungen zu optimieren.<\/p>\n<p>Die Packung enth\u00e4lt 14 Fl\u00e4schchen zu 10 ml.<\/p>\n","protected":false},"excerpt":{"rendered":"<p>Nahrungserg\u00e4nzungsmittel mit entschlackenden und entgiftenden Eigenschaften. Hilft bei der Bek\u00e4mpfung und Vorbeugung von Wassereinlagerungen und Bl\u00e4hungen. Hilft, die Ergebnisse \u00e4sthetischer K\u00f6rperbehandlungen zu optimieren. Die Packung enth\u00e4lt 14 Fl\u00e4schchen zu 10 [&hellip;]<\/p>\n","protected":false},"featured_media":3857,"template":"","meta":[],"product_cat":[208,166],"product_tag":[],"class_list":["post-5576","product","type-product","status-publish","has-post-thumbnail","hentry","product_cat-cocktails-de","product_cat-corporal-de"],"acf":[],"aioseo_notices":[],"_links":{"self":[{"href":"https:\/\/toskani.com\/ch\/wp-json\/wp\/v2\/product\/5576","targetHints":{"allow":["GET"]}}],"collection":[{"href":"https:\/\/toskani.com\/ch\/wp-json\/wp\/v2\/product"}],"about":[{"href":"https:\/\/toskani.com\/ch\/wp-json\/wp\/v2\/types\/product"}],"wp:featuredmedia":[{"embeddable":true,"href":"https:\/\/toskani.com\/ch\/wp-json\/wp\/v2\/media\/3857"}],"wp:attachment":[{"href":"https:\/\/toskani.com\/ch\/wp-json\/wp\/v2\/media?parent=5576"}],"wp:term":[{"taxonomy":"product_cat","embeddable":true,"href":"https:\/\/toskani.com\/ch\/wp-json\/wp\/v2\/product_cat?post=5576"},{"taxonomy":"product_tag","embeddable":true,"href":"https:\/\/toskani.com\/ch\/wp-json\/wp\/v2\/product_tag?post=5576"}],"curies":[{"name":"wp","href":"https:\/\/api.w.org\/{rel}","templated":true}]}}