{"id":5566,"date":"2023-03-06T16:25:38","date_gmt":"2023-03-06T16:25:38","guid":{"rendered":"https:\/\/toskani.com\/ch\/product\/lipo-proteoglycans-ampoule\/"},"modified":"2024-04-30T12:15:13","modified_gmt":"2024-04-30T12:15:13","slug":"lipo-proteoglykane-ampulle","status":"publish","type":"product","link":"https:\/\/toskani.com\/ch\/produkt\/lipo-proteoglykane-ampulle\/","title":{"rendered":"Lipo-Proteoglycans Ampoule"},"content":{"rendered":"<p>Intensive L\u00f6sung zur t\u00e4glichen Anwendung mit feuchtigkeitsspendender und reparierender Wirkung. Es enth\u00e4lt liposomale Vitamine und Proteoglykane, die die Kollagenproduktion anregen und dazu beitragen, die sichtbaren Zeichen der Hautalterung zu mildern. Die Haut sieht strahlender und besser aus. Langfristig hilft es, das Erscheinungsbild von Falten und F\u00e4ltchen zu gl\u00e4tten.<\/p>\n<p>Die Packung enth\u00e4lt 15 Ampullen zu 2 ml.<\/p>\n","protected":false},"excerpt":{"rendered":"<p>Intensive L\u00f6sung zur t\u00e4glichen Anwendung mit feuchtigkeitsspendender und reparierender Wirkung. Es enth\u00e4lt liposomale Vitamine und Proteoglykane, die die Kollagenproduktion anregen und dazu beitragen, die sichtbaren Zeichen der Hautalterung zu mildern. [&hellip;]<\/p>\n","protected":false},"featured_media":3891,"template":"","meta":[],"product_cat":[179,127,128],"product_tag":[],"class_list":["post-5566","product","type-product","status-publish","has-post-thumbnail","hentry","product_cat-ampollas-de","product_cat-antiedad-de","product_cat-facial-de"],"acf":[],"aioseo_notices":[],"_links":{"self":[{"href":"https:\/\/toskani.com\/ch\/wp-json\/wp\/v2\/product\/5566","targetHints":{"allow":["GET"]}}],"collection":[{"href":"https:\/\/toskani.com\/ch\/wp-json\/wp\/v2\/product"}],"about":[{"href":"https:\/\/toskani.com\/ch\/wp-json\/wp\/v2\/types\/product"}],"wp:featuredmedia":[{"embeddable":true,"href":"https:\/\/toskani.com\/ch\/wp-json\/wp\/v2\/media\/3891"}],"wp:attachment":[{"href":"https:\/\/toskani.com\/ch\/wp-json\/wp\/v2\/media?parent=5566"}],"wp:term":[{"taxonomy":"product_cat","embeddable":true,"href":"https:\/\/toskani.com\/ch\/wp-json\/wp\/v2\/product_cat?post=5566"},{"taxonomy":"product_tag","embeddable":true,"href":"https:\/\/toskani.com\/ch\/wp-json\/wp\/v2\/product_tag?post=5566"}],"curies":[{"name":"wp","href":"https:\/\/api.w.org\/{rel}","templated":true}]}}