{"id":5561,"date":"2023-03-06T16:36:28","date_gmt":"2023-03-06T16:36:28","guid":{"rendered":"https:\/\/toskani.com\/ch\/product\/night-reverse-intensive-cream-mask\/"},"modified":"2024-01-02T09:33:41","modified_gmt":"2024-01-02T09:33:41","slug":"nacht-reverse-intensiv-creme-maske","status":"publish","type":"product","link":"https:\/\/toskani.com\/ch\/produkt\/nacht-reverse-intensiv-creme-maske\/","title":{"rendered":"Night Reverse Intensivcreme &amp; Maske"},"content":{"rendered":"<p>Creme und Maske auf epigenetischer Basis, die \u00fcber Nacht wirkt. Es hat eine erneuernde Wirkung, um die Haut von \u00e4u\u00dferen Aggressionen und schlechten Gewohnheiten zu befreien: Sonneneinstrahlung, Umweltverschmutzung, Temperaturschwankungen, Stress, Rauchen oder Schlafst\u00f6rungen. Sie spendet intensive Feuchtigkeit, hilft, die Hautbarriere zu st\u00e4rken, und respektiert das Mikrobiom der Haut.<span class=\"Apple-converted-space\"> <\/span><\/p>\n","protected":false},"excerpt":{"rendered":"<p>Creme und Maske auf epigenetischer Basis, die \u00fcber Nacht wirkt. Es hat eine erneuernde Wirkung, um die Haut von \u00e4u\u00dferen Aggressionen und schlechten Gewohnheiten zu befreien: Sonneneinstrahlung, Umweltverschmutzung, Temperaturschwankungen, Stress, [&hellip;]<\/p>\n","protected":false},"featured_media":3859,"template":"","meta":[],"product_cat":[127,143,128],"product_tag":[213],"class_list":["post-5561","product","type-product","status-publish","has-post-thumbnail","hentry","product_cat-antiedad-de","product_cat-cremas-de","product_cat-facial-de","product_tag-mascara-de"],"acf":[],"aioseo_notices":[],"_links":{"self":[{"href":"https:\/\/toskani.com\/ch\/wp-json\/wp\/v2\/product\/5561","targetHints":{"allow":["GET"]}}],"collection":[{"href":"https:\/\/toskani.com\/ch\/wp-json\/wp\/v2\/product"}],"about":[{"href":"https:\/\/toskani.com\/ch\/wp-json\/wp\/v2\/types\/product"}],"wp:featuredmedia":[{"embeddable":true,"href":"https:\/\/toskani.com\/ch\/wp-json\/wp\/v2\/media\/3859"}],"wp:attachment":[{"href":"https:\/\/toskani.com\/ch\/wp-json\/wp\/v2\/media?parent=5561"}],"wp:term":[{"taxonomy":"product_cat","embeddable":true,"href":"https:\/\/toskani.com\/ch\/wp-json\/wp\/v2\/product_cat?post=5561"},{"taxonomy":"product_tag","embeddable":true,"href":"https:\/\/toskani.com\/ch\/wp-json\/wp\/v2\/product_tag?post=5561"}],"curies":[{"name":"wp","href":"https:\/\/api.w.org\/{rel}","templated":true}]}}