{"id":5556,"date":"2023-03-06T16:40:31","date_gmt":"2023-03-06T16:40:31","guid":{"rendered":"https:\/\/toskani.com\/ch\/product\/night-reverse-advanced-serum\/"},"modified":"2024-04-30T12:13:58","modified_gmt":"2024-04-30T12:13:58","slug":"nacht-reverse-advanced-serum","status":"publish","type":"product","link":"https:\/\/toskani.com\/ch\/produkt\/nacht-reverse-advanced-serum\/","title":{"rendered":"Night Reverse advanced Serum"},"content":{"rendered":"<p>Nachtserum auf epigenetischer Basis mit Total Restoring Complex, das die Sch\u00e4den des t\u00e4glichen Stresses r\u00fcckg\u00e4ngig macht und den nat\u00fcrlichen Reparaturmechanismus der Haut aktiviert. Hilft der Haut, Sch\u00e4den zu reparieren, die durch Sonneneinstrahlung, Umweltverschmutzung, Temperaturschwankungen und schlechte Gewohnheiten verursacht wurden. Au\u00dferdem st\u00e4rkt sie die Hautbarriere, um sie vor \u00e4u\u00dferen Einfl\u00fcssen zu sch\u00fctzen, reguliert den zirkadianen Rhythmus f\u00fcr eine ausgeruhte Haut und respektiert das Mikrobiom der Haut.<\/p>\n","protected":false},"excerpt":{"rendered":"<p>Nachtserum auf epigenetischer Basis mit Total Restoring Complex, das die Sch\u00e4den des t\u00e4glichen Stresses r\u00fcckg\u00e4ngig macht und den nat\u00fcrlichen Reparaturmechanismus der Haut aktiviert. Hilft der Haut, Sch\u00e4den zu reparieren, die [&hellip;]<\/p>\n","protected":false},"featured_media":3870,"template":"","meta":[],"product_cat":[127,128,129],"product_tag":[],"class_list":["post-5556","product","type-product","status-publish","has-post-thumbnail","hentry","product_cat-antiedad-de","product_cat-facial-de","product_cat-serums-de"],"acf":[],"aioseo_notices":[],"_links":{"self":[{"href":"https:\/\/toskani.com\/ch\/wp-json\/wp\/v2\/product\/5556","targetHints":{"allow":["GET"]}}],"collection":[{"href":"https:\/\/toskani.com\/ch\/wp-json\/wp\/v2\/product"}],"about":[{"href":"https:\/\/toskani.com\/ch\/wp-json\/wp\/v2\/types\/product"}],"wp:featuredmedia":[{"embeddable":true,"href":"https:\/\/toskani.com\/ch\/wp-json\/wp\/v2\/media\/3870"}],"wp:attachment":[{"href":"https:\/\/toskani.com\/ch\/wp-json\/wp\/v2\/media?parent=5556"}],"wp:term":[{"taxonomy":"product_cat","embeddable":true,"href":"https:\/\/toskani.com\/ch\/wp-json\/wp\/v2\/product_cat?post=5556"},{"taxonomy":"product_tag","embeddable":true,"href":"https:\/\/toskani.com\/ch\/wp-json\/wp\/v2\/product_tag?post=5556"}],"curies":[{"name":"wp","href":"https:\/\/api.w.org\/{rel}","templated":true}]}}