{"id":5551,"date":"2023-03-06T16:55:22","date_gmt":"2023-03-06T16:55:22","guid":{"rendered":"https:\/\/toskani.com\/ch\/product\/sensitive-skin-ampoule\/"},"modified":"2024-04-30T12:12:57","modified_gmt":"2024-04-30T12:12:57","slug":"sensitive-skin-ampoule","status":"publish","type":"product","link":"https:\/\/toskani.com\/ch\/produkt\/sensitive-skin-ampoule\/","title":{"rendered":"Sensitive Ampoule"},"content":{"rendered":"<p>Intensive L\u00f6sung zur t\u00e4glichen Anwendung, die empfindliche oder gereizte Haut beruhigt und sch\u00fctzt. Die mit nat\u00fcrlichen Extrakten und den Vitaminen B5 und C angereicherte Formel hilft, die nat\u00fcrliche Barriere der Haut zu st\u00e4rken und sie vor \u00e4u\u00dferen Einfl\u00fcssen wie K\u00e4lte und Wind zu sch\u00fctzen. Spendet Feuchtigkeit, verbessert die Hauttextur und -elastizit\u00e4t, reduziert die Empfindlichkeit und sorgt f\u00fcr ein beruhigtes Hautgef\u00fchl.<\/p>\n<p>Die Packung enth\u00e4lt 15 Ampullen zu 2 ml.<\/p>\n","protected":false},"excerpt":{"rendered":"<p>Intensive L\u00f6sung zur t\u00e4glichen Anwendung, die empfindliche oder gereizte Haut beruhigt und sch\u00fctzt. Die mit nat\u00fcrlichen Extrakten und den Vitaminen B5 und C angereicherte Formel hilft, die nat\u00fcrliche Barriere der [&hellip;]<\/p>\n","protected":false},"featured_media":3860,"template":"","meta":[],"product_cat":[179,128,203],"product_tag":[],"class_list":["post-5551","product","type-product","status-publish","has-post-thumbnail","hentry","product_cat-ampollas-de","product_cat-facial-de","product_cat-reparar-de"],"acf":[],"aioseo_notices":[],"_links":{"self":[{"href":"https:\/\/toskani.com\/ch\/wp-json\/wp\/v2\/product\/5551","targetHints":{"allow":["GET"]}}],"collection":[{"href":"https:\/\/toskani.com\/ch\/wp-json\/wp\/v2\/product"}],"about":[{"href":"https:\/\/toskani.com\/ch\/wp-json\/wp\/v2\/types\/product"}],"wp:featuredmedia":[{"embeddable":true,"href":"https:\/\/toskani.com\/ch\/wp-json\/wp\/v2\/media\/3860"}],"wp:attachment":[{"href":"https:\/\/toskani.com\/ch\/wp-json\/wp\/v2\/media?parent=5551"}],"wp:term":[{"taxonomy":"product_cat","embeddable":true,"href":"https:\/\/toskani.com\/ch\/wp-json\/wp\/v2\/product_cat?post=5551"},{"taxonomy":"product_tag","embeddable":true,"href":"https:\/\/toskani.com\/ch\/wp-json\/wp\/v2\/product_tag?post=5551"}],"curies":[{"name":"wp","href":"https:\/\/api.w.org\/{rel}","templated":true}]}}