{"id":5531,"date":"2023-03-07T10:06:46","date_gmt":"2023-03-07T10:06:46","guid":{"rendered":"https:\/\/toskani.com\/ch\/product\/a-ox-360-cocktail\/"},"modified":"2025-10-08T11:18:33","modified_gmt":"2025-10-08T11:18:33","slug":"a-ox-360-cocktail","status":"publish","type":"product","link":"https:\/\/toskani.com\/ch\/produkt\/a-ox-360-cocktail\/","title":{"rendered":"A-OX 360 Cocktail"},"content":{"rendered":"<p>Die L\u00f6sung ist reich an Vitamin C, um durch \u00e4u\u00dfere Einfl\u00fcsse verursachte Sch\u00e4den zu beseitigen.<\/p>\n","protected":false},"excerpt":{"rendered":"<p>Die L\u00f6sung ist reich an Vitamin C, um durch \u00e4u\u00dfere Einfl\u00fcsse verursachte Sch\u00e4den zu beseitigen.<\/p>\n","protected":false},"featured_media":3873,"template":"","meta":[],"product_cat":[208,166,128,180],"product_tag":[],"class_list":["post-5531","product","type-product","status-publish","has-post-thumbnail","hentry","product_cat-cocktails-de","product_cat-corporal-de","product_cat-facial-de","product_cat-proteccion-de"],"acf":[],"aioseo_notices":[],"_links":{"self":[{"href":"https:\/\/toskani.com\/ch\/wp-json\/wp\/v2\/product\/5531","targetHints":{"allow":["GET"]}}],"collection":[{"href":"https:\/\/toskani.com\/ch\/wp-json\/wp\/v2\/product"}],"about":[{"href":"https:\/\/toskani.com\/ch\/wp-json\/wp\/v2\/types\/product"}],"wp:featuredmedia":[{"embeddable":true,"href":"https:\/\/toskani.com\/ch\/wp-json\/wp\/v2\/media\/3873"}],"wp:attachment":[{"href":"https:\/\/toskani.com\/ch\/wp-json\/wp\/v2\/media?parent=5531"}],"wp:term":[{"taxonomy":"product_cat","embeddable":true,"href":"https:\/\/toskani.com\/ch\/wp-json\/wp\/v2\/product_cat?post=5531"},{"taxonomy":"product_tag","embeddable":true,"href":"https:\/\/toskani.com\/ch\/wp-json\/wp\/v2\/product_tag?post=5531"}],"curies":[{"name":"wp","href":"https:\/\/api.w.org\/{rel}","templated":true}]}}