{"id":5521,"date":"2023-03-07T10:13:15","date_gmt":"2023-03-07T10:13:15","guid":{"rendered":"https:\/\/toskani.com\/ch\/product\/anticellulite-cocktail\/"},"modified":"2025-10-08T11:17:38","modified_gmt":"2025-10-08T11:17:38","slug":"antizellulitis-cocktail","status":"publish","type":"product","link":"https:\/\/toskani.com\/ch\/produkt\/antizellulitis-cocktail\/","title":{"rendered":"Anticellulite Cocktail"},"content":{"rendered":"<p>Mit nat\u00fcrlichen Extrakten formulierte L\u00f6sung zur Verbesserung des Hautbildes in Bereichen mit ungleichm\u00e4\u00dfigem Relief.<\/p>\n","protected":false},"excerpt":{"rendered":"<p>Mit nat\u00fcrlichen Extrakten formulierte L\u00f6sung zur Verbesserung des Hautbildes in Bereichen mit ungleichm\u00e4\u00dfigem Relief.<\/p>\n","protected":false},"featured_media":3875,"template":"","meta":[],"product_cat":[208,166],"product_tag":[],"class_list":["post-5521","product","type-product","status-publish","has-post-thumbnail","hentry","product_cat-cocktails-de","product_cat-corporal-de"],"acf":[],"aioseo_notices":[],"_links":{"self":[{"href":"https:\/\/toskani.com\/ch\/wp-json\/wp\/v2\/product\/5521","targetHints":{"allow":["GET"]}}],"collection":[{"href":"https:\/\/toskani.com\/ch\/wp-json\/wp\/v2\/product"}],"about":[{"href":"https:\/\/toskani.com\/ch\/wp-json\/wp\/v2\/types\/product"}],"wp:featuredmedia":[{"embeddable":true,"href":"https:\/\/toskani.com\/ch\/wp-json\/wp\/v2\/media\/3875"}],"wp:attachment":[{"href":"https:\/\/toskani.com\/ch\/wp-json\/wp\/v2\/media?parent=5521"}],"wp:term":[{"taxonomy":"product_cat","embeddable":true,"href":"https:\/\/toskani.com\/ch\/wp-json\/wp\/v2\/product_cat?post=5521"},{"taxonomy":"product_tag","embeddable":true,"href":"https:\/\/toskani.com\/ch\/wp-json\/wp\/v2\/product_tag?post=5521"}],"curies":[{"name":"wp","href":"https:\/\/api.w.org\/{rel}","templated":true}]}}