{"id":5511,"date":"2023-03-07T10:18:22","date_gmt":"2023-03-07T10:18:22","guid":{"rendered":"https:\/\/toskani.com\/ch\/product\/localized-cellulite-cocktail\/"},"modified":"2025-10-08T11:16:58","modified_gmt":"2025-10-08T11:16:58","slug":"lokalisierte-zellulitis-cocktail","status":"publish","type":"product","link":"https:\/\/toskani.com\/ch\/produkt\/lokalisierte-zellulitis-cocktail\/","title":{"rendered":"Localized Cellulite Cocktail"},"content":{"rendered":"<p>L\u00f6sung aus nat\u00fcrlichen Extrakten zur Verbesserung des Aussehens von K\u00f6rperbereichen mit lokalem, ungleichm\u00e4\u00dfigem Relief.<\/p>\n","protected":false},"excerpt":{"rendered":"<p>L\u00f6sung aus nat\u00fcrlichen Extrakten zur Verbesserung des Aussehens von K\u00f6rperbereichen mit lokalem, ungleichm\u00e4\u00dfigem Relief.<\/p>\n","protected":false},"featured_media":3877,"template":"","meta":[],"product_cat":[208,166],"product_tag":[],"class_list":["post-5511","product","type-product","status-publish","has-post-thumbnail","hentry","product_cat-cocktails-de","product_cat-corporal-de"],"acf":[],"aioseo_notices":[],"_links":{"self":[{"href":"https:\/\/toskani.com\/ch\/wp-json\/wp\/v2\/product\/5511","targetHints":{"allow":["GET"]}}],"collection":[{"href":"https:\/\/toskani.com\/ch\/wp-json\/wp\/v2\/product"}],"about":[{"href":"https:\/\/toskani.com\/ch\/wp-json\/wp\/v2\/types\/product"}],"wp:featuredmedia":[{"embeddable":true,"href":"https:\/\/toskani.com\/ch\/wp-json\/wp\/v2\/media\/3877"}],"wp:attachment":[{"href":"https:\/\/toskani.com\/ch\/wp-json\/wp\/v2\/media?parent=5511"}],"wp:term":[{"taxonomy":"product_cat","embeddable":true,"href":"https:\/\/toskani.com\/ch\/wp-json\/wp\/v2\/product_cat?post=5511"},{"taxonomy":"product_tag","embeddable":true,"href":"https:\/\/toskani.com\/ch\/wp-json\/wp\/v2\/product_tag?post=5511"}],"curies":[{"name":"wp","href":"https:\/\/api.w.org\/{rel}","templated":true}]}}