{"id":5475,"date":"2023-03-07T10:37:59","date_gmt":"2023-03-07T10:37:59","guid":{"rendered":"https:\/\/toskani.com\/ch\/product\/radiance-cocktail\/"},"modified":"2025-10-08T11:15:48","modified_gmt":"2025-10-08T11:15:48","slug":"ausstrahlung-cocktail","status":"publish","type":"product","link":"https:\/\/toskani.com\/ch\/produkt\/ausstrahlung-cocktail\/","title":{"rendered":"Radiance Cocktail"},"content":{"rendered":"<p>L\u00f6sung mit korrigierender Wirkung zum Ausgleich von ungleichm\u00e4\u00dfigem Hautton.<\/p>\n","protected":false},"excerpt":{"rendered":"<p>L\u00f6sung mit korrigierender Wirkung zum Ausgleich von ungleichm\u00e4\u00dfigem Hautton.<\/p>\n","protected":false},"featured_media":3880,"template":"","meta":[],"product_cat":[208,166,153,128],"product_tag":[],"class_list":["post-5475","product","type-product","status-publish","has-post-thumbnail","hentry","product_cat-cocktails-de","product_cat-corporal-de","product_cat-despigmentacion-de","product_cat-facial-de"],"acf":[],"aioseo_notices":[],"_links":{"self":[{"href":"https:\/\/toskani.com\/ch\/wp-json\/wp\/v2\/product\/5475","targetHints":{"allow":["GET"]}}],"collection":[{"href":"https:\/\/toskani.com\/ch\/wp-json\/wp\/v2\/product"}],"about":[{"href":"https:\/\/toskani.com\/ch\/wp-json\/wp\/v2\/types\/product"}],"wp:featuredmedia":[{"embeddable":true,"href":"https:\/\/toskani.com\/ch\/wp-json\/wp\/v2\/media\/3880"}],"wp:attachment":[{"href":"https:\/\/toskani.com\/ch\/wp-json\/wp\/v2\/media?parent=5475"}],"wp:term":[{"taxonomy":"product_cat","embeddable":true,"href":"https:\/\/toskani.com\/ch\/wp-json\/wp\/v2\/product_cat?post=5475"},{"taxonomy":"product_tag","embeddable":true,"href":"https:\/\/toskani.com\/ch\/wp-json\/wp\/v2\/product_tag?post=5475"}],"curies":[{"name":"wp","href":"https:\/\/api.w.org\/{rel}","templated":true}]}}