{"id":5470,"date":"2023-03-07T10:41:58","date_gmt":"2023-03-07T10:41:58","guid":{"rendered":"https:\/\/toskani.com\/ch\/product\/regenerating-cocktail\/"},"modified":"2025-10-08T11:15:19","modified_gmt":"2025-10-08T11:15:19","slug":"regenerations-cocktail","status":"publish","type":"product","link":"https:\/\/toskani.com\/ch\/produkt\/regenerations-cocktail\/","title":{"rendered":"Regenerating Cocktail"},"content":{"rendered":"<p>Kollagen- und elastinreiche L\u00f6sung zur Hautreparatur. Verleiht der Haut Elastizit\u00e4t, Geschmeidigkeit und Gl\u00e4tte.<\/p>\n","protected":false},"excerpt":{"rendered":"<p>Kollagen- und elastinreiche L\u00f6sung zur Hautreparatur. Verleiht der Haut Elastizit\u00e4t, Geschmeidigkeit und Gl\u00e4tte.<\/p>\n","protected":false},"featured_media":3881,"template":"","meta":[],"product_cat":[208,166,128,203],"product_tag":[],"class_list":["post-5470","product","type-product","status-publish","has-post-thumbnail","hentry","product_cat-cocktails-de","product_cat-corporal-de","product_cat-facial-de","product_cat-reparar-de"],"acf":[],"aioseo_notices":[],"_links":{"self":[{"href":"https:\/\/toskani.com\/ch\/wp-json\/wp\/v2\/product\/5470","targetHints":{"allow":["GET"]}}],"collection":[{"href":"https:\/\/toskani.com\/ch\/wp-json\/wp\/v2\/product"}],"about":[{"href":"https:\/\/toskani.com\/ch\/wp-json\/wp\/v2\/types\/product"}],"wp:featuredmedia":[{"embeddable":true,"href":"https:\/\/toskani.com\/ch\/wp-json\/wp\/v2\/media\/3881"}],"wp:attachment":[{"href":"https:\/\/toskani.com\/ch\/wp-json\/wp\/v2\/media?parent=5470"}],"wp:term":[{"taxonomy":"product_cat","embeddable":true,"href":"https:\/\/toskani.com\/ch\/wp-json\/wp\/v2\/product_cat?post=5470"},{"taxonomy":"product_tag","embeddable":true,"href":"https:\/\/toskani.com\/ch\/wp-json\/wp\/v2\/product_tag?post=5470"}],"curies":[{"name":"wp","href":"https:\/\/api.w.org\/{rel}","templated":true}]}}