{"id":5282,"date":"2023-03-07T11:18:04","date_gmt":"2023-03-07T11:18:04","guid":{"rendered":"https:\/\/toskani.com\/ch\/product\/energizing-cleanser\/"},"modified":"2024-01-02T09:31:14","modified_gmt":"2024-01-02T09:31:14","slug":"energie-reinigungsmittel","status":"publish","type":"product","link":"https:\/\/toskani.com\/ch\/produkt\/energie-reinigungsmittel\/","title":{"rendered":"Energizing cleanser"},"content":{"rendered":"<p>Aktivierendes Gesichtsreinigungsgel mit revitalisierender Wirkung, das ein Gef\u00fchl von Frische vermittelt. Reinigt, entschlackt und tonisiert die Haut,<span class=\"Apple-converted-space\">  <\/span>die Absorption der anschlie\u00dfend aufgetragenen kosmetischen Produkte beg\u00fcnstigt. Die Gelformel entfernt Schmutz, Staub, \u00fcbersch\u00fcssiges Fett und abgestorbene Hautzellen, ohne die Haut anzugreifen und ihren Hydrolipidfilm zu bewahren.<\/p>\n","protected":false},"excerpt":{"rendered":"<p>Aktivierendes Gesichtsreinigungsgel mit revitalisierender Wirkung, das ein Gef\u00fchl von Frische vermittelt. Reinigt, entschlackt und tonisiert die Haut, die Absorption der anschlie\u00dfend aufgetragenen kosmetischen Produkte beg\u00fcnstigt. Die Gelformel entfernt Schmutz, Staub, [&hellip;]<\/p>\n","protected":false},"featured_media":3888,"template":"","meta":[],"product_cat":[189,128,190],"product_tag":[],"class_list":["post-5282","product","type-product","status-publish","has-post-thumbnail","hentry","product_cat-cleanser-de","product_cat-facial-de","product_cat-higiene-de"],"acf":[],"aioseo_notices":[],"_links":{"self":[{"href":"https:\/\/toskani.com\/ch\/wp-json\/wp\/v2\/product\/5282","targetHints":{"allow":["GET"]}}],"collection":[{"href":"https:\/\/toskani.com\/ch\/wp-json\/wp\/v2\/product"}],"about":[{"href":"https:\/\/toskani.com\/ch\/wp-json\/wp\/v2\/types\/product"}],"wp:featuredmedia":[{"embeddable":true,"href":"https:\/\/toskani.com\/ch\/wp-json\/wp\/v2\/media\/3888"}],"wp:attachment":[{"href":"https:\/\/toskani.com\/ch\/wp-json\/wp\/v2\/media?parent=5282"}],"wp:term":[{"taxonomy":"product_cat","embeddable":true,"href":"https:\/\/toskani.com\/ch\/wp-json\/wp\/v2\/product_cat?post=5282"},{"taxonomy":"product_tag","embeddable":true,"href":"https:\/\/toskani.com\/ch\/wp-json\/wp\/v2\/product_tag?post=5282"}],"curies":[{"name":"wp","href":"https:\/\/api.w.org\/{rel}","templated":true}]}}