{"id":5267,"date":"2023-05-17T10:42:16","date_gmt":"2023-05-17T10:42:16","guid":{"rendered":"https:\/\/toskani.com\/ch\/product\/asiacen\/"},"modified":"2024-04-30T11:44:42","modified_gmt":"2024-04-30T11:44:42","slug":"asiacen","status":"publish","type":"product","link":"https:\/\/toskani.com\/ch\/produkt\/asiacen\/","title":{"rendered":"Asiacen"},"content":{"rendered":"<p>Einzeldosis-Ampullen auf der Basis von Hedera-, Fucus- und Centella Asiatica-Extrakten, die eine entw\u00e4ssernde Wirkung haben.<\/p>\n<p>Die Packung enth\u00e4lt 20 Ampullen \u00e0 2 ml.<\/p>\n","protected":false},"excerpt":{"rendered":"<p>Einzeldosis-Ampullen auf der Basis von Hedera-, Fucus- und Centella Asiatica-Extrakten, die eine entw\u00e4ssernde Wirkung haben. Die Packung enth\u00e4lt 20 Ampullen \u00e0 2 ml.<\/p>\n","protected":false},"featured_media":3929,"template":"","meta":[],"product_cat":[179,127,166],"product_tag":[],"class_list":["post-5267","product","type-product","status-publish","has-post-thumbnail","hentry","product_cat-ampollas-de","product_cat-antiedad-de","product_cat-corporal-de"],"acf":[],"aioseo_notices":[],"_links":{"self":[{"href":"https:\/\/toskani.com\/ch\/wp-json\/wp\/v2\/product\/5267","targetHints":{"allow":["GET"]}}],"collection":[{"href":"https:\/\/toskani.com\/ch\/wp-json\/wp\/v2\/product"}],"about":[{"href":"https:\/\/toskani.com\/ch\/wp-json\/wp\/v2\/types\/product"}],"wp:featuredmedia":[{"embeddable":true,"href":"https:\/\/toskani.com\/ch\/wp-json\/wp\/v2\/media\/3929"}],"wp:attachment":[{"href":"https:\/\/toskani.com\/ch\/wp-json\/wp\/v2\/media?parent=5267"}],"wp:term":[{"taxonomy":"product_cat","embeddable":true,"href":"https:\/\/toskani.com\/ch\/wp-json\/wp\/v2\/product_cat?post=5267"},{"taxonomy":"product_tag","embeddable":true,"href":"https:\/\/toskani.com\/ch\/wp-json\/wp\/v2\/product_tag?post=5267"}],"curies":[{"name":"wp","href":"https:\/\/api.w.org\/{rel}","templated":true}]}}