{"id":5145,"date":"2023-05-17T11:14:20","date_gmt":"2023-05-17T11:14:20","guid":{"rendered":"https:\/\/toskani.com\/ch\/product\/ascormax\/"},"modified":"2024-01-02T09:29:52","modified_gmt":"2024-01-02T09:29:52","slug":"ascormax","status":"publish","type":"product","link":"https:\/\/toskani.com\/ch\/produkt\/ascormax\/","title":{"rendered":"Ascormax"},"content":{"rendered":"<p class=\"p1\">Ascormax ist eine von TOSKANI entwickelte Ascorbins\u00e4ure (Vitamin C)-L\u00f6sung mit starker antioxidativer Wirkung, die die Sch\u00e4digung der Haut durch freie Radikale vermindert.<\/p>\n<p class=\"p1\"><span class=\"s1\">Die Packung enth\u00e4lt 5 Fl\u00e4schchen \u00e0 5 ml.  <\/span><\/p>\n","protected":false},"excerpt":{"rendered":"<p>Ascormax ist eine von TOSKANI entwickelte Ascorbins\u00e4ure (Vitamin C)-L\u00f6sung mit starker antioxidativer Wirkung, die die Sch\u00e4digung der Haut durch freie Radikale vermindert. Die Packung enth\u00e4lt 5 Fl\u00e4schchen \u00e0 5 ml.<\/p>\n","protected":false},"featured_media":3935,"template":"","meta":[],"product_cat":[179,128,180],"product_tag":[],"class_list":["post-5145","product","type-product","status-publish","has-post-thumbnail","hentry","product_cat-ampollas-de","product_cat-facial-de","product_cat-proteccion-de"],"acf":[],"aioseo_notices":[],"_links":{"self":[{"href":"https:\/\/toskani.com\/ch\/wp-json\/wp\/v2\/product\/5145","targetHints":{"allow":["GET"]}}],"collection":[{"href":"https:\/\/toskani.com\/ch\/wp-json\/wp\/v2\/product"}],"about":[{"href":"https:\/\/toskani.com\/ch\/wp-json\/wp\/v2\/types\/product"}],"wp:featuredmedia":[{"embeddable":true,"href":"https:\/\/toskani.com\/ch\/wp-json\/wp\/v2\/media\/3935"}],"wp:attachment":[{"href":"https:\/\/toskani.com\/ch\/wp-json\/wp\/v2\/media?parent=5145"}],"wp:term":[{"taxonomy":"product_cat","embeddable":true,"href":"https:\/\/toskani.com\/ch\/wp-json\/wp\/v2\/product_cat?post=5145"},{"taxonomy":"product_tag","embeddable":true,"href":"https:\/\/toskani.com\/ch\/wp-json\/wp\/v2\/product_tag?post=5145"}],"curies":[{"name":"wp","href":"https:\/\/api.w.org\/{rel}","templated":true}]}}