{"id":5016,"date":"2023-05-17T11:42:14","date_gmt":"2023-05-17T11:42:14","guid":{"rendered":"https:\/\/toskani.com\/ch\/product\/glycomax\/"},"modified":"2024-01-02T09:29:51","modified_gmt":"2024-01-02T09:29:51","slug":"glycomax","status":"publish","type":"product","link":"https:\/\/toskani.com\/ch\/produkt\/glycomax\/","title":{"rendered":"Glycomax"},"content":{"rendered":"<p>Einzeldosis-Ampullen mit 1% Glykols\u00e4ure f\u00fcr ein oberfl\u00e4chliches Peeling, das f\u00fcr alle Hauttypen geeignet ist. Es sorgt f\u00fcr ein sanftes Peeling, bei dem nach und nach feine Sch\u00fcppchen abgestorbener Hautzellen von der \u00e4u\u00dfersten Hautschicht entfernt werden. Stimuliert die Zellerneuerung, verbessert die Feuchtigkeitsversorgung und verleiht der Haut ein jugendlicheres Aussehen.<span class=\"Apple-converted-space\"> <\/span><\/p>\n<p>Die Packung enth\u00e4lt 20 Ampullen \u00e0 2 ml.<\/p>\n","protected":false},"excerpt":{"rendered":"<p>Einzeldosis-Ampullen mit 1% Glykols\u00e4ure f\u00fcr ein oberfl\u00e4chliches Peeling, das f\u00fcr alle Hauttypen geeignet ist. Es sorgt f\u00fcr ein sanftes Peeling, bei dem nach und nach feine Sch\u00fcppchen abgestorbener Hautzellen von [&hellip;]<\/p>\n","protected":false},"featured_media":3940,"template":"","meta":[],"product_cat":[179,127,128],"product_tag":[],"class_list":["post-5016","product","type-product","status-publish","has-post-thumbnail","hentry","product_cat-ampollas-de","product_cat-antiedad-de","product_cat-facial-de"],"acf":[],"aioseo_notices":[],"_links":{"self":[{"href":"https:\/\/toskani.com\/ch\/wp-json\/wp\/v2\/product\/5016","targetHints":{"allow":["GET"]}}],"collection":[{"href":"https:\/\/toskani.com\/ch\/wp-json\/wp\/v2\/product"}],"about":[{"href":"https:\/\/toskani.com\/ch\/wp-json\/wp\/v2\/types\/product"}],"wp:featuredmedia":[{"embeddable":true,"href":"https:\/\/toskani.com\/ch\/wp-json\/wp\/v2\/media\/3940"}],"wp:attachment":[{"href":"https:\/\/toskani.com\/ch\/wp-json\/wp\/v2\/media?parent=5016"}],"wp:term":[{"taxonomy":"product_cat","embeddable":true,"href":"https:\/\/toskani.com\/ch\/wp-json\/wp\/v2\/product_cat?post=5016"},{"taxonomy":"product_tag","embeddable":true,"href":"https:\/\/toskani.com\/ch\/wp-json\/wp\/v2\/product_tag?post=5016"}],"curies":[{"name":"wp","href":"https:\/\/api.w.org\/{rel}","templated":true}]}}