{"id":5008,"date":"2023-05-17T11:43:51","date_gmt":"2023-05-17T11:43:51","guid":{"rendered":"https:\/\/toskani.com\/ch\/product\/gybilon\/"},"modified":"2024-01-02T09:29:48","modified_gmt":"2024-01-02T09:29:48","slug":"gybilon","status":"publish","type":"product","link":"https:\/\/toskani.com\/ch\/produkt\/gybilon\/","title":{"rendered":"Gybilon"},"content":{"rendered":"<p>Einzeldosis-Ampullen mit <i>Ginkgo biloba-Extrakt<\/i> zur Verbesserung der Kapillarfragilit\u00e4t, zur Linderung von Hautreizungen und -r\u00f6tungen. ok, aber wo mit Eigenschaften des Wirkstoffs.<\/p>\n<p>Die Packung enth\u00e4lt 20 Ampullen \u00e0 2 ml.<\/p>\n","protected":false},"excerpt":{"rendered":"<p>Einzeldosis-Ampullen mit Ginkgo biloba-Extrakt zur Verbesserung der Kapillarfragilit\u00e4t, zur Linderung von Hautreizungen und -r\u00f6tungen. ok, aber wo mit Eigenschaften des Wirkstoffs. Die Packung enth\u00e4lt 20 Ampullen \u00e0 2 ml.<\/p>\n","protected":false},"featured_media":3941,"template":"","meta":[],"product_cat":[179,165],"product_tag":[],"class_list":["post-5008","product","type-product","status-publish","has-post-thumbnail","hentry","product_cat-ampollas-de","product_cat-capilar-de"],"acf":[],"aioseo_notices":[],"_links":{"self":[{"href":"https:\/\/toskani.com\/ch\/wp-json\/wp\/v2\/product\/5008","targetHints":{"allow":["GET"]}}],"collection":[{"href":"https:\/\/toskani.com\/ch\/wp-json\/wp\/v2\/product"}],"about":[{"href":"https:\/\/toskani.com\/ch\/wp-json\/wp\/v2\/types\/product"}],"wp:featuredmedia":[{"embeddable":true,"href":"https:\/\/toskani.com\/ch\/wp-json\/wp\/v2\/media\/3941"}],"wp:attachment":[{"href":"https:\/\/toskani.com\/ch\/wp-json\/wp\/v2\/media?parent=5008"}],"wp:term":[{"taxonomy":"product_cat","embeddable":true,"href":"https:\/\/toskani.com\/ch\/wp-json\/wp\/v2\/product_cat?post=5008"},{"taxonomy":"product_tag","embeddable":true,"href":"https:\/\/toskani.com\/ch\/wp-json\/wp\/v2\/product_tag?post=5008"}],"curies":[{"name":"wp","href":"https:\/\/api.w.org\/{rel}","templated":true}]}}