{"id":5000,"date":"2023-05-17T11:45:23","date_gmt":"2023-05-17T11:45:23","guid":{"rendered":"https:\/\/toskani.com\/ch\/product\/hyaluron-1\/"},"modified":"2024-01-02T09:25:30","modified_gmt":"2024-01-02T09:25:30","slug":"hyaluron-1","status":"publish","type":"product","link":"https:\/\/toskani.com\/ch\/produkt\/hyaluron-1\/","title":{"rendered":"Hyaluron 1"},"content":{"rendered":"<p>L\u00f6sung mit 1% Hyalurons\u00e4ure f\u00fcr einen feuchtigkeitsspendenden, revitalisierenden und Anti-Aging-Effekt.<\/p>\n<p>Hyalurons\u00e4ure ist eine nat\u00fcrliche Substanz in der Haut, die dank ihrer hohen Wasserbindungskapazit\u00e4t, die bis zum Tausendfachen ihres Molekulargewichts betr\u00e4gt, eine gro\u00dfe feuchtigkeitsspendende Wirkung hat. Es stimuliert die Kollagensynthese, verleiht der Haut Elastizit\u00e4t und beugt Faltenbildung vor.<span class=\"Apple-converted-space\"> <\/span><\/p>\n","protected":false},"excerpt":{"rendered":"<p>L\u00f6sung mit 1% Hyalurons\u00e4ure f\u00fcr einen feuchtigkeitsspendenden, revitalisierenden und Anti-Aging-Effekt. Hyalurons\u00e4ure ist eine nat\u00fcrliche Substanz in der Haut, die dank ihrer hohen Wasserbindungskapazit\u00e4t, die bis zum Tausendfachen ihres Molekulargewichts betr\u00e4gt, [&hellip;]<\/p>\n","protected":false},"featured_media":3942,"template":"","meta":[],"product_cat":[179,127,128],"product_tag":[],"class_list":["post-5000","product","type-product","status-publish","has-post-thumbnail","hentry","product_cat-ampollas-de","product_cat-antiedad-de","product_cat-facial-de"],"acf":[],"aioseo_notices":[],"_links":{"self":[{"href":"https:\/\/toskani.com\/ch\/wp-json\/wp\/v2\/product\/5000","targetHints":{"allow":["GET"]}}],"collection":[{"href":"https:\/\/toskani.com\/ch\/wp-json\/wp\/v2\/product"}],"about":[{"href":"https:\/\/toskani.com\/ch\/wp-json\/wp\/v2\/types\/product"}],"wp:featuredmedia":[{"embeddable":true,"href":"https:\/\/toskani.com\/ch\/wp-json\/wp\/v2\/media\/3942"}],"wp:attachment":[{"href":"https:\/\/toskani.com\/ch\/wp-json\/wp\/v2\/media?parent=5000"}],"wp:term":[{"taxonomy":"product_cat","embeddable":true,"href":"https:\/\/toskani.com\/ch\/wp-json\/wp\/v2\/product_cat?post=5000"},{"taxonomy":"product_tag","embeddable":true,"href":"https:\/\/toskani.com\/ch\/wp-json\/wp\/v2\/product_tag?post=5000"}],"curies":[{"name":"wp","href":"https:\/\/api.w.org\/{rel}","templated":true}]}}