{"id":4898,"date":"2023-05-17T12:01:28","date_gmt":"2023-05-17T12:01:28","guid":{"rendered":"https:\/\/toskani.com\/ch\/product\/lumicen-gel\/"},"modified":"2024-01-02T09:25:24","modified_gmt":"2024-01-02T09:25:24","slug":"lumicen-gel","status":"publish","type":"product","link":"https:\/\/toskani.com\/ch\/produkt\/lumicen-gel\/","title":{"rendered":"Lumicen Gel"},"content":{"rendered":"<p>Feuchtigkeitsspendende L\u00f6sung auf Basis von hochpolymerisierter Natrium-DNA. Mit antioxidativer Wirkung.  <span class=\"Apple-converted-space\"> <\/span><\/p>\n<p>Natrium-DNA erh\u00f6ht die k\u00f6rpereigene Hyalurons\u00e4ure-Synthese und wirkt dem durch Sonne, Tabak und oxidativen Stress verursachten Kollagenabbau entgegen. Das Ergebnis ist eine regenerierte, hydrierte und elastische Haut.<\/p>\n","protected":false},"excerpt":{"rendered":"<p>Feuchtigkeitsspendende L\u00f6sung auf Basis von hochpolymerisierter Natrium-DNA. Mit antioxidativer Wirkung. Natrium-DNA erh\u00f6ht die k\u00f6rpereigene Hyalurons\u00e4ure-Synthese und wirkt dem durch Sonne, Tabak und oxidativen Stress verursachten Kollagenabbau entgegen. Das Ergebnis ist [&hellip;]<\/p>\n","protected":false},"featured_media":3964,"template":"","meta":[],"product_cat":[179,127,128],"product_tag":[],"class_list":["post-4898","product","type-product","status-publish","has-post-thumbnail","hentry","product_cat-ampollas-de","product_cat-antiedad-de","product_cat-facial-de"],"acf":[],"aioseo_notices":[],"_links":{"self":[{"href":"https:\/\/toskani.com\/ch\/wp-json\/wp\/v2\/product\/4898","targetHints":{"allow":["GET"]}}],"collection":[{"href":"https:\/\/toskani.com\/ch\/wp-json\/wp\/v2\/product"}],"about":[{"href":"https:\/\/toskani.com\/ch\/wp-json\/wp\/v2\/types\/product"}],"wp:featuredmedia":[{"embeddable":true,"href":"https:\/\/toskani.com\/ch\/wp-json\/wp\/v2\/media\/3964"}],"wp:attachment":[{"href":"https:\/\/toskani.com\/ch\/wp-json\/wp\/v2\/media?parent=4898"}],"wp:term":[{"taxonomy":"product_cat","embeddable":true,"href":"https:\/\/toskani.com\/ch\/wp-json\/wp\/v2\/product_cat?post=4898"},{"taxonomy":"product_tag","embeddable":true,"href":"https:\/\/toskani.com\/ch\/wp-json\/wp\/v2\/product_tag?post=4898"}],"curies":[{"name":"wp","href":"https:\/\/api.w.org\/{rel}","templated":true}]}}