{"id":4890,"date":"2023-05-17T12:02:53","date_gmt":"2023-05-17T12:02:53","guid":{"rendered":"https:\/\/toskani.com\/ch\/product\/lumicen\/"},"modified":"2024-01-02T09:25:21","modified_gmt":"2024-01-02T09:25:21","slug":"lumicen","status":"publish","type":"product","link":"https:\/\/toskani.com\/ch\/produkt\/lumicen\/","title":{"rendered":"Lumicen"},"content":{"rendered":"<p>Einzeldosis-Ampullen mit Natrium-DNA mit starker feuchtigkeitsspendender und antioxidativer Wirkung.<\/p>\n<p>Natrium-DNA erh\u00f6ht die k\u00f6rpereigene Hyalurons\u00e4ure-Synthese und wirkt dem durch Sonne, Tabak und oxidativen Stress verursachten Kollagenabbau entgegen. Das Ergebnis ist eine regenerierte, hydrierte und elastische Haut.<span class=\"Apple-converted-space\"> <\/span><\/p>\n<p>Die Packung enth\u00e4lt 20 Ampullen \u00e0 2 ml.<span class=\"Apple-converted-space\"> <\/span><\/p>\n","protected":false},"excerpt":{"rendered":"<p>Einzeldosis-Ampullen mit Natrium-DNA mit starker feuchtigkeitsspendender und antioxidativer Wirkung. Natrium-DNA erh\u00f6ht die k\u00f6rpereigene Hyalurons\u00e4ure-Synthese und wirkt dem durch Sonne, Tabak und oxidativen Stress verursachten Kollagenabbau entgegen. Das Ergebnis ist eine [&hellip;]<\/p>\n","protected":false},"featured_media":3949,"template":"","meta":[],"product_cat":[179,127,128],"product_tag":[],"class_list":["post-4890","product","type-product","status-publish","has-post-thumbnail","hentry","product_cat-ampollas-de","product_cat-antiedad-de","product_cat-facial-de"],"acf":[],"aioseo_notices":[],"_links":{"self":[{"href":"https:\/\/toskani.com\/ch\/wp-json\/wp\/v2\/product\/4890","targetHints":{"allow":["GET"]}}],"collection":[{"href":"https:\/\/toskani.com\/ch\/wp-json\/wp\/v2\/product"}],"about":[{"href":"https:\/\/toskani.com\/ch\/wp-json\/wp\/v2\/types\/product"}],"wp:featuredmedia":[{"embeddable":true,"href":"https:\/\/toskani.com\/ch\/wp-json\/wp\/v2\/media\/3949"}],"wp:attachment":[{"href":"https:\/\/toskani.com\/ch\/wp-json\/wp\/v2\/media?parent=4890"}],"wp:term":[{"taxonomy":"product_cat","embeddable":true,"href":"https:\/\/toskani.com\/ch\/wp-json\/wp\/v2\/product_cat?post=4890"},{"taxonomy":"product_tag","embeddable":true,"href":"https:\/\/toskani.com\/ch\/wp-json\/wp\/v2\/product_tag?post=4890"}],"curies":[{"name":"wp","href":"https:\/\/api.w.org\/{rel}","templated":true}]}}