{"id":4874,"date":"2023-05-17T12:06:19","date_gmt":"2023-05-17T12:06:19","guid":{"rendered":"https:\/\/toskani.com\/ch\/product\/phosphocol\/"},"modified":"2024-04-30T12:00:18","modified_gmt":"2024-04-30T12:00:18","slug":"phosphokol","status":"publish","type":"product","link":"https:\/\/toskani.com\/ch\/produkt\/phosphokol\/","title":{"rendered":"Phosphocol"},"content":{"rendered":"<p>Einzeldosis-Ampullen mit schlankmachender und modellierender Wirkung zur Anwendung an bestimmten Stellen. Seine Zusammensetzung basiert auf Phosphatidylcholin und Natriumdeoxycholat. Es ist eine sehr effektive L\u00f6sung, vor allem f\u00fcr Bereiche wie R\u00fccken, Arme, Bauch und Fettpolster.<\/p>\n<p>Die Packung enth\u00e4lt 20 Ampullen zu 5 ml.<\/p>\n","protected":false},"excerpt":{"rendered":"<p>Einzeldosis-Ampullen mit schlankmachender und modellierender Wirkung zur Anwendung an bestimmten Stellen. Seine Zusammensetzung basiert auf Phosphatidylcholin und Natriumdeoxycholat. Es ist eine sehr effektive L\u00f6sung, vor allem f\u00fcr Bereiche wie R\u00fccken, [&hellip;]<\/p>\n","protected":false},"featured_media":3951,"template":"","meta":[],"product_cat":[179,166],"product_tag":[],"class_list":["post-4874","product","type-product","status-publish","has-post-thumbnail","hentry","product_cat-ampollas-de","product_cat-corporal-de"],"acf":[],"aioseo_notices":[],"_links":{"self":[{"href":"https:\/\/toskani.com\/ch\/wp-json\/wp\/v2\/product\/4874","targetHints":{"allow":["GET"]}}],"collection":[{"href":"https:\/\/toskani.com\/ch\/wp-json\/wp\/v2\/product"}],"about":[{"href":"https:\/\/toskani.com\/ch\/wp-json\/wp\/v2\/types\/product"}],"wp:featuredmedia":[{"embeddable":true,"href":"https:\/\/toskani.com\/ch\/wp-json\/wp\/v2\/media\/3951"}],"wp:attachment":[{"href":"https:\/\/toskani.com\/ch\/wp-json\/wp\/v2\/media?parent=4874"}],"wp:term":[{"taxonomy":"product_cat","embeddable":true,"href":"https:\/\/toskani.com\/ch\/wp-json\/wp\/v2\/product_cat?post=4874"},{"taxonomy":"product_tag","embeddable":true,"href":"https:\/\/toskani.com\/ch\/wp-json\/wp\/v2\/product_tag?post=4874"}],"curies":[{"name":"wp","href":"https:\/\/api.w.org\/{rel}","templated":true}]}}