{"id":4745,"date":"2023-06-21T11:03:42","date_gmt":"2023-06-21T11:03:42","guid":{"rendered":"https:\/\/toskani.com\/ch\/product\/mesojectgun\/"},"modified":"2024-01-02T09:25:17","modified_gmt":"2024-01-02T09:25:17","slug":"mesojectgun","status":"publish","type":"product","link":"https:\/\/toskani.com\/ch\/produkt\/mesojectgun\/","title":{"rendered":"MESOJECTGUN"},"content":{"rendered":"<p class=\"p1\"><span class=\"s1\">Ger\u00e4t f\u00fcr nadelfreie transdermale Therapiebehandlungen.<\/span><\/p>\n<ul>\n<li class=\"p1\"><span class=\"s1\">Pulse Booster Technology: Elektrostimulation + Mikroabrasion.<\/span><\/li>\n<li class=\"p1\">V\u00f6llig pr\u00e4zise und schmerzlose Technik, ohne Nadeln.<\/li>\n<li class=\"p1\">Leicht und einfach zu bedienen.<\/li>\n<li class=\"p1\">Breites Angebot an Behandlungen: Gesicht, K\u00f6rper und Haare.<\/li>\n<\/ul>\n<p class=\"p1\"><strong><br \/>\n  <span class=\"s1\">Pulse Booster-Technologie: <\/span><br \/>\n<\/strong><span class=\"s1\">Die innovative Pulse Booster-Technologie kombiniert die Elektrostimulation der Haut mit der Mikroabrasion, um eine pr\u00e4zise und sichere Zuf\u00fchrung der Mesotherapie-Wirkstoffe zu erreichen.<\/span><\/p>\n<p class=\"p1\"><strong><br \/>\n  <span class=\"s1\">Elektrostimulation der Haut: <\/span><br \/>\n<\/strong><span class=\"s1\">Nicht-invasive Verabreichung von Wirkstoffen durch perfekte Rechteckwellen mit niedriger Frequenz und niedriger Spannung.<\/span><\/p>\n<p class=\"p1\"><strong><br \/>\n  <span class=\"s1\">Mikroabrasion: <\/span><br \/>\n<\/strong><span class=\"s1\">Dank der Mikroprotrusionen auf den K\u00f6pfen erreichen wir eine oberfl\u00e4chliche Abschabung der Hornhautschicht, um das Eindringen der Wirkstoffe und eine gleichm\u00e4\u00dfige Verteilung der angelegten Spannung zu beg\u00fcnstigen.<\/span><\/p>\n","protected":false},"excerpt":{"rendered":"<p>Ger\u00e4t f\u00fcr nadelfreie transdermale Therapiebehandlungen. Pulse Booster Technology: Elektrostimulation + Mikroabrasion. V\u00f6llig pr\u00e4zise und schmerzlose Technik, ohne Nadeln. Leicht und einfach zu bedienen. Breites Angebot an Behandlungen: Gesicht, K\u00f6rper und [&hellip;]<\/p>\n","protected":false},"featured_media":4014,"template":"","meta":[],"product_cat":[165,166,167,128],"product_tag":[],"class_list":["post-4745","product","type-product","status-publish","has-post-thumbnail","hentry","product_cat-capilar-de","product_cat-corporal-de","product_cat-dispositivo-de","product_cat-facial-de"],"acf":[],"aioseo_notices":[],"_links":{"self":[{"href":"https:\/\/toskani.com\/ch\/wp-json\/wp\/v2\/product\/4745","targetHints":{"allow":["GET"]}}],"collection":[{"href":"https:\/\/toskani.com\/ch\/wp-json\/wp\/v2\/product"}],"about":[{"href":"https:\/\/toskani.com\/ch\/wp-json\/wp\/v2\/types\/product"}],"wp:featuredmedia":[{"embeddable":true,"href":"https:\/\/toskani.com\/ch\/wp-json\/wp\/v2\/media\/4014"}],"wp:attachment":[{"href":"https:\/\/toskani.com\/ch\/wp-json\/wp\/v2\/media?parent=4745"}],"wp:term":[{"taxonomy":"product_cat","embeddable":true,"href":"https:\/\/toskani.com\/ch\/wp-json\/wp\/v2\/product_cat?post=4745"},{"taxonomy":"product_tag","embeddable":true,"href":"https:\/\/toskani.com\/ch\/wp-json\/wp\/v2\/product_tag?post=4745"}],"curies":[{"name":"wp","href":"https:\/\/api.w.org\/{rel}","templated":true}]}}