{"id":4737,"date":"2023-06-21T13:59:59","date_gmt":"2023-06-21T13:59:59","guid":{"rendered":"https:\/\/toskani.com\/ch\/product\/purifying-cream\/"},"modified":"2024-04-30T11:59:21","modified_gmt":"2024-04-30T11:59:21","slug":"entschlackungs-creme","status":"publish","type":"product","link":"https:\/\/toskani.com\/ch\/produkt\/entschlackungs-creme\/","title":{"rendered":"Purifying Cream"},"content":{"rendered":"<p class=\"p1\"><span class=\"s1\">Die Produkte der Purifying-Serie sind \u00f6lfrei und haben eine leichte Textur. <\/span><span class=\"s1\">die Aknel\u00e4sionen zu kontrollieren und zuk\u00fcnftigen L\u00e4sionen vorzubeugen, w\u00e4hrend gleichzeitig die Hautreizung reduziert und die Heilung beschleunigt wird. Empfohlen f\u00fcr zu Akne und Pickelbildung neigende Haut <\/span><span class=\"s1\">und Pickel.<\/span><\/p>\n<p class=\"p7\">\n","protected":false},"excerpt":{"rendered":"<p>Die Produkte der Purifying-Serie sind \u00f6lfrei und haben eine leichte Textur. die Aknel\u00e4sionen zu kontrollieren und zuk\u00fcnftigen L\u00e4sionen vorzubeugen, w\u00e4hrend gleichzeitig die Hautreizung reduziert und die Heilung beschleunigt wird. Empfohlen [&hellip;]<\/p>\n","protected":false},"featured_media":4010,"template":"","meta":[],"product_cat":[158,143,128],"product_tag":[],"class_list":["post-4737","product","type-product","status-publish","has-post-thumbnail","hentry","product_cat-anti-acne-de","product_cat-cremas-de","product_cat-facial-de"],"acf":[],"aioseo_notices":[],"_links":{"self":[{"href":"https:\/\/toskani.com\/ch\/wp-json\/wp\/v2\/product\/4737","targetHints":{"allow":["GET"]}}],"collection":[{"href":"https:\/\/toskani.com\/ch\/wp-json\/wp\/v2\/product"}],"about":[{"href":"https:\/\/toskani.com\/ch\/wp-json\/wp\/v2\/types\/product"}],"wp:featuredmedia":[{"embeddable":true,"href":"https:\/\/toskani.com\/ch\/wp-json\/wp\/v2\/media\/4010"}],"wp:attachment":[{"href":"https:\/\/toskani.com\/ch\/wp-json\/wp\/v2\/media?parent=4737"}],"wp:term":[{"taxonomy":"product_cat","embeddable":true,"href":"https:\/\/toskani.com\/ch\/wp-json\/wp\/v2\/product_cat?post=4737"},{"taxonomy":"product_tag","embeddable":true,"href":"https:\/\/toskani.com\/ch\/wp-json\/wp\/v2\/product_tag?post=4737"}],"curies":[{"name":"wp","href":"https:\/\/api.w.org\/{rel}","templated":true}]}}