{"id":4729,"date":"2023-06-21T14:07:31","date_gmt":"2023-06-21T14:07:31","guid":{"rendered":"https:\/\/toskani.com\/ch\/product\/purifying-intensive-serum\/"},"modified":"2024-04-30T11:55:46","modified_gmt":"2024-04-30T11:55:46","slug":"reinigungs-intensiv-serum","status":"publish","type":"product","link":"https:\/\/toskani.com\/ch\/produkt\/reinigungs-intensiv-serum\/","title":{"rendered":"Purifying Intensive Serum"},"content":{"rendered":"<p class=\"p1\"><span class=\"s1\">Die Produkte der Purifying-Serie sind \u00f6lfrei und haben eine leichte Textur. <\/span><span class=\"s1\">die Aknel\u00e4sionen zu kontrollieren und zuk\u00fcnftigen L\u00e4sionen vorzubeugen, w\u00e4hrend gleichzeitig die Hautreizung reduziert und die Heilung beschleunigt wird. Empfohlen f\u00fcr zu Akne und Pickelbildung neigende Haut <\/span><span class=\"s1\">und Pickel.<\/span><\/p>\n","protected":false},"excerpt":{"rendered":"<p>Die Produkte der Purifying-Serie sind \u00f6lfrei und haben eine leichte Textur. die Aknel\u00e4sionen zu kontrollieren und zuk\u00fcnftigen L\u00e4sionen vorzubeugen, w\u00e4hrend gleichzeitig die Hautreizung reduziert und die Heilung beschleunigt wird. Empfohlen [&hellip;]<\/p>\n","protected":false},"featured_media":4011,"template":"","meta":[],"product_cat":[158,128,129],"product_tag":[],"class_list":["post-4729","product","type-product","status-publish","has-post-thumbnail","hentry","product_cat-anti-acne-de","product_cat-facial-de","product_cat-serums-de"],"acf":[],"aioseo_notices":[],"_links":{"self":[{"href":"https:\/\/toskani.com\/ch\/wp-json\/wp\/v2\/product\/4729","targetHints":{"allow":["GET"]}}],"collection":[{"href":"https:\/\/toskani.com\/ch\/wp-json\/wp\/v2\/product"}],"about":[{"href":"https:\/\/toskani.com\/ch\/wp-json\/wp\/v2\/types\/product"}],"wp:featuredmedia":[{"embeddable":true,"href":"https:\/\/toskani.com\/ch\/wp-json\/wp\/v2\/media\/4011"}],"wp:attachment":[{"href":"https:\/\/toskani.com\/ch\/wp-json\/wp\/v2\/media?parent=4729"}],"wp:term":[{"taxonomy":"product_cat","embeddable":true,"href":"https:\/\/toskani.com\/ch\/wp-json\/wp\/v2\/product_cat?post=4729"},{"taxonomy":"product_tag","embeddable":true,"href":"https:\/\/toskani.com\/ch\/wp-json\/wp\/v2\/product_tag?post=4729"}],"curies":[{"name":"wp","href":"https:\/\/api.w.org\/{rel}","templated":true}]}}