{"id":4529,"date":"2023-09-05T13:33:10","date_gmt":"2023-09-05T13:33:10","guid":{"rendered":"https:\/\/toskani.com\/ch\/product\/glacier-pro-age-advanced-serum\/"},"modified":"2024-01-02T08:20:39","modified_gmt":"2024-01-02T08:20:39","slug":"glacier-pro-age-advanced-serum","status":"publish","type":"product","link":"https:\/\/toskani.com\/ch\/produkt\/glacier-pro-age-advanced-serum\/","title":{"rendered":"Glacier Pro Age Advanced Serum"},"content":{"rendered":"<p>Leichtes Serum, das nach dem Auftragen ein feuchtigkeitsspendendes und frisches Gef\u00fchl vermittelt. Enth\u00e4lt Thermalwasser aus dem Gletscher und Meeresextrakt, das hilft, Falten zu gl\u00e4tten und der Haut Festigkeit, Feuchtigkeit und Elastizit\u00e4t zu verleihen.<\/p>\n","protected":false},"excerpt":{"rendered":"<p>Leichtes Serum, das nach dem Auftragen ein feuchtigkeitsspendendes und frisches Gef\u00fchl vermittelt. Enth\u00e4lt Thermalwasser aus dem Gletscher und Meeresextrakt, das hilft, Falten zu gl\u00e4tten und der Haut Festigkeit, Feuchtigkeit und [&hellip;]<\/p>\n","protected":false},"featured_media":4039,"template":"","meta":[],"product_cat":[127,128,129],"product_tag":[],"class_list":["post-4529","product","type-product","status-publish","has-post-thumbnail","hentry","product_cat-antiedad-de","product_cat-facial-de","product_cat-serums-de"],"acf":[],"aioseo_notices":[],"_links":{"self":[{"href":"https:\/\/toskani.com\/ch\/wp-json\/wp\/v2\/product\/4529","targetHints":{"allow":["GET"]}}],"collection":[{"href":"https:\/\/toskani.com\/ch\/wp-json\/wp\/v2\/product"}],"about":[{"href":"https:\/\/toskani.com\/ch\/wp-json\/wp\/v2\/types\/product"}],"wp:featuredmedia":[{"embeddable":true,"href":"https:\/\/toskani.com\/ch\/wp-json\/wp\/v2\/media\/4039"}],"wp:attachment":[{"href":"https:\/\/toskani.com\/ch\/wp-json\/wp\/v2\/media?parent=4529"}],"wp:term":[{"taxonomy":"product_cat","embeddable":true,"href":"https:\/\/toskani.com\/ch\/wp-json\/wp\/v2\/product_cat?post=4529"},{"taxonomy":"product_tag","embeddable":true,"href":"https:\/\/toskani.com\/ch\/wp-json\/wp\/v2\/product_tag?post=4529"}],"curies":[{"name":"wp","href":"https:\/\/api.w.org\/{rel}","templated":true}]}}