{"id":4514,"date":"2023-09-05T14:59:34","date_gmt":"2023-09-05T14:59:34","guid":{"rendered":"https:\/\/toskani.com\/ch\/product\/myotec-eye-lift\/"},"modified":"2024-04-30T11:51:45","modified_gmt":"2024-04-30T11:51:45","slug":"myotec-eye-lif","status":"publish","type":"product","link":"https:\/\/toskani.com\/ch\/produkt\/myotec-eye-lif\/","title":{"rendered":"Myotec Eye Lift"},"content":{"rendered":"<p>Augenkontur, die global die Hauptprobleme der Augenpartie angeht: Mimikfalten, Augenringe, reduziert Schwellungen und hebt das Augenlid. Es bildet einen d\u00fcnnen, pflegenden und samtigen Film, ohne R\u00fcckst\u00e4nde oder ein klebriges Gef\u00fchl zu hinterlassen.<\/p>\n","protected":false},"excerpt":{"rendered":"<p>Augenkontur, die global die Hauptprobleme der Augenpartie angeht: Mimikfalten, Augenringe, reduziert Schwellungen und hebt das Augenlid. Es bildet einen d\u00fcnnen, pflegenden und samtigen Film, ohne R\u00fcckst\u00e4nde oder ein klebriges Gef\u00fchl [&hellip;]<\/p>\n","protected":false},"featured_media":4059,"template":"","meta":[],"product_cat":[127,148,128],"product_tag":[],"class_list":["post-4514","product","type-product","status-publish","has-post-thumbnail","hentry","product_cat-antiedad-de","product_cat-contorno-de-ojos-de","product_cat-facial-de"],"acf":[],"aioseo_notices":[],"_links":{"self":[{"href":"https:\/\/toskani.com\/ch\/wp-json\/wp\/v2\/product\/4514","targetHints":{"allow":["GET"]}}],"collection":[{"href":"https:\/\/toskani.com\/ch\/wp-json\/wp\/v2\/product"}],"about":[{"href":"https:\/\/toskani.com\/ch\/wp-json\/wp\/v2\/types\/product"}],"wp:featuredmedia":[{"embeddable":true,"href":"https:\/\/toskani.com\/ch\/wp-json\/wp\/v2\/media\/4059"}],"wp:attachment":[{"href":"https:\/\/toskani.com\/ch\/wp-json\/wp\/v2\/media?parent=4514"}],"wp:term":[{"taxonomy":"product_cat","embeddable":true,"href":"https:\/\/toskani.com\/ch\/wp-json\/wp\/v2\/product_cat?post=4514"},{"taxonomy":"product_tag","embeddable":true,"href":"https:\/\/toskani.com\/ch\/wp-json\/wp\/v2\/product_tag?post=4514"}],"curies":[{"name":"wp","href":"https:\/\/api.w.org\/{rel}","templated":true}]}}