{"id":4481,"date":"2023-09-06T10:49:09","date_gmt":"2023-09-06T10:49:09","guid":{"rendered":"https:\/\/toskani.com\/ch\/product\/retin-pro-age-advanced-cream\/"},"modified":"2024-04-30T11:50:53","modified_gmt":"2024-04-30T11:50:53","slug":"retin-pro-age-advanced-cream","status":"publish","type":"product","link":"https:\/\/toskani.com\/ch\/produkt\/retin-pro-age-advanced-cream\/","title":{"rendered":"Retin Pro Age Advanced Cream"},"content":{"rendered":"<p>Leicht einziehende Creme, die ein n\u00e4hrendes Gef\u00fchl vermittelt. Sie enth\u00e4lt eine Verbindung aus Hyalurons\u00e4ure, Retins\u00e4ure und Retinol pflanzlichen Ursprungs, die Faltenbildung verhindert, Unregelm\u00e4\u00dfigkeiten gl\u00e4ttet und den Hautton vereinheitlicht.<\/p>\n","protected":false},"excerpt":{"rendered":"<p>Leicht einziehende Creme, die ein n\u00e4hrendes Gef\u00fchl vermittelt. Sie enth\u00e4lt eine Verbindung aus Hyalurons\u00e4ure, Retins\u00e4ure und Retinol pflanzlichen Ursprungs, die Faltenbildung verhindert, Unregelm\u00e4\u00dfigkeiten gl\u00e4ttet und den Hautton vereinheitlicht.<\/p>\n","protected":false},"featured_media":4044,"template":"","meta":[],"product_cat":[127,143,128],"product_tag":[],"class_list":["post-4481","product","type-product","status-publish","has-post-thumbnail","hentry","product_cat-antiedad-de","product_cat-cremas-de","product_cat-facial-de"],"acf":[],"aioseo_notices":[],"_links":{"self":[{"href":"https:\/\/toskani.com\/ch\/wp-json\/wp\/v2\/product\/4481","targetHints":{"allow":["GET"]}}],"collection":[{"href":"https:\/\/toskani.com\/ch\/wp-json\/wp\/v2\/product"}],"about":[{"href":"https:\/\/toskani.com\/ch\/wp-json\/wp\/v2\/types\/product"}],"wp:featuredmedia":[{"embeddable":true,"href":"https:\/\/toskani.com\/ch\/wp-json\/wp\/v2\/media\/4044"}],"wp:attachment":[{"href":"https:\/\/toskani.com\/ch\/wp-json\/wp\/v2\/media?parent=4481"}],"wp:term":[{"taxonomy":"product_cat","embeddable":true,"href":"https:\/\/toskani.com\/ch\/wp-json\/wp\/v2\/product_cat?post=4481"},{"taxonomy":"product_tag","embeddable":true,"href":"https:\/\/toskani.com\/ch\/wp-json\/wp\/v2\/product_tag?post=4481"}],"curies":[{"name":"wp","href":"https:\/\/api.w.org\/{rel}","templated":true}]}}