{"id":4464,"date":"2023-09-06T10:50:58","date_gmt":"2023-09-06T10:50:58","guid":{"rendered":"https:\/\/toskani.com\/ch\/product\/unique-pro-age-advanced-cream\/"},"modified":"2024-04-30T11:50:09","modified_gmt":"2024-04-30T11:50:09","slug":"einzigartige-pro-alter-fortgeschrittene-creme","status":"publish","type":"product","link":"https:\/\/toskani.com\/ch\/produkt\/einzigartige-pro-alter-fortgeschrittene-creme\/","title":{"rendered":"Unique Pro Age Advanced Cream"},"content":{"rendered":"<p>Pflegende Creme f\u00fcr die t\u00e4gliche Anwendung mit einer Vielzahl von Anti-Aging-Wirkstoffen, die sich auf die wichtigsten Probleme konzentrieren: Festigkeit, Kr\u00e4henf\u00fc\u00dfe, Marionettenfalten, Y-Zone (Gesichtsoval und Hals).<\/p>\n","protected":false},"excerpt":{"rendered":"<p>Pflegende Creme f\u00fcr die t\u00e4gliche Anwendung mit einer Vielzahl von Anti-Aging-Wirkstoffen, die sich auf die wichtigsten Probleme konzentrieren: Festigkeit, Kr\u00e4henf\u00fc\u00dfe, Marionettenfalten, Y-Zone (Gesichtsoval und Hals).<\/p>\n","protected":false},"featured_media":4055,"template":"","meta":[],"product_cat":[127,143,128],"product_tag":[],"class_list":["post-4464","product","type-product","status-publish","has-post-thumbnail","hentry","product_cat-antiedad-de","product_cat-cremas-de","product_cat-facial-de"],"acf":[],"aioseo_notices":[],"_links":{"self":[{"href":"https:\/\/toskani.com\/ch\/wp-json\/wp\/v2\/product\/4464","targetHints":{"allow":["GET"]}}],"collection":[{"href":"https:\/\/toskani.com\/ch\/wp-json\/wp\/v2\/product"}],"about":[{"href":"https:\/\/toskani.com\/ch\/wp-json\/wp\/v2\/types\/product"}],"wp:featuredmedia":[{"embeddable":true,"href":"https:\/\/toskani.com\/ch\/wp-json\/wp\/v2\/media\/4055"}],"wp:attachment":[{"href":"https:\/\/toskani.com\/ch\/wp-json\/wp\/v2\/media?parent=4464"}],"wp:term":[{"taxonomy":"product_cat","embeddable":true,"href":"https:\/\/toskani.com\/ch\/wp-json\/wp\/v2\/product_cat?post=4464"},{"taxonomy":"product_tag","embeddable":true,"href":"https:\/\/toskani.com\/ch\/wp-json\/wp\/v2\/product_tag?post=4464"}],"curies":[{"name":"wp","href":"https:\/\/api.w.org\/{rel}","templated":true}]}}