{"id":4154,"date":"2022-12-07T10:43:15","date_gmt":"2022-12-07T10:43:15","guid":{"rendered":"https:\/\/toskani.com\/ch\/privacy-policy\/"},"modified":"2024-01-02T09:39:49","modified_gmt":"2024-01-02T09:39:49","slug":"privacy-policy","status":"publish","type":"page","link":"https:\/\/toskani.com\/ch\/privacy-policy\/","title":{"rendered":"Datenschutzbestimmungen"},"content":{"rendered":"<p>[vc_row css=&#8221;.vc_custom_1670409856432{margin-bottom: 5rem !important;}&#8221;][vc_column][vc_column_text]<\/p>\n<div class=\"page\" title=\"Seite 1\">\n<div class=\"layoutArea\">\n<div class=\"column\">\n<p><strong>Verantwortlicher f\u00fcr die Datenverarbeitung:<\/strong><\/p>\n<p><strong>Name des Unternehmens: TOSKANI, S.L.<\/strong><br \/>\n<strong>Eingetragener Sitz: PASSATGE CIUTADANS 4, 08005-BARCELONA. NIF: B- 58496324,<\/strong><br \/>\n<strong>e-Mail: rgpd@toskani.com\/ch<\/strong><\/p>\n<p><strong>Letzte Aktualisierung: Juni 2023<\/strong><\/p>\n<p><strong>Der f\u00fcr die Datenverarbeitung Verantwortliche<\/strong> garantiert die Einhaltung des LOPDGDD-Gesetzes 3\/2018, des<\/p>\n<p>Verordnung (EU) 2016\/679 und Gesetz 34\/2002.<\/p>\n<p>Diese Datenschutzrichtlinie beschreibt, wie TOSKANI, S.L. die pers\u00f6nlichen Daten, die wir \u00fcber unsere Website sammeln, verwendet, speichert und weitergibt. Wir gew\u00e4hrleisten Ihre Privatsph\u00e4re und verpflichten uns, Ihre pers\u00f6nlichen Daten zu sch\u00fctzen. Durch die Nutzung unserer Dienste, die Registrierung oder den Kauf unserer Produkte oder Dienstleistungen erkl\u00e4ren Sie sich mit der Verarbeitung Ihrer Daten wie in dieser Datenschutzerkl\u00e4rung beschrieben einverstanden:<\/p>\n<h2>1. von uns gesammelte Informationen<\/h2>\n<\/div>\n<\/div>\n<div class=\"layoutArea\">\n<div class=\"column\">\n<p>Wenn Sie mit uns interagieren, k\u00f6nnen wir die folgenden personenbezogenen Daten erfassen:<\/p>\n<ul>\n<li>Pers\u00f6nlich identifizierbare Informationen, wie Ihr Name, Ihre Adresse, Ihre E-Mail-Adresse, Ihre Telefonnummer und andere Informationen, die Sie freiwillig angeben, wenn Sie sich registrieren oder unsere Produkte kaufen.<\/li>\n<li>Konto- und Zahlungsinformationen, wie z. B. Ihre Benutzerkontoinformationen, Kaufhistorie, Zahlungspr\u00e4ferenzen und andere abrechnungsbezogene Informationen.<\/li>\n<li>Informationen \u00fcber Ihre Bewerbung.<\/li>\n<li>Nutzungs- und Technologieinformationen wie IP-Adresse, Protokolldaten, Ger\u00e4tetyp, verwendeter Webbrowser, besuchte Seiten, ungef\u00e4hre geografische Lage und andere Informationen, die automatisch durch Cookies oder andere Tracking-Technologien erfasst werden. Bitte beachten Sie, dass Sie uns durch die Bereitstellung Ihrer pers\u00f6nlichen Daten garantieren, dass diese wahrheitsgetreu und korrekt sind, und dass Sie sich verpflichten, uns \u00fcber alle \u00c4nderungen oder Modifikationen dieser Daten zu informieren. Sie tragen die alleinige Verantwortung f\u00fcr alle Verluste oder Sch\u00e4den, die durch die \u00dcbermittlung falscher, ungenauer oder unvollst\u00e4ndiger Informationen in den Registrierungs-, Anfrage-, Kauf- oder Abonnementformularen entstehen.<\/li>\n<\/ul>\n<\/div>\n<\/div>\n<div class=\"layoutArea\">\n<div class=\"column\">\n<h2>2. der Zweck der gesammelten Informationen<\/h2>\n<p>Wir verwenden die von uns gesammelten personenbezogenen Daten f\u00fcr die folgenden Zwecke:<\/p>\n<ul>\n<li>Zur Bereitstellung, Wartung und Verbesserung unserer Dienste und Produkte.<\/li>\n<li>Personalisierung und Anpassung der Nutzererfahrung.<\/li>\n<li>Verarbeitung von Transaktionen und \u00dcbermittlung von Informationen im Zusammenhang mit Ihren Eink\u00e4ufen oder Anfragen.<\/li>\n<li>mit Ihnen zu kommunizieren und auf Ihre Fragen und W\u00fcnsche zu reagieren.<\/li>\n<li>Zum Versenden von Marketing- und Werbemitteilungen, vorausgesetzt, Sie haben Ihr Einverst\u00e4ndnis gegeben oder stehen in einer aktiven Beziehung zu uns.<\/li>\n<li>Nehmen Sie als Kandidat an unseren Auswahlverfahren teil.<\/li>\n<li>Um unseren rechtlichen Verpflichtungen nachzukommen und Streitigkeiten beizulegen.<\/li>\n<\/ul>\n<h2>3. Rechtm\u00e4\u00dfigkeit der Datenverarbeitung<\/h2>\n<p>Die Verarbeitung Ihrer personenbezogenen Daten erfolgt gem\u00e4\u00df den geltenden Rechtsvorschriften und st\u00fctzt sich auf die folgenden Rechtsgrundlagen:<\/p>\n<p>Ausf\u00fchrung eines Vertrags. Die Verarbeitung Ihrer personenbezogenen Daten kann f\u00fcr die Erf\u00fcllung eines Vertrags erforderlich sein. Wir verwenden Ihre Informationen beispielsweise, um Ihre Bestellungen zu bearbeiten und zu versenden, Zahlungen abzuwickeln und die Lieferung von Produkten oder Dienstleistungen sicherzustellen.<\/p>\n<p>Einhaltung der rechtlichen Verpflichtungen. Es kann sein, dass wir Ihre personenbezogenen Daten verarbeiten m\u00fcssen, um gesetzlichen Verpflichtungen nachzukommen, denen wir unterworfen sind. So kann es beispielsweise erforderlich sein, dass wir bestimmte Informationen f\u00fcr buchhalterische oder steuerliche Zwecke aufbewahren m\u00fcssen.<\/p>\n<p>Einverstanden. In einigen F\u00e4llen werden wir Sie um Ihre ausdr\u00fcckliche Zustimmung bitten, bevor wir Ihre personenbezogenen Daten verarbeiten. Wir werden Sie \u00fcber den spezifischen Zweck informieren, f\u00fcr den wir Ihre Zustimmung einholen, und es steht Ihnen frei, Ihre Zustimmung zu geben.<\/p>\n<\/div>\n<\/div>\n<\/div>\n<div class=\"page\" title=\"Seite 2\">\n<div class=\"layoutArea\">\n<div class=\"column\">\n<p>oder leugnen. Wenn Sie Ihre Einwilligung gegeben haben, k\u00f6nnen Sie diese jederzeit widerrufen, was die Rechtm\u00e4\u00dfigkeit der bis dahin erfolgten Verarbeitung nicht ber\u00fchrt.<\/p>\n<p>Berechtigte Interessen Wir k\u00f6nnen Ihre personenbezogenen Daten verarbeiten, wenn dies f\u00fcr unsere berechtigten Interessen erforderlich ist. Wir k\u00f6nnen Ihre Daten zum Beispiel dazu verwenden, unsere Produkte und Dienstleistungen zu verbessern, statistische Analysen durchzuf\u00fchren und Direktmarketing-Aktivit\u00e4ten zu betreiben, von denen wir glauben, dass sie in Ihrem besten Interesse sind.<\/p>\n<p>Wahrung eines \u00f6ffentlichen Interesses. In bestimmten F\u00e4llen kann es erforderlich sein, dass wir Ihre personenbezogenen Daten verarbeiten, um ein \u00f6ffentliches Interesse zu erf\u00fcllen. Dazu k\u00f6nnen Betrugsbek\u00e4mpfung, Netz- und Informationssicherheit sowie die Zusammenarbeit mit Beh\u00f6rden geh\u00f6ren.<\/p>\n<h2>4. Informationsaustausch<\/h2>\n<p>Wir k\u00f6nnen Ihre pers\u00f6nlichen Daten unter den folgenden Umst\u00e4nden an Dritte weitergeben:<\/p>\n<p>Dienstanbieter: Wir k\u00f6nnen Informationen an Dritte weitergeben, die uns bei der Bereitstellung und Verbesserung unserer Dienste helfen, wie z. B. Zahlungsabwickler, Hosting-Dienstleister, Analysedienste und andere damit verbundene Dienstleister.<\/p>\n<p>Einhaltung von Gesetzen: Wir k\u00f6nnen personenbezogene Daten offenlegen, wenn dies aufgrund von Gesetzen, Vorschriften oder g\u00fcltigen rechtlichen Verfahren erforderlich ist.<\/p>\n<p>Zustimmung: Wenn Sie Ihre ausdr\u00fcckliche Zustimmung gegeben haben, k\u00f6nnen wir Ihre Daten zu Marketing-, Werbe- oder \u00e4hnlichen Zwecken an Dritte weitergeben.<\/p>\n<h2>5. Daten von Dritten<\/h2>\n<p>Wenn Sie uns personenbezogene Daten von Dritten zur Verf\u00fcgung stellen, m\u00fcssen Sie sicherstellen, dass Sie eine angemessene und rechtsg\u00fcltige Zustimmung dieser Personen haben, bevor Sie deren Daten an uns weitergeben.<\/p>\n<p>Indem Sie Daten von Dritten zur Verf\u00fcgung stellen, sichern Sie zu, dass Sie die ausdr\u00fcckliche und g\u00fcltige Zustimmung dieser Personen haben und dass Sie sie dar\u00fcber informiert haben, wie wir ihre Daten in \u00dcbereinstimmung mit dieser Datenschutzrichtlinie verwenden werden. Sie stellen uns von jeglicher Haftung f\u00fcr Sch\u00e4den oder Anspr\u00fcche frei, die sich aus dem Fehlen einer ordnungsgem\u00e4\u00dfen Zustimmung zur Verarbeitung dieser Daten ergeben.<\/p>\n<h2>6. Aufbewahrung von personenbezogenen Daten<\/h2>\n<p>Wir bewahren Ihre personenbezogenen Daten so lange auf, wie es f\u00fcr die Erf\u00fcllung der in dieser Datenschutzrichtlinie genannten Zwecke erforderlich ist, es sei denn, eine l\u00e4ngere Aufbewahrungsfrist ist gesetzlich vorgeschrieben oder zul\u00e4ssig.<\/p>\n<p>Die Aufbewahrung Ihrer personenbezogenen Daten unterliegt den folgenden Erw\u00e4gungen:<\/p>\n<p>Dauer des Vertragsverh\u00e4ltnisses. Wenn Sie ein registriertes Benutzerkonto haben, werden wir Ihre pers\u00f6nlichen Daten so lange speichern, wie Ihr Konto aktiv ist.<\/p>\n<p>Einhaltung der rechtlichen Verpflichtungen. Es kann sein, dass wir bestimmte personenbezogene Daten aufbewahren, um gesetzlichen Verpflichtungen, buchhalterischen oder steuerlichen Anforderungen nachzukommen.<\/p>\n<p>Berechtigte Interessen. Wir werden diese Daten so lange aufbewahren, wie es f\u00fcr legitime Gesch\u00e4ftszwecke erforderlich ist.<\/p>\n<p>Einverstanden. Wenn Sie Ihre Einwilligung zu einer Verarbeitung f\u00fcr bestimmte Zwecke gegeben haben, werden wir Ihre Daten so lange aufbewahren, bis Sie sich entscheiden, Ihre Einwilligung zu widerrufen.<\/p>\n<p>Lehrplan oder Auswahlverfahren. Wir werden Ihre Daten ein Jahr lang aufbewahren.<br \/>\nNach Ablauf der Aufbewahrungsfrist werden wir sie sicher l\u00f6schen oder anonymisieren, sofern wir nicht dazu verpflichtet sind.<\/p>\n<p>legal.<\/p>\n<h2>7. Links zu sozialen Netzwerken<\/h2>\n<p>Wir k\u00f6nnen Links zu Websites sozialer Medien einf\u00fcgen, um Ihnen ein interaktiveres Einkaufserlebnis zu bieten. Bitte beachten Sie, dass diese Social-Media-Links Sie zu externen Plattformen weiterleiten k\u00f6nnen, auf die wir keinen Einfluss haben.<\/p>\n<p>Wenn Sie auf solche Links klicken und auf soziale Netzwerke zugreifen, k\u00f6nnen Ihre personenbezogenen Daten von Dritten erfasst und verarbeitet werden. Diese Drittanbieter arbeiten nach ihren eigenen Datenschutzrichtlinien und Nutzungsbedingungen. Wir empfehlen Ihnen daher, diese Richtlinien sorgf\u00e4ltig zu pr\u00fcfen, bevor Sie personenbezogene Daten auf diesen Plattformen angeben.<\/p>\n<\/div>\n<\/div>\n<\/div>\n<div class=\"page\" title=\"Seite 3\">\n<div class=\"layoutArea\">\n<div class=\"column\">\n<p>Wir sind nicht verantwortlich f\u00fcr die Datenschutzpraktiken oder den Inhalt von sozialen Netzwerken, auf die Sie \u00fcber Links von unserer Website aus zugreifen k\u00f6nnen.<\/p>\n<h2>8. Aus\u00fcbung der Rechte<\/h2>\n<p>Unter Einhaltung der geltenden Datenschutzvorschriften k\u00f6nnen Sie die nachstehend aufgef\u00fchrten Rechte aus\u00fcben;<\/p>\n<p>Recht auf Zugang. Sie haben das Recht, eine Best\u00e4tigung dar\u00fcber zu erhalten, ob wir Ihre personenbezogenen Daten verarbeiten, und wenn dies der Fall ist, Zugang zu diesen Daten und detaillierte Informationen zu erhalten.<\/p>\n<p>Recht auf Berichtigung. Wenn personenbezogene Daten unrichtig oder veraltet sind, haben Sie das Recht, ihre unverz\u00fcgliche Berichtigung oder Aktualisierung zu verlangen.<\/p>\n<p>Recht auf L\u00f6schung (Recht auf Vergessenwerden). Unter bestimmten Umst\u00e4nden k\u00f6nnen Sie die L\u00f6schung Ihrer personenbezogenen Daten verlangen.<\/p>\n<p>Recht auf Einschr\u00e4nkung der Verarbeitung. Sie haben das Recht, die Einschr\u00e4nkung der Verarbeitung Ihrer personenbezogenen Daten zu verlangen.<\/p>\n<p>Recht auf Daten\u00fcbertragbarkeit. Sie haben das Recht, die personenbezogenen Daten, die Sie uns zur Verf\u00fcgung gestellt haben, in einem strukturierten, g\u00e4ngigen und maschinenlesbaren Format zu erhalten, sofern die Verarbeitung auf einer Einwilligung oder einem Vertrag beruht und mit automatisierten Verfahren durchgef\u00fchrt wird.<\/p>\n<p>Recht auf Einspruch. Sie k\u00f6nnen der Verarbeitung Ihrer personenbezogenen Daten unter bestimmten Umst\u00e4nden widersprechen. Recht auf Einreichung einer Beschwerde. Sie haben das Recht, eine Beschwerde bei der AGENCIA ESPA\u00d1OLA DE<\/p>\n<p>DATENSCHUTZ unter <a href=\"https:\/\/www.aepd.es\/\">www.agpd.es.<\/a><\/p>\n<p>Wenn Sie eines dieser Rechte aus\u00fcben oder Ihre Einwilligung widerrufen m\u00f6chten, wenden Sie sich bitte an uns unter PASSATGE CIUTADANS 4, 08005-BARCELONA. oder unter rgpd@toskani.com\/ch. Wir haben Formulare f\u00fcr die Aus\u00fcbung Ihrer Rechte, die Sie bei uns anfordern m\u00fcssen. Diese Formulare m\u00fcssen elektronisch signiert oder von einer Fotokopie des Personalausweises begleitet sein.<\/p>\n<h2>9. Internationale \u00dcberweisungen<\/h2>\n<p>Im Allgemeinen f\u00fchren wir keine internationalen \u00dcbermittlungen au\u00dferhalb der EU durch. Im Rahmen unserer Gesch\u00e4ftst\u00e4tigkeit k\u00f6nnen wir jedoch Ihre personenbezogenen Daten an Empf\u00e4nger in L\u00e4ndern au\u00dferhalb des Europ\u00e4ischen Wirtschaftsraums (EWR) \u00fcbermitteln. In solchen F\u00e4llen stellen wir sicher, dass geeignete Schutzma\u00dfnahmen durch von der Europ\u00e4ischen Kommission genehmigte Standardvertragsklauseln oder andere rechtlich anerkannte Ma\u00dfnahmen ergriffen werden, um einen angemessenen Schutz Ihrer personenbezogenen Daten w\u00e4hrend der \u00dcbermittlung zu gew\u00e4hrleisten.<\/p>\n<p><strong>F\u00fcr weitere Informationen kontaktieren Sie uns bitte unter <a href=\"mailto:rgpd@toskani.com\/ch\">rgpd@toskani.com\/ch<\/a> 10. Sicherheitsma\u00dfnahmen.<\/strong><\/p>\n<p>Wir verpflichten uns, die Sicherheit Ihrer pers\u00f6nlichen Daten zu gew\u00e4hrleisten und sie vor unbefugtem Zugriff, Offenlegung oder \u00c4nderung zu sch\u00fctzen. Zu diesem Zweck treffen wir geeignete technische, administrative und organisatorische Ma\u00dfnahmen, um die Vertraulichkeit, Integrit\u00e4t und Verf\u00fcgbarkeit Ihrer Daten zu sch\u00fctzen.<\/p>\n<p>Trotz unserer besten Sicherheitspraktiken sollten Sie bedenken, dass keine Sicherheitsma\u00dfnahme vollkommen narrensicher ist. Wenn Sie eine Schwachstelle entdecken oder den Verdacht haben, dass Ihre personenbezogenen Daten missbraucht werden, bitten wir Sie dringend, uns dies unverz\u00fcglich \u00fcber die am Anfang unserer Datenschutzrichtlinie angegebenen Kontaktdaten zu melden.<\/p>\n<\/div>\n<\/div>\n<\/div>\n<p>[\/vc_column_text][\/vc_column][\/vc_row]<\/p>\n","protected":false},"excerpt":{"rendered":"<p>[vc_row css=&#8221;.vc_custom_1670409856432{margin-bottom: 5rem !important;}&#8221;][vc_column][vc_column_text] Verantwortlicher f\u00fcr die Datenverarbeitung: Name des Unternehmens: TOSKANI, S.L. Eingetragener Sitz: PASSATGE CIUTADANS 4, 08005-BARCELONA. NIF: B- 58496324, e-Mail: rgpd@toskani.com\/ch Letzte Aktualisierung: Juni 2023 Der f\u00fcr [&hellip;]<\/p>\n","protected":false},"author":1,"featured_media":0,"parent":0,"menu_order":0,"comment_status":"closed","ping_status":"closed","template":"","meta":{"footnotes":""},"class_list":["post-4154","page","type-page","status-publish","hentry"],"acf":[],"aioseo_notices":[],"_links":{"self":[{"href":"https:\/\/toskani.com\/ch\/wp-json\/wp\/v2\/pages\/4154","targetHints":{"allow":["GET"]}}],"collection":[{"href":"https:\/\/toskani.com\/ch\/wp-json\/wp\/v2\/pages"}],"about":[{"href":"https:\/\/toskani.com\/ch\/wp-json\/wp\/v2\/types\/page"}],"author":[{"embeddable":true,"href":"https:\/\/toskani.com\/ch\/wp-json\/wp\/v2\/users\/1"}],"replies":[{"embeddable":true,"href":"https:\/\/toskani.com\/ch\/wp-json\/wp\/v2\/comments?post=4154"}],"version-history":[{"count":9,"href":"https:\/\/toskani.com\/ch\/wp-json\/wp\/v2\/pages\/4154\/revisions"}],"predecessor-version":[{"id":6019,"href":"https:\/\/toskani.com\/ch\/wp-json\/wp\/v2\/pages\/4154\/revisions\/6019"}],"wp:attachment":[{"href":"https:\/\/toskani.com\/ch\/wp-json\/wp\/v2\/media?parent=4154"}],"curies":[{"name":"wp","href":"https:\/\/api.w.org\/{rel}","templated":true}]}}