{"id":4144,"date":"2022-12-07T09:31:30","date_gmt":"2022-12-07T09:31:30","guid":{"rendered":"https:\/\/toskani.com\/ch\/legal-notice\/"},"modified":"2024-01-02T09:39:48","modified_gmt":"2024-01-02T09:39:48","slug":"legal-notice","status":"publish","type":"page","link":"https:\/\/toskani.com\/ch\/legal-notice\/","title":{"rendered":"Rechtlicher Hinweis"},"content":{"rendered":"<p>[vc_row][vc_column][vc_column_text]<\/p>\n<div class=\"page\" title=\"Seite 1\">\n<div class=\"layoutArea\">\n<div class=\"column\">\n<p>In \u00dcbereinstimmung mit dem Organgesetz LOPD-GDD 3\/2018 sowie der Verordnung (EU) 2016\/679 vom 27. April 2016 (RGPD) und dem Gesetz 34\/2002 vom 11. Juli \u00fcber die Dienste der Informationsgesellschaft und den elektronischen Handel (LSSICE oder LSSI) teilen wir Ihnen mit, dass diese Website in der Verantwortung von:<\/p>\n<p><strong>Name des Unternehmens: TOSKANI, S.L.<\/strong><br \/>\n<strong>Eingetragener Sitz: PASSATGE CIUTADANS 4, 08005-BARCELONA. NIF: B- 58496324,<\/strong><br \/>\n<strong>e-Mail: rgpd@toskani.com\/ch<\/strong><\/p>\n<p><strong>Letzte Aktualisierung: Juni 2023<\/strong><\/p>\n<p><strong>Eingetragen im Handelsregister von Barcelona, Band 9216, Folio 78, Buch 2425.72a, Seitenzahl 111013, Eintragung 1a.<\/strong><\/p>\n<p>Wir informieren Sie auch dar\u00fcber, dass Ihre pers\u00f6nlichen Daten, die im Rahmen dieser Mitteilung gesammelt werden k\u00f6nnen, zum Zweck der Verwaltung und Betreuung der angeforderten Dienstleistungen und gem\u00e4\u00df den Richtlinien unserer Datenschutzpolitik verarbeitet werden, die im Abschnitt &#8220;Datenschutzpolitik&#8221; auf unserer Website eingesehen werden kann.<\/p>\n<p>Die Nutzung der Website erfordert die ausdr\u00fcckliche Zustimmung des Nutzers zu jeder einzelnen der in diesem rechtlichen Hinweis genannten Klauseln sowie zu allen Warnhinweisen oder spezifischen Klauseln, die f\u00fcr die Inanspruchnahme bestimmter Dienstleistungen, K\u00e4ufe oder die Nutzung von Bereichen der Website festgelegt wurden.<\/p>\n<p>Falls der Nutzer die in diesem rechtlichen Hinweis festgelegten Klauseln nicht akzeptiert, muss er auf den Zugriff und\/oder die Nutzung der ihm auf der Website zur Verf\u00fcgung gestellten Dienste und\/oder Inhalte verzichten und diese verlassen.<\/p>\n<h2>NUTZUNG DER WEBSITE<\/h2>\n<p>Der Nutzer verpflichtet sich, die Website nicht f\u00fcr Aktivit\u00e4ten zu nutzen, die gegen das Gesetz, die Moral oder die \u00f6ffentliche Ordnung versto\u00dfen, und sie im Allgemeinen gem\u00e4\u00df den in diesem rechtlichen Hinweis festgelegten Bedingungen zu nutzen. Er verpflichtet sich auch, keine Werbung oder kommerzielle Ausbeutung zu betreiben, indem er Nachrichten unter falscher Identit\u00e4t versendet.<\/p>\n<p>TOSKANI, S.L. handelt ausschlie\u00dflich als Verantwortlicher f\u00fcr die Website in seiner Eigenschaft als Anbieter eines Informationsdienstes \u00fcber seine eigenen Dienstleistungen und den Verkauf von Artikeln und \u00fcbernimmt keine Verantwortung f\u00fcr die Inhalte, die im Widerspruch zu diesen allgemeinen Bedingungen stehen.<\/p>\n<p>TOSKANI, S.L. hat das Recht, die Nutzung der Website durch den Benutzer zu unterbrechen und die Beziehung mit dem Benutzer sofort zu beenden, wenn sie eine Nutzung der Website oder der darin angebotenen Dienstleistungen feststellt, die ihrer Ansicht nach gegen die in diesem rechtlichen Hinweis enthaltenen Bestimmungen verst\u00f6\u00dft.<\/p>\n<h2>GEISTIGES UND GEWERBLICHES EIGENTUM<\/h2>\n<p>Die Gesamtheit dieser Website: Texte, Produktdesign, Bilder, Marken, Grafiken, Logos, Schaltfl\u00e4chen, Softwaredateien, Farbkombinationen sowie die Struktur, Auswahl, Anordnung und Pr\u00e4sentation ihrer Inhalte und Produkte sind durch die Gesetze \u00fcber geistiges und gewerbliches Eigentum gesch\u00fctzt, und ihre Vervielf\u00e4ltigung, Verbreitung, \u00f6ffentliche Bekanntmachung und Umgestaltung ist verboten, au\u00dfer f\u00fcr den pers\u00f6nlichen und privaten Gebrauch.<\/p>\n<p>Das Unternehmen garantiert nicht, dass die Inhalte korrekt oder fehlerfrei sind oder dass die freie Nutzung der Inhalte durch den Nutzer nicht die Rechte Dritter verletzt. Die Nutzung oder der Missbrauch dieser Website und ihrer Inhalte erfolgt auf eigene Gefahr.<\/p>\n<\/div>\n<\/div>\n<\/div>\n<div class=\"page\" title=\"Seite 2\">\n<div class=\"layoutArea\">\n<div class=\"column\">\n<p>Ebenso ist es verboten, die auf der Website enthaltenen Informationen ohne unsere vorherige Genehmigung ganz oder teilweise zu reproduzieren, weiterzuleiten, zu kopieren, zu \u00fcbertragen oder erneut auszustrahlen, zu welchem Zweck und mit welchen Mitteln auch immer.<\/p>\n<h2>LINKS<\/h2>\n<p>Die Website kann Links zu Websites von Dritten enthalten. Seiten, die Dritten geh\u00f6ren, wurden nicht gepr\u00fcft und werden von uns nicht gepr\u00fcft. In jedem Fall k\u00f6nnen wir weder f\u00fcr den Inhalt dieser Websites noch f\u00fcr die Ma\u00dfnahmen, die in Bezug auf Ihre Privatsph\u00e4re oder die Verarbeitung Ihrer pers\u00f6nlichen Daten getroffen werden, verantwortlich gemacht werden. Wir empfehlen Ihnen, die Nutzungsbedingungen und Datenschutzrichtlinien dieser Websites sorgf\u00e4ltig zu lesen.<\/p>\n<p>Wenn Sie daran interessiert sind, einen Link zu unserer Website zu aktivieren, m\u00fcssen Sie uns dar\u00fcber informieren und die ausdr\u00fcckliche Zustimmung zur Einrichtung des Links einholen. TOSKANI, S.L. beh\u00e4lt sich das Recht vor, der Aktivierung von Links zu seiner Website zu widersprechen.<\/p>\n<h2>VERANTWORTLICHKEITEN<\/h2>\n<p>Das Unternehmen haftet weder direkt noch stellvertretend f\u00fcr:<\/p>\n<p>Die Schnelligkeit des Zugangs, das ordnungsgem\u00e4\u00dfe Funktionieren sowie die Verf\u00fcgbarkeit und Kontinuit\u00e4t des Betriebs der Website.<\/p>\n<p>Sch\u00e4den, die durch die Nutzung der Website an den Ger\u00e4ten des Nutzers verursacht werden k\u00f6nnen.<\/p>\n<p>F\u00e4lle, in denen ein Dritter unter Versto\u00df gegen die bestehenden Sicherheitsma\u00dfnahmen auf die Nachrichten zugreift oder sie f\u00fcr die \u00dcbertragung von Computerviren nutzt.<\/p>\n<p>Die Rechtm\u00e4\u00dfigkeit, Zuverl\u00e4ssigkeit und N\u00fctzlichkeit der Inhalte, die die Nutzer durch die Nutzung der Website oder der dort angebotenen Dienste \u00fcbermitteln, sowie deren Wahrheitsgehalt oder Genauigkeit. Das Unternehmen hat keine Kontrolle \u00fcber die Nutzung der Website durch die Benutzer und garantiert nicht, dass diese in \u00dcbereinstimmung mit den Bestimmungen des vorliegenden rechtlichen Hinweises erfolgt.<\/p>\n<p>Als Beispiel und ohne Einschr\u00e4nkung ist der Nutzer verantwortlich f\u00fcr:<\/p>\n<p>der von ihnen eingegebenen Inhalte, insbesondere der Daten und Informationen, die sie \u00fcber die Website oder auf der Website eingeben und an das Unternehmen senden.<\/p>\n<p>jede Art von rechtswidrigen Handlungen zu unterlassen, die die Rechte Dritter verletzen oder sch\u00e4dlich und\/oder sch\u00e4digend sind.<\/p>\n<p>Der Nutzer ist stets f\u00fcr die sichere Aufbewahrung seines Zugangspassworts verantwortlich, sofern er eines hat, und darf es nicht an Dritte weitergeben, um Identit\u00e4tsdiebstahl zu vermeiden.<\/p>\n<h2>DATENSCHUTZ<\/h2>\n<p>TOSKANI, S.L. informiert die Nutzer seiner Website \u00fcber die geltende Gesetzgebung zum Schutz personenbezogener Daten, zum Schutz der Privatsph\u00e4re der Nutzer sowie zur Geheimhaltung und Sicherheit personenbezogener Daten in der Rubrik &#8220;Datenschutzpolitik&#8221; unserer Website.<\/p>\n<p>TOSKANI, S.L. informiert Sie dar\u00fcber, dass die notwendigen technischen und organisatorischen Ma\u00dfnahmen ergriffen wurden, um die Sicherheit der \u00fcbermittelten personenbezogenen Daten zu gew\u00e4hrleisten und deren Ver\u00e4nderung, Verlust, unbefugte Verarbeitung oder Zugriff zu verhindern, wobei der Stand der Technik, die Art der Daten und die Risiken, denen sie ausgesetzt sind, ber\u00fccksichtigt werden.<\/p>\n<p>Das Surfen auf der Website hinterl\u00e4sst als Spur die IP-Adresse, die Ihnen von Ihrem Zugangsanbieter zugewiesen wurde,<\/p>\n<p>Diese Daten werden nur f\u00fcr die Erstellung von Statistiken \u00fcber die Website verwendet.<\/p>\n<h2>FORUM<\/h2>\n<\/div>\n<\/div>\n<\/div>\n<div class=\"page\" title=\"Seite 3\">\n<div class=\"layoutArea\">\n<div class=\"column\">\n<p>F\u00fcr jede Art von Streitigkeiten, die sich aus der Nutzung der angebotenen Dienste oder der Inhalte der Website ergeben, werden sich die Parteien mit der Annahme der in diesem rechtlichen Hinweis festgelegten Klauseln den zust\u00e4ndigen Gerichten von Barcelona unterwerfen.<\/p>\n<\/div>\n<\/div>\n<\/div>\n<p>[\/vc_column_text][\/vc_column][\/vc_row]<\/p>\n","protected":false},"excerpt":{"rendered":"<p>[vc_row][vc_column][vc_column_text] In \u00dcbereinstimmung mit dem Organgesetz LOPD-GDD 3\/2018 sowie der Verordnung (EU) 2016\/679 vom 27. April 2016 (RGPD) und dem Gesetz 34\/2002 vom 11. Juli \u00fcber die Dienste der Informationsgesellschaft [&hellip;]<\/p>\n","protected":false},"author":1,"featured_media":0,"parent":0,"menu_order":0,"comment_status":"closed","ping_status":"closed","template":"","meta":{"footnotes":""},"class_list":["post-4144","page","type-page","status-publish","hentry"],"acf":[],"aioseo_notices":[],"_links":{"self":[{"href":"https:\/\/toskani.com\/ch\/wp-json\/wp\/v2\/pages\/4144","targetHints":{"allow":["GET"]}}],"collection":[{"href":"https:\/\/toskani.com\/ch\/wp-json\/wp\/v2\/pages"}],"about":[{"href":"https:\/\/toskani.com\/ch\/wp-json\/wp\/v2\/types\/page"}],"author":[{"embeddable":true,"href":"https:\/\/toskani.com\/ch\/wp-json\/wp\/v2\/users\/1"}],"replies":[{"embeddable":true,"href":"https:\/\/toskani.com\/ch\/wp-json\/wp\/v2\/comments?post=4144"}],"version-history":[{"count":7,"href":"https:\/\/toskani.com\/ch\/wp-json\/wp\/v2\/pages\/4144\/revisions"}],"predecessor-version":[{"id":6011,"href":"https:\/\/toskani.com\/ch\/wp-json\/wp\/v2\/pages\/4144\/revisions\/6011"}],"wp:attachment":[{"href":"https:\/\/toskani.com\/ch\/wp-json\/wp\/v2\/media?parent=4144"}],"curies":[{"name":"wp","href":"https:\/\/api.w.org\/{rel}","templated":true}]}}