{"id":4087,"date":"2022-12-07T09:53:42","date_gmt":"2022-12-07T09:53:42","guid":{"rendered":"https:\/\/toskani.com\/ch\/cookie-policy\/"},"modified":"2024-01-02T09:39:50","modified_gmt":"2024-01-02T09:39:50","slug":"cookie-policy","status":"publish","type":"page","link":"https:\/\/toskani.com\/ch\/cookie-policy\/","title":{"rendered":"Cookies-Politik"},"content":{"rendered":"<p>[vc_row css=&#8221;.vc_custom_1670407389763{margin-bottom: 5rem !important;}&#8221;][vc_column][vc_column_text]<\/p>\n<p class=\"p1\"><span class=\"s1\"><b>Verantwortlich f\u00fcr die Verarbeitung: TOSKANI, S.L.<\/b><\/span><\/p>\n<p class=\"p1\"><span class=\"s1\"><b>Eingetragener Sitz: PASSATGE CIUTADANS 4, 08005-BARCELONA.  <\/b><\/span><\/p>\n<p class=\"p2\"><span class=\"s1\"><b>VAT NO: B- 58496324<\/b><\/span><\/p>\n<p class=\"p2\"><span class=\"s1\"><b>Letzte Aktualisierung: Juni 2023<\/b><\/span><\/p>\n<p class=\"p4\"><span class=\"s1\">In dieser Cookie-Richtlinie finden Sie die Beschreibung und den Zweck jedes der verwendeten Cookies, sowie ihren Namen, den sendenden Server, ihr Ablaufdatum und in einigen F\u00e4llen das Vorhandensein eines internationalen Datentransfers.<\/span><\/p>\n<p class=\"p4\"><span class=\"s1\">Die Legitimation f\u00fcr die Verwendung von Cookies mit strikter Funktionalit\u00e4t ist durch die Tatsache gegeben, dass die Verarbeitung notwendig ist, um einer gesetzlichen Verpflichtung gem\u00e4\u00df dem Gesetz 34\/2002 (Gesetz \u00fcber die Dienste der Informationsgesellschaft und den elektronischen Handel) nachzukommen.<\/span><\/p>\n<p class=\"p4\"><span class=\"s1\">Die Rechtm\u00e4\u00dfigkeit der Verwendung von Cookies zu Analyse-, Optimierungs-, Personalisierungs-, verhaltensbezogenen Werbe- und Bewertungszwecken beruht auf der von Ihnen eingeholten Einwilligung gem\u00e4\u00df Art. 6.1.a) der Verordnung (EU) 2016\/679.<\/span><\/p>\n<p class=\"p4\"><span class=\"s1\">Wir verwenden Cookies, um Ihnen einen besseren Service zu bieten und Ihnen das Surfen zu erleichtern. Wir m\u00f6chten Sie klar und pr\u00e4zise \u00fcber die von uns verwendeten Cookies informieren und erl\u00e4utern im Folgenden, was ein Cookie ist, wof\u00fcr es verwendet wird, welche Arten von Cookies wir verwenden, welchen Zweck sie haben und wie Sie sie konfigurieren oder deaktivieren k\u00f6nnen, wenn Sie dies w\u00fcnschen.<\/span><\/p>\n<h2 class=\"p5\"><span class=\"s1\">Was sind Cookies?<\/span><\/h2>\n<p class=\"p6\"><span class=\"s1\">Ein Cookie ist eine Datei, die auf Ihren Computer heruntergeladen wird, wenn Sie die meisten Websites aufrufen. Cookies erm\u00f6glichen es einer Website unter anderem, Informationen \u00fcber die Surfgewohnheiten eines Nutzers oder seines Ger\u00e4ts zu speichern und abzurufen, und je nach den enthaltenen Informationen und der Art und Weise, wie er sein Ger\u00e4t benutzt, k\u00f6nnen sie zur Wiedererkennung des Nutzers verwendet werden. Wenn Sie auf eine Website zugreifen, die Cookies verwendet, veranlasst die Website den Browser, kleine Dateien auf Ihrem Computer (Computer, Tablet, Telefon o.\u00e4.) zu erstellen, die Informationen enthalten, die f\u00fcr den Betrieb der Website erforderlich sind. Diese Dateien, die so genannten Cookies, sind Teil der Technologie, die f\u00fcr das ordnungsgem\u00e4\u00dfe Funktionieren der Website erforderlich ist. Cookies enthalten keine spezifischen pers\u00f6nlichen Informationen, und die meisten Cookies werden am Ende Ihrer Browser-Sitzung von Ihrer Festplatte gel\u00f6scht (so genannte Sitzungs-Cookies), aber Ihr Browserverlauf und Ihre Cookies werden auf Ihrem Computer gespeichert. Cookies k\u00f6nnen, \u00e4hnlich wie der Browserverlauf oder der Cache Ihres Browsers, eine Spur Ihrer Online-Aktivit\u00e4ten hinterlassen. Dies ist besonders wichtig, wenn andere auf Ihre Ger\u00e4te zugreifen k\u00f6nnen. Falls Sie also einen gemeinsam genutzten Computer verwenden, empfehlen wir Ihnen, vor dem Abmelden Ihren Browserverlauf, den Cache und die Cookie-Informationen zu l\u00f6schen.  <\/span><\/p>\n<h2 class=\"p6\"><span class=\"s1\">Welche Arten von Cookies werden auf dieser Website verwendet?  <\/span><\/h2>\n<p class=\"p6\"><span class=\"s1\">Technische Cookies: Diese Cookies erm\u00f6glichen es dem Nutzer, auf einer Website, einer Plattform oder einer Anwendung zu surfen und die verschiedenen dort vorhandenen Optionen oder Dienste zu nutzen, wie z. B. die Steuerung des Datenverkehrs und der Datenkommunikation, die Identifizierung der Sitzung, den Zugang zu Bereichen mit eingeschr\u00e4nktem Zugang, die Erinnerung an die Elemente, aus denen eine Bestellung besteht, die Durchf\u00fchrung des Kaufvorgangs einer Bestellung, die Beantragung einer Registrierung oder die Teilnahme an einer Veranstaltung, die Verwendung von Sicherheitselementen beim Surfen, die Speicherung von Inhalten f\u00fcr die \u00dcbertragung von Videos oder Ton oder die gemeinsame Nutzung von Inhalten \u00fcber soziale Netzwerke.<\/span><\/p>\n<p class=\"p6\"><span class=\"s1\"><b>  Personalisierungs-Cookies:<\/b>  Diese erm\u00f6glichen es dem Benutzer, auf den Dienst mit einigen allgemeinen Merkmalen zuzugreifen, die nach einer Reihe von Kriterien im Endger\u00e4t des Benutzers vordefiniert sind, wie z. B. die Sprache, die Art des Browsers, der f\u00fcr den Zugriff auf den Dienst verwendet wird, die regionale Konfiguration, von der aus auf den Dienst zugegriffen wird, usw.<\/span><\/p>\n<p class=\"p6\"><span class=\"s1\"><b>Analyse-Cookies:<\/b> Es handelt sich um Cookies, die entweder von uns oder von Dritten verarbeitet werden und die es uns erm\u00f6glichen, die Anzahl der Nutzer zu quantifizieren und somit die Nutzung des angebotenen Dienstes durch die Nutzer zu messen und statistisch zu analysieren. Zu diesem Zweck wird Ihr Surfverhalten auf unserer Website analysiert, um das Angebot an Produkten und Dienstleistungen f\u00fcr Sie zu verbessern.  <\/span><\/p>\n<p class=\"p6\"><span class=\"s1\"><b>Werbe-Cookies:<\/b>  Dabei handelt es sich um Daten, die entweder von uns oder von Dritten verarbeitet werden und die es uns erm\u00f6glichen, die Bereitstellung von Werbefl\u00e4chen auf der Website so effizient wie m\u00f6glich zu verwalten und den Inhalt der Werbung an den Inhalt der angeforderten Dienstleistung oder an die Nutzung unserer Website durch Sie anzupassen. Zu diesem Zweck k\u00f6nnen wir Ihre Internet-Browsing-Gewohnheiten analysieren und Ihnen Werbung zeigen, die sich auf Ihr Browsing-Profil bezieht.<\/span><\/p>\n<p class=\"p6\"><span class=\"s1\"><b>Cookies f\u00fcr verhaltensbasierte Werbung:<\/b> Diese Cookies erm\u00f6glichen eine m\u00f6glichst effiziente Verwaltung der Werbefl\u00e4chen, die der Herausgeber gegebenenfalls auf einer Website, Anwendung oder Plattform, von der aus der angeforderte Dienst erbracht wird, eingef\u00fcgt hat. In diesen Cookies werden Informationen \u00fcber das Verhalten der Nutzer gespeichert, die durch st\u00e4ndige Beobachtung ihrer Surfgewohnheiten gewonnen werden und die es erm\u00f6glichen, ein spezifisches Profil zu erstellen, um darauf basierende Werbung anzuzeigen.<\/span><\/p>\n<p class=\"p6\"><span class=\"s1\"><b>Cookies von Drittanbietern:<\/b> Diese Website kann Dienste von Drittanbietern in Anspruch nehmen, die in ihrem Namen Informationen zu statistischen Zwecken, zur Nutzung der Website durch den Nutzer und zur Erbringung anderer Dienstleistungen im Zusammenhang mit der Aktivit\u00e4t der Website und anderer Internetdienste zusammenstellen.  <\/span><\/p>\n<h2 class=\"p6\"><span class=\"s1\">Zweck der verwendeten COOKIES<\/span><\/h2>\n<p class=\"p6\"><span class=\"s1\">Im Folgenden werden die auf unserer Website verwendeten Cookies und ihr Zweck aufgef\u00fchrt.  <b>Die Liste der in dieser Dom\u00e4ne verwendeten Cookies:<\/b><\/span><\/p>\n<p>&nbsp;<\/p>\n<table>\n<tbody>\n<tr>\n<td>Keks<\/td>\n<td>Typ<\/td>\n<td>Dauer<\/td>\n<td>Ziel und Zweck<\/td>\n<td>Datenschutzbestimmungen<\/td>\n<\/tr>\n<tr>\n<td>Google Analytics<\/td>\n<td>__utma,<br \/>\n__utmb,<br \/>\n__utmc,<br \/>\n__utmz,<br \/>\n__utmv,<\/td>\n<td>2 Jahre<br \/>\n30 Min.<br \/>\nSitzung<br \/>\n2 Jahre<br \/>\n6 Monate<\/td>\n<td>Google Analytics sendet an die IP-Adresse von Google anonyme Informationen \u00fcber die Nutzung der Website, um uns Informationen dar\u00fcber zu liefern, wie die Nutzer mit der Website interagieren.<\/td>\n<td><a href=\"https:\/\/www.toskanicosmetics.com\/es\/www.google.es\/intl\/es\/analytics\/privacyoverview.html\" target=\"_blank\" rel=\"noopener\">www.google.es\/intl\/es\/analytics\/privacyoverview.html<\/a><\/td>\n<\/tr>\n<tr>\n<td>PHPSESSID<\/td>\n<td>TECHNIK<\/td>\n<td>SESSION<\/td>\n<td>Navigierbarkeit<\/td>\n<td><\/td>\n<\/tr>\n<tr>\n<td>cookieidioma<\/td>\n<td>PERSONALISIERUNG<\/td>\n<td>10 Jahre<\/td>\n<td>Zeigen Sie dem Benutzer die Website standardm\u00e4\u00dfig in der gew\u00e4hlten Sprache an.<\/td>\n<td><\/td>\n<\/tr>\n<tr>\n<td>Promo_Intro_show<\/td>\n<td>PERSONALISIERUNG<\/td>\n<td>30 Tage<\/td>\n<td>Werbepopup ausblenden, wenn es bereits vorher angezeigt wurde<\/td>\n<td><\/td>\n<\/tr>\n<tr>\n<td>cookie-consent_status<\/td>\n<td>PERSONALISIERUNG<\/td>\n<td>1 Jahr<\/td>\n<td>Zeigen Sie die Cookie-Warnung nicht an, wenn sie bereits vorher angezeigt wurde.<\/td>\n<td><\/td>\n<\/tr>\n<\/tbody>\n<\/table>\n<p>&nbsp;<\/p>\n<h2 class=\"p1\"><span class=\"s1\">Wer verwendet die in Cookies gespeicherten Informationen?  <\/span><\/h2>\n<p class=\"p1\"><span class=\"s1\">Die in den Cookies auf unserer Website gespeicherten Informationen werden ausschlie\u00dflich von uns verwendet, mit Ausnahme der als &#8220;Drittanbieter-Cookies&#8221; bezeichneten Cookies, die von externen Stellen verwendet und verwaltet werden k\u00f6nnen, um uns Dienstleistungen zur Verbesserung unserer Dienste und der Nutzererfahrung beim Surfen auf unserer Plattform zu erbringen. Weitere Informationen \u00fcber das Konfigurationspanel f\u00fcr Cookies sind jederzeit auf unserer Website verf\u00fcgbar.<\/span><\/p>\n<h2 class=\"p4\"><span class=\"s1\">Wie lange werden wir die Informationen aufbewahren?<\/span><\/h2>\n<p class=\"p4\"><span class=\"s1\">Wir bewahren die Daten so lange auf, wie es f\u00fcr die Erbringung der angeforderten Dienstleistung erforderlich ist, bis Sie Widerspruch einlegen oder Ihre Zustimmung zur\u00fcckziehen. In diesem Fall werden die Daten in geeigneter Weise gesperrt und k\u00f6nnen von uns nur so lange verwendet werden, wie es f\u00fcr die Geltendmachung oder Verteidigung von Rechts- oder Vertragsanspr\u00fcchen erforderlich ist. Nach Ablauf dieses Zeitraums werden Ihre Daten endg\u00fcltig gel\u00f6scht.<\/span><\/p>\n<p class=\"p4\"><span class=\"s1\">Wenn wir Daten automatisch durch Cookies sammeln, beachten Sie bitte, dass einige Cookies \u00fcber Jahre hinweg gespeichert werden k\u00f6nnen. Sie k\u00f6nnen jedoch ihre Nutzung im Laufe der Zeit einschr\u00e4nken, indem Sie sie von Browsern oder Ger\u00e4ten entfernen.<\/span><\/p>\n<h2 class=\"p4\"><span class=\"s1\">Wie k\u00f6nnen Sie Cookies deaktivieren?<\/span><\/h2>\n<p class=\"p4\"><span class=\"s1\">Im Konfigurationspanel f\u00fcr Cookies, das jederzeit auf unserer Plattform zug\u00e4nglich ist, k\u00f6nnen Sie alle Informationen \u00fcber die auf dieser Website verwendeten Cookies abrufen, zusammen mit Informationen \u00fcber den Zweck, die Dauer und die Verwaltung (eigene oder durch Dritte) jedes einzelnen von ihnen, so dass Sie die Aktivierung und Deaktivierung der Verwendung von Cookies verwalten k\u00f6nnen, die f\u00fcr den Betrieb der Website nicht unbedingt erforderlich sind.  <\/span><\/p>\n<p class=\"p4\"><span class=\"s1\">Wenn Sie im Internet surfen, k\u00f6nnen Sie die Verwendung von Cookies in Ihrem Browser auch deaktivieren. Wir zeigen Ihnen, wie Sie dies in den g\u00e4ngigsten Browsern tun k\u00f6nnen:  <\/span><\/p>\n<p class=\"p6\"><span class=\"s2\">Chrom: <a href=\"http:\/\/support.google.com\/chrome\/bin\/answer.py?hl=es&amp;answer=95647\"><br \/>\n  <span class=\"s3\">http:\/\/support.google.com\/chrome\/bin\/answer.py?hl=es&amp;answer=95647<\/span><br \/>\n<\/a><\/span><\/p>\n<p class=\"p6\"><span class=\"s2\">Forscher: <a href=\"http:\/\/windows.microsoft.com\/es-es\/windows7\/how-to-manage-cookies-in-internet-explorer-9\"><br \/>\n  <span class=\"s3\">http:\/\/windows.microsoft.com\/es-es\/windows7\/how-to-manage-cookies-in-internet-explorer-9<\/span><br \/>\n<\/a><\/span><\/p>\n<p class=\"p6\"><span class=\"s2\">Firefox: <a href=\"http:\/\/support.mozilla.org\/es\/kb\/habilitar-y-deshabilitar-cookies-que-los-sitios-we\"><br \/>\n  <span class=\"s3\">http:\/\/support.mozilla.org\/es\/kb\/habilitar-y-deshabilitar-cookies-que-los-sitios-we<\/span><br \/>\n<\/a><\/span><\/p>\n<p class=\"p6\"><span class=\"s2\">Safari: <a href=\"http:\/\/support.apple.com\/kb\/ph5042\"><br \/>\n  <span class=\"s3\">http:\/\/support.apple.com\/kb\/ph5042<\/span><br \/>\n<\/a><\/span><\/p>\n<p class=\"p6\"><span class=\"s2\">Safari f\u00fcr iOS:<a href=\"http:\/\/support.apple.com\/kb\/HT1677?viewlocale=es_ES&amp;locale=es_ES\"><br \/>\n  <span class=\"s3\">http:\/\/support.apple.com\/kb\/HT1677?viewlocale=es_ES&amp;locale=es_ES<\/span><br \/>\n<\/a><\/span><\/p>\n<p class=\"p4\"><span class=\"s1\">Von dieser M\u00f6glichkeit, die Verwendung von Cookies zu verhindern, kann jederzeit Gebrauch gemacht werden.<\/span><\/p>\n<p class=\"p4\"><span class=\"s1\">Bitte beachten Sie, dass sowohl die Verwaltung der Cookie-Einstellungen als auch Ihre Entscheidung, Cookies abzulehnen, von dem von Ihnen verwendeten Browser abh\u00e4ngen. Wenn Sie sich also daf\u00fcr entscheiden, Cookies auf eine bestimmte Art und Weise auf einem Ger\u00e4t einzustellen, und Sie m\u00f6chten, dass Ihre Entscheidung in \u00e4hnlicher Weise auch f\u00fcr ein anderes Ger\u00e4t gilt, m\u00fcssen Sie die gleiche Option f\u00fcr dieses andere Ger\u00e4t aktivieren.<\/span><\/p>\n<h2 class=\"p9\"><span class=\"s1\">\u00c4nderungen der Cookie-Richtlinie<\/span><\/h2>\n<p class=\"p9\"><span class=\"s1\">Diese Cookie-Richtlinie kann ge\u00e4ndert werden, wenn dies aufgrund der jeweils geltenden Gesetzgebung erforderlich ist oder wenn sich die Art der auf der Website verwendeten Cookies \u00e4ndert. Wir empfehlen Ihnen daher, diese Richtlinie bei jedem Zugriff auf unsere Website zu lesen, damit Sie genau wissen, wie und wozu wir Cookies verwenden.<\/span><\/p>\n<p>[\/vc_column_text][\/vc_column][\/vc_row]<\/p>\n","protected":false},"excerpt":{"rendered":"<p>[vc_row css=&#8221;.vc_custom_1670407389763{margin-bottom: 5rem !important;}&#8221;][vc_column][vc_column_text] Verantwortlich f\u00fcr die Verarbeitung: TOSKANI, S.L. Eingetragener Sitz: PASSATGE CIUTADANS 4, 08005-BARCELONA. VAT NO: B- 58496324 Letzte Aktualisierung: Juni 2023 In dieser Cookie-Richtlinie finden Sie die [&hellip;]<\/p>\n","protected":false},"author":1,"featured_media":0,"parent":0,"menu_order":0,"comment_status":"closed","ping_status":"closed","template":"","meta":{"footnotes":""},"class_list":["post-4087","page","type-page","status-publish","hentry"],"acf":[],"aioseo_notices":[],"_links":{"self":[{"href":"https:\/\/toskani.com\/ch\/wp-json\/wp\/v2\/pages\/4087","targetHints":{"allow":["GET"]}}],"collection":[{"href":"https:\/\/toskani.com\/ch\/wp-json\/wp\/v2\/pages"}],"about":[{"href":"https:\/\/toskani.com\/ch\/wp-json\/wp\/v2\/types\/page"}],"author":[{"embeddable":true,"href":"https:\/\/toskani.com\/ch\/wp-json\/wp\/v2\/users\/1"}],"replies":[{"embeddable":true,"href":"https:\/\/toskani.com\/ch\/wp-json\/wp\/v2\/comments?post=4087"}],"version-history":[{"count":2,"href":"https:\/\/toskani.com\/ch\/wp-json\/wp\/v2\/pages\/4087\/revisions"}],"predecessor-version":[{"id":6021,"href":"https:\/\/toskani.com\/ch\/wp-json\/wp\/v2\/pages\/4087\/revisions\/6021"}],"wp:attachment":[{"href":"https:\/\/toskani.com\/ch\/wp-json\/wp\/v2\/media?parent=4087"}],"curies":[{"name":"wp","href":"https:\/\/api.w.org\/{rel}","templated":true}]}}