{"id":5002,"date":"2023-05-17T11:45:23","date_gmt":"2023-05-17T11:45:23","guid":{"rendered":"https:\/\/toskani.com\/ch\/product\/hyaluron-1\/"},"modified":"2024-01-02T09:25:31","modified_gmt":"2024-01-02T09:25:31","slug":"ialurone-1","status":"publish","type":"product","link":"https:\/\/toskani.com\/ch\/it\/prodotto\/ialurone-1\/","title":{"rendered":"Ialurone 1"},"content":{"rendered":"<p>Soluzione con l&#8217;1% di acido ialuronico per un effetto idratante, rivitalizzante e anti-et\u00e0.<\/p>\n<p>L&#8217;acido ialuronico \u00e8 una sostanza naturale della pelle con una grande azione idratante grazie alla sua elevata capacit\u00e0 di trattenere acqua, fino a mille volte il suo peso molecolare. Stimola la sintesi del collagene, dona elasticit\u00e0 alla pelle e aiuta a prevenire la comparsa delle rughe.<span class=\"Apple-converted-space\"> <\/span><\/p>\n","protected":false},"excerpt":{"rendered":"<p>Soluzione con l&#8217;1% di acido ialuronico per un effetto idratante, rivitalizzante e anti-et\u00e0. L&#8217;acido ialuronico \u00e8 una sostanza naturale della pelle con una grande azione idratante grazie alla sua elevata [&hellip;]<\/p>\n","protected":false},"featured_media":5003,"template":"","meta":[],"product_cat":[183,135,136],"product_tag":[],"class_list":["post-5002","product","type-product","status-publish","has-post-thumbnail","hentry","product_cat-ampollas-it","product_cat-antiedad-it","product_cat-facial-it"],"acf":[],"aioseo_notices":[],"_links":{"self":[{"href":"https:\/\/toskani.com\/ch\/it\/wp-json\/wp\/v2\/product\/5002","targetHints":{"allow":["GET"]}}],"collection":[{"href":"https:\/\/toskani.com\/ch\/it\/wp-json\/wp\/v2\/product"}],"about":[{"href":"https:\/\/toskani.com\/ch\/it\/wp-json\/wp\/v2\/types\/product"}],"wp:featuredmedia":[{"embeddable":true,"href":"https:\/\/toskani.com\/ch\/it\/wp-json\/wp\/v2\/media\/5003"}],"wp:attachment":[{"href":"https:\/\/toskani.com\/ch\/it\/wp-json\/wp\/v2\/media?parent=5002"}],"wp:term":[{"taxonomy":"product_cat","embeddable":true,"href":"https:\/\/toskani.com\/ch\/it\/wp-json\/wp\/v2\/product_cat?post=5002"},{"taxonomy":"product_tag","embeddable":true,"href":"https:\/\/toskani.com\/ch\/it\/wp-json\/wp\/v2\/product_tag?post=5002"}],"curies":[{"name":"wp","href":"https:\/\/api.w.org\/{rel}","templated":true}]}}