{"id":4983,"date":"2023-05-17T11:48:28","date_gmt":"2023-05-17T11:48:28","guid":{"rendered":"https:\/\/toskani.com\/ch\/product\/hyaluron-35\/"},"modified":"2024-01-02T09:25:31","modified_gmt":"2024-01-02T09:25:31","slug":"ialurone-35","status":"publish","type":"product","link":"https:\/\/toskani.com\/ch\/it\/prodotto\/ialurone-35\/","title":{"rendered":"Ialurone 3,5"},"content":{"rendered":"<p>Soluzione con il 3,5% di acido ialuronico per un effetto idratante, rivitalizzante e anti-et\u00e0.<\/p>\n<p>L&#8217;acido ialuronico \u00e8 una sostanza naturale della pelle con una grande azione idratante grazie alla sua elevata capacit\u00e0 di trattenere acqua, fino a mille volte il suo peso molecolare. Stimola la sintesi del collagene, dona elasticit\u00e0 alla pelle e aiuta a prevenire la comparsa delle rughe.<span class=\"Apple-converted-space\"> <\/span><\/p>\n","protected":false},"excerpt":{"rendered":"<p>Soluzione con il 3,5% di acido ialuronico per un effetto idratante, rivitalizzante e anti-et\u00e0. L&#8217;acido ialuronico \u00e8 una sostanza naturale della pelle con una grande azione idratante grazie alla sua [&hellip;]<\/p>\n","protected":false},"featured_media":4984,"template":"","meta":[],"product_cat":[183,135,136],"product_tag":[],"class_list":["post-4983","product","type-product","status-publish","has-post-thumbnail","hentry","product_cat-ampollas-it","product_cat-antiedad-it","product_cat-facial-it"],"acf":[],"aioseo_notices":[],"_links":{"self":[{"href":"https:\/\/toskani.com\/ch\/it\/wp-json\/wp\/v2\/product\/4983","targetHints":{"allow":["GET"]}}],"collection":[{"href":"https:\/\/toskani.com\/ch\/it\/wp-json\/wp\/v2\/product"}],"about":[{"href":"https:\/\/toskani.com\/ch\/it\/wp-json\/wp\/v2\/types\/product"}],"wp:featuredmedia":[{"embeddable":true,"href":"https:\/\/toskani.com\/ch\/it\/wp-json\/wp\/v2\/media\/4984"}],"wp:attachment":[{"href":"https:\/\/toskani.com\/ch\/it\/wp-json\/wp\/v2\/media?parent=4983"}],"wp:term":[{"taxonomy":"product_cat","embeddable":true,"href":"https:\/\/toskani.com\/ch\/it\/wp-json\/wp\/v2\/product_cat?post=4983"},{"taxonomy":"product_tag","embeddable":true,"href":"https:\/\/toskani.com\/ch\/it\/wp-json\/wp\/v2\/product_tag?post=4983"}],"curies":[{"name":"wp","href":"https:\/\/api.w.org\/{rel}","templated":true}]}}