{"id":5718,"date":"2022-12-07T10:43:15","date_gmt":"2022-12-07T10:43:15","guid":{"rendered":"https:\/\/toskani.com\/ch\/privacy-policy\/"},"modified":"2024-01-02T09:39:50","modified_gmt":"2024-01-02T09:39:50","slug":"privacy-policy","status":"publish","type":"page","link":"https:\/\/toskani.com\/ch\/it\/privacy-policy\/","title":{"rendered":"Informativa sulla privacy"},"content":{"rendered":"<p>[vc_row css=&#8221;.vc_custom_1670409856432{margin-bottom: 5rem !important;}&#8221;][vc_column][vc_column_text]<\/p>\n<div class=\"page\" title=\"Pagina 1\">\n<div class=\"layoutArea\">\n<div class=\"column\">\n<p><strong>Titolare del trattamento dei dati:<\/strong><\/p>\n<p><strong>Nome della societ\u00e0: TOSKANI, S.L.<\/strong><br \/>\n<strong>Sede legale: PASSATGE CIUTADANS 4, 08005-BARCELLONA. NIF: B- 58496324,<\/strong><br \/>\n<strong>e-Mail: rgpd@toskani.com\/ch<\/strong><\/p>\n<p><strong>Ultimo aggiornamento: giugno 2023<\/strong><\/p>\n<p><strong>Il Titolare del trattamento<\/strong> garantisce l&#8217;osservanza della LOPDGDD- Legge organica 3\/2018, la<\/p>\n<p>Regolamento (UE) 2016\/679 e Legge 34\/2002.<\/p>\n<p>La presente Informativa sulla privacy descrive il modo in cui TOSKANI, S.L. raccoglie, utilizza, archivia e divulga le informazioni personali raccolte attraverso il nostro sito web. Garantiamo la vostra privacy e ci impegniamo a proteggere i vostri dati personali. Utilizzando i nostri Servizi, registrandosi o acquistando i nostri prodotti o servizi, l&#8217;utente accetta il trattamento dei propri dati come descritto nella presente Informativa sulla privacy:<\/p>\n<h2>1. Informazioni raccolte<\/h2>\n<\/div>\n<\/div>\n<div class=\"layoutArea\">\n<div class=\"column\">\n<p>Possiamo raccogliere le seguenti informazioni personali quando l&#8217;utente interagisce con noi:<\/p>\n<ul>\n<li>Informazioni di identificazione personale, come nome, indirizzo, indirizzo e-mail, numero di telefono e altre informazioni fornite volontariamente al momento della registrazione o dell&#8217;acquisto dei nostri prodotti.<\/li>\n<li>Informazioni sull&#8217;account e sui pagamenti, come le informazioni sull&#8217;account utente, la cronologia degli acquisti, le preferenze di pagamento e altre informazioni relative alla fatturazione.<\/li>\n<li>Informazioni sulla vostra domanda.<\/li>\n<li>Informazioni sull&#8217;uso e sulla tecnologia, come l&#8217;indirizzo IP, i dati di log, il tipo di dispositivo, il browser web utilizzato, le pagine visitate, la posizione geografica approssimativa e altre informazioni raccolte automaticamente tramite cookie o altre tecnologie di tracciamento. Si prega di notare che, fornendoci le proprie informazioni personali, l&#8217;utente garantisce che queste sono vere e accurate e accetta di notificarci qualsiasi cambiamento o modifica delle stesse. L&#8217;utente \u00e8 l&#8217;unico responsabile di eventuali perdite o danni causati dalla comunicazione di informazioni errate, imprecise o incomplete nei moduli di registrazione, richiesta, acquisto o abbonamento.<\/li>\n<\/ul>\n<\/div>\n<\/div>\n<div class=\"layoutArea\">\n<div class=\"column\">\n<h2>2. Scopo delle informazioni raccolte<\/h2>\n<p>Utilizziamo le informazioni personali raccolte per i seguenti scopi:<\/p>\n<ul>\n<li>Per fornire, mantenere e migliorare i nostri Servizi o Prodotti.<\/li>\n<li>Personalizzare e adattare l&#8217;esperienza dell&#8217;utente.<\/li>\n<li>Elaborare transazioni e inviare informazioni relative ai vostri acquisti o alle vostre richieste.<\/li>\n<li>Comunicare con voi e rispondere alle vostre domande e richieste.<\/li>\n<li>Per inviare comunicazioni di marketing e promozionali, a condizione che l&#8217;utente abbia dato il proprio consenso o abbia un rapporto attivo con noi.<\/li>\n<li>Partecipare come candidato ai nostri processi di selezione.<\/li>\n<li>Per adempiere ai nostri obblighi legali e risolvere le controversie.<\/li>\n<\/ul>\n<h2>3. Legittimit\u00e0 del trattamento dei dati<\/h2>\n<p>Il trattamento dei Suoi dati personali sar\u00e0 effettuato in conformit\u00e0 alla normativa vigente e si baser\u00e0 sulle seguenti basi giuridiche:<\/p>\n<p>Esecuzione di un contratto. Il trattamento dei vostri dati personali pu\u00f2 essere necessario per l&#8217;esecuzione di un contratto. Ad esempio, utilizziamo i vostri dati per elaborare e spedire i vostri ordini, gestire i pagamenti e garantire la consegna di prodotti o servizi.<\/p>\n<p>Conformit\u00e0 agli obblighi di legge. Potremmo aver bisogno di trattare i vostri dati personali per adempiere agli obblighi di legge a cui siamo soggetti. Ad esempio, potremmo essere obbligati a conservare determinate informazioni a fini contabili o fiscali.<\/p>\n<p>Consenso. In alcuni casi, chiederemo il vostro consenso esplicito prima di trattare i vostri dati personali. Vi informeremo dello scopo specifico per il quale stiamo chiedendo il vostro consenso e sarete liberi di dare il vostro consenso.<\/p>\n<\/div>\n<\/div>\n<\/div>\n<div class=\"page\" title=\"Pagina 2\">\n<div class=\"layoutArea\">\n<div class=\"column\">\n<p>o negarlo. Se avete dato il vostro consenso, potete revocarlo in qualsiasi momento, il che non pregiudicher\u00e0 la liceit\u00e0 del trattamento effettuato fino a quel momento.<\/p>\n<p>Interessi legittimi Possiamo trattare i vostri dati personali quando \u00e8 necessario per i nostri interessi legittimi. Ad esempio, possiamo utilizzare le vostre informazioni per migliorare i nostri prodotti e servizi, effettuare analisi statistiche e condurre attivit\u00e0 di marketing diretto, come ragionevolmente riteniamo sia nel vostro interesse.<\/p>\n<p>Realizzazione di un interesse pubblico. In alcuni casi, potremmo aver bisogno di trattare i vostri dati personali per soddisfare un interesse pubblico. Ci\u00f2 pu\u00f2 includere la prevenzione delle frodi, la sicurezza delle reti e delle informazioni, nonch\u00e9 la cooperazione con le autorit\u00e0.<\/p>\n<h2>4. Condivisione delle informazioni<\/h2>\n<p>Possiamo condividere i vostri dati personali con terzi nelle seguenti circostanze:<\/p>\n<p>Fornitori di servizi: possiamo condividere le informazioni con terze parti che ci aiutano a fornire e migliorare i nostri Servizi, come processori di pagamento, fornitori di servizi di hosting, servizi di analisi e altri fornitori di servizi correlati.<\/p>\n<p>Conformit\u00e0 legale: possiamo divulgare le informazioni personali se ci viene richiesto dalla legge, da un regolamento o da un procedimento legale valido.<\/p>\n<p>Consenso: se l&#8217;utente ha dato il suo esplicito consenso, possiamo condividere le sue informazioni con terzi per scopi di marketing, promozionali o simili.<\/p>\n<h2>5. Dati di terzi<\/h2>\n<p>Se ci fornite i dati personali di terzi, dovete assicurarvi di avere un consenso appropriato e legalmente valido da parte di queste persone prima di condividere i loro dati con noi.<\/p>\n<p>Fornendo i dati di terzi, l&#8217;utente dichiara e garantisce di avere il consenso espresso e valido di tali persone e di averle informate su come utilizzeremo i loro dati in conformit\u00e0 con la presente informativa sulla privacy. L&#8217;utente ci esonera da qualsiasi responsabilit\u00e0 per eventuali danni o reclami derivanti dalla mancanza di un adeguato consenso al trattamento di tali dati.<\/p>\n<h2>6. Conservazione dei dati personali<\/h2>\n<p>Conserveremo i dati personali dell&#8217;utente per il tempo necessario a soddisfare gli scopi indicati nella presente informativa sulla privacy, a meno che un periodo di conservazione pi\u00f9 lungo sia richiesto o consentito dalla legge.<\/p>\n<p>La conservazione dei vostri dati personali sar\u00e0 soggetta alle seguenti considerazioni:<\/p>\n<p>Durata del rapporto contrattuale. Se avete un account utente registrato, conserveremo i vostri dati personali per tutto il tempo in cui il vostro account sar\u00e0 attivo.<\/p>\n<p>Conformit\u00e0 agli obblighi di legge. Possiamo conservare alcune informazioni personali per ottemperare a obblighi di legge, requisiti contabili o fiscali.<\/p>\n<p>Interessi legittimi. Conserveremo tali dati per il tempo necessario ai fini aziendali legittimi.<\/p>\n<p>Consenso. Se avete dato il vostro consenso a qualsiasi trattamento per scopi specifici, conserveremo i vostri dati fino a quando non deciderete di ritirare il vostro consenso.<\/p>\n<p>Curriculum o processi di selezione. Conserveremo i vostri dati per un anno.<br \/>\nAl termine del periodo di conservazione li cancelleremo in modo sicuro o li renderemo anonimi, a meno che non sia obbligato a farlo.<\/p>\n<p>legale.<\/p>\n<h2>7. Collegamenti alle reti sociali<\/h2>\n<p>Possiamo includere link a siti di social media per offrirvi un&#8217;esperienza di acquisto pi\u00f9 interattiva. Si noti che questi link ai social media possono reindirizzare l&#8217;utente a piattaforme esterne sulle quali non abbiamo alcun controllo.<\/p>\n<p>Cliccando su tali link e accedendo ai social network, i vostri dati personali potrebbero essere raccolti ed elaborati da terzi. Queste terze parti operano in conformit\u00e0 alle proprie politiche sulla privacy e ai propri termini d&#8217;uso, pertanto vi invitiamo a esaminare attentamente tali politiche prima di fornire dati personali su tali piattaforme.<\/p>\n<\/div>\n<\/div>\n<\/div>\n<div class=\"page\" title=\"Pagina 3\">\n<div class=\"layoutArea\">\n<div class=\"column\">\n<p>Non siamo responsabili delle pratiche in materia di privacy o dei contenuti dei social network a cui l&#8217;utente pu\u00f2 accedere tramite link dal nostro sito web.<\/p>\n<h2>8. Esercizio dei diritti<\/h2>\n<p>In conformit\u00e0 con la legislazione applicabile in materia di protezione dei dati, l&#8217;utente pu\u00f2 esercitare i diritti indicati di seguito;<\/p>\n<p>Diritto di accesso. Avete il diritto di ottenere la conferma che stiamo trattando i vostri dati personali e, in tal caso, di accedere a tali dati e ottenere informazioni dettagliate.<\/p>\n<p>Diritto di rettifica. Se i dati personali sono inesatti o non aggiornati, l&#8217;utente ha il diritto di chiedere che vengano corretti o aggiornati senza indugio.<\/p>\n<p>Diritto di cancellazione (diritto all&#8217;oblio). In determinate circostanze, l&#8217;utente pu\u00f2 richiedere la cancellazione dei propri dati personali.<\/p>\n<p>Diritto alla limitazione del trattamento. Avete il diritto di richiedere la limitazione del trattamento dei vostri dati personali.<\/p>\n<p>Diritto alla portabilit\u00e0 dei dati. Avete il diritto di ricevere i dati personali che ci avete fornito in un formato strutturato, di uso comune e leggibile da una macchina, a condizione che il trattamento sia basato sul consenso o su un contratto e sia effettuato con mezzi automatizzati.<\/p>\n<p>Diritto di opposizione. Potete opporvi al trattamento dei vostri dati personali in determinate circostanze. Diritto di presentare un reclamo. L&#8217;utente ha il diritto di presentare un reclamo all&#8217;AGENCIA ESPA\u00d1OLA DE<\/p>\n<p>PROTEZIONE DEI DATI su <a href=\"https:\/\/www.aepd.es\/\">www.agpd.es.<\/a><\/p>\n<p>Se desiderate esercitare uno di questi diritti o revocare un consenso, contattateci all&#8217;indirizzo PASSATGE CIUTADANS 4, 08005-BARCELLONA. o su rgpd@toskani.com\/ch. Disponiamo di moduli per l&#8217;esercizio dei vostri diritti, dovete richiederli a noi. Questi moduli devono essere firmati elettronicamente o accompagnati da una fotocopia della carta d&#8217;identit\u00e0.<\/p>\n<h2>9. Trasferimenti internazionali<\/h2>\n<p>In generale, non effettuiamo trasferimenti internazionali al di fuori dell&#8217;UE. Tuttavia, nell&#8217;ambito delle nostre attivit\u00e0, potremmo trasferire i vostri dati personali a destinatari situati in paesi al di fuori dello Spazio economico europeo (SEE). In questi casi, ci assicureremo che siano in atto adeguate misure di salvaguardia per proteggerli attraverso clausole contrattuali standard approvate dalla Commissione Europea o qualsiasi altra misura legalmente riconosciuta per garantire un&#8217;adeguata protezione dei vostri dati personali durante il trasferimento.<\/p>\n<p><strong>Per ulteriori informazioni, contattateci all&#8217;indirizzo <a href=\"mailto:rgpd@toskani.com\/ch\">rgpd@toskani.com\/ch<\/a> 10. Misure di sicurezza.<\/strong><\/p>\n<p>Ci impegniamo a garantire la sicurezza dei vostri dati personali e a proteggerli da accessi, divulgazioni o alterazioni non autorizzate. A tal fine, implementiamo misure tecniche, amministrative e organizzative adeguate per proteggere la riservatezza, l&#8217;integrit\u00e0 e la disponibilit\u00e0 dei vostri dati.<\/p>\n<p>Nonostante le nostre migliori pratiche di sicurezza, \u00e8 necessario tenere presente che nessuna misura di sicurezza \u00e8 completamente infallibile. Se venite a conoscenza di eventuali vulnerabilit\u00e0 o sospettate un uso improprio dei vostri dati personali, vi invitiamo a informarci immediatamente utilizzando i dettagli di contatto forniti all&#8217;inizio della nostra politica sulla privacy.<\/p>\n<\/div>\n<\/div>\n<\/div>\n<p>[\/vc_column_text][\/vc_column][\/vc_row]<\/p>\n","protected":false},"excerpt":{"rendered":"<p>[vc_row css=&#8221;.vc_custom_1670409856432{margin-bottom: 5rem !important;}&#8221;][vc_column][vc_column_text] Titolare del trattamento dei dati: Nome della societ\u00e0: TOSKANI, S.L. Sede legale: PASSATGE CIUTADANS 4, 08005-BARCELLONA. NIF: B- 58496324, e-Mail: rgpd@toskani.com\/ch Ultimo aggiornamento: giugno 2023 Il [&hellip;]<\/p>\n","protected":false},"author":1,"featured_media":0,"parent":0,"menu_order":0,"comment_status":"closed","ping_status":"closed","template":"","meta":{"footnotes":""},"class_list":["post-5718","page","type-page","status-publish","hentry"],"acf":[],"aioseo_notices":[],"_links":{"self":[{"href":"https:\/\/toskani.com\/ch\/it\/wp-json\/wp\/v2\/pages\/5718","targetHints":{"allow":["GET"]}}],"collection":[{"href":"https:\/\/toskani.com\/ch\/it\/wp-json\/wp\/v2\/pages"}],"about":[{"href":"https:\/\/toskani.com\/ch\/it\/wp-json\/wp\/v2\/types\/page"}],"author":[{"embeddable":true,"href":"https:\/\/toskani.com\/ch\/it\/wp-json\/wp\/v2\/users\/1"}],"replies":[{"embeddable":true,"href":"https:\/\/toskani.com\/ch\/it\/wp-json\/wp\/v2\/comments?post=5718"}],"version-history":[{"count":7,"href":"https:\/\/toskani.com\/ch\/it\/wp-json\/wp\/v2\/pages\/5718\/revisions"}],"predecessor-version":[{"id":6020,"href":"https:\/\/toskani.com\/ch\/it\/wp-json\/wp\/v2\/pages\/5718\/revisions\/6020"}],"wp:attachment":[{"href":"https:\/\/toskani.com\/ch\/it\/wp-json\/wp\/v2\/media?parent=5718"}],"curies":[{"name":"wp","href":"https:\/\/api.w.org\/{rel}","templated":true}]}}