{"id":5703,"date":"2022-12-07T09:31:30","date_gmt":"2022-12-07T09:31:30","guid":{"rendered":"https:\/\/toskani.com\/ch\/legal-notice\/"},"modified":"2024-01-02T09:39:49","modified_gmt":"2024-01-02T09:39:49","slug":"legal-notice","status":"publish","type":"page","link":"https:\/\/toskani.com\/ch\/it\/legal-notice\/","title":{"rendered":"Avviso legale"},"content":{"rendered":"<p>[vc_row][vc_column][vc_column_text]<\/p>\n<div class=\"page\" title=\"Pagina 1\">\n<div class=\"layoutArea\">\n<div class=\"column\">\n<p>In conformit\u00e0 alla Legge Organica LOPD-GDD 3\/2018, nonch\u00e9 al Regolamento (UE) 2016\/679 del 27 aprile 2016 (RGPD), cos\u00ec come alla Legge 34\/2002, dell&#8217;11 luglio, sui Servizi della Societ\u00e0 dell&#8217;Informazione e del Commercio Elettronico (LSSICE o LSSI) vi informiamo che questo sito web \u00e8 di responsabilit\u00e0 di:<\/p>\n<p><strong>Nome della societ\u00e0: TOSKANI, S.L.<\/strong><br \/>\n<strong>Sede legale: PASSATGE CIUTADANS 4, 08005-BARCELLONA. NIF: B- 58496324,<\/strong><br \/>\n<strong>e-Mail: rgpd@toskani.com\/ch<\/strong><\/p>\n<p><strong>Ultimo aggiornamento: giugno 2023<\/strong><\/p>\n<p><strong>Registrato nel Registro Mercantile di Barcellona, nel Volume 9216, Folio 78 Libro; 2425.72a, Pagina 111013, Iscrizione 1a.<\/strong><\/p>\n<p>Allo stesso modo, La informiamo che i Suoi dati personali eventualmente raccolti in questa comunicazione saranno trattati per la gestione e l&#8217;assistenza ai servizi richiesti, e secondo le linee guida della nostra politica sulla privacy, che pu\u00f2 essere consultata nella sezione &#8220;Privacy Policy&#8221; del nostro sito web.<\/p>\n<p>L&#8217;utilizzo del Sito richiede l&#8217;accettazione espressa da parte dell&#8217;utente di tutte le clausole indicate nel presente Avviso Legale, nonch\u00e9 di tutte le avvertenze o clausole specifiche stabilite per la contrattazione di determinati servizi, acquisti o utilizzo di aree del Sito.<\/p>\n<p>In caso di mancata accettazione delle clausole stabilite nel presente Avviso legale, l&#8217;utente dovr\u00e0 astenersi dall&#8217;accesso e\/o dall&#8217;utilizzo dei servizi e\/o dei contenuti messi a sua disposizione sul Sito e dovr\u00e0 abbandonare lo stesso.<\/p>\n<h2>UTILIZZO DEL SITO<\/h2>\n<p>L&#8217;utente si impegna a non utilizzare il Sito per svolgere attivit\u00e0 contrarie alla legge, al buon costume, all&#8217;ordine pubblico e, in generale, a utilizzarlo in conformit\u00e0 alle condizioni stabilite nel presente Avviso legale. Si impegna inoltre a non svolgere attivit\u00e0 pubblicitarie o di sfruttamento commerciale inviando messaggi utilizzando una falsa identit\u00e0.<\/p>\n<p>TOSKANI, S.L. agisce esclusivamente come responsabile del Sito in qualit\u00e0 di fornitore di un servizio di informazione sui propri servizi e sulla vendita di articoli, e non si assume alcuna responsabilit\u00e0 per i contenuti che, in violazione delle presenti condizioni generali.<\/p>\n<p>TOSKANI, S.L. potr\u00e0 interrompere il servizio del Sito utilizzato dall&#8217;utente e interrompere immediatamente il rapporto con l&#8217;utente nel caso in cui rilevi un uso del Sito o di uno qualsiasi dei servizi offerti che possa ritenere contrario a quanto espresso nel presente Avviso legale.<\/p>\n<h2>PROPRIET\u00c0 INTELLETTUALE E INDUSTRIALE<\/h2>\n<p>La totalit\u00e0 di questo sito web: testi, design dei prodotti, immagini, marchi, grafici, loghi, pulsanti, file software, combinazioni di colori, nonch\u00e9 la struttura, la selezione, l&#8217;ordine e la presentazione dei contenuti e dei prodotti, \u00e8 protetta dalle leggi sulla Propriet\u00e0 Intellettuale e Industriale, e ne \u00e8 vietata la riproduzione, la distribuzione, la comunicazione pubblica e la trasformazione, se non per uso personale e privato.<\/p>\n<p>La Societ\u00e0 non garantisce che i contenuti siano accurati o privi di errori o che il libero utilizzo dei contenuti da parte dell&#8217;utente non violi i diritti di terzi. L&#8217;uso o l&#8217;abuso di questo sito e dei suoi contenuti \u00e8 a rischio dell&#8217;utente.<\/p>\n<\/div>\n<\/div>\n<\/div>\n<div class=\"page\" title=\"Pagina 2\">\n<div class=\"layoutArea\">\n<div class=\"column\">\n<p>Allo stesso modo, \u00e8 vietata la riproduzione, la ritrasmissione, la copia, il trasferimento o la ritrasmissione, totale o parziale, delle informazioni contenute nel Sito, per qualsiasi scopo e con qualsiasi mezzo, senza la nostra preventiva autorizzazione.<\/p>\n<h2>LINK<\/h2>\n<p>Il Sito pu\u00f2 contenere link a siti di terzi. Le pagine appartenenti a terzi non sono state controllate e non vengono controllate da noi. In ogni caso, non possiamo essere ritenuti responsabili per il contenuto di questi siti web o per le misure adottate in merito alla vostra privacy o al trattamento dei vostri dati personali. Si consiglia di leggere attentamente le condizioni d&#8217;uso e l&#8217;informativa sulla privacy di questi siti.<\/p>\n<p>Se siete interessati ad attivare un link al nostro sito web, dovete informarci e ottenere il consenso esplicito alla creazione del link. TOSKANI, S.L. si riserva il diritto di opporsi all&#8217;attivazione di link al proprio sito web.<\/p>\n<h2>RESPONSABILIT\u00c0<\/h2>\n<p>La Societ\u00e0 non sar\u00e0 direttamente o indirettamente responsabile per:<\/p>\n<p>La velocit\u00e0 di accesso, il corretto funzionamento e la disponibilit\u00e0 e continuit\u00e0 di funzionamento del Sito.<\/p>\n<p>I danni che possono essere causati alle apparecchiature dell&#8217;utente dall&#8217;uso del Sito.<\/p>\n<p>Casi in cui un terzo, in violazione delle misure di sicurezza stabilite, accede ai messaggi o li utilizza per la trasmissione di virus informatici.<\/p>\n<p>La liceit\u00e0, l&#8217;affidabilit\u00e0 e l&#8217;utilit\u00e0 dei contenuti che gli utenti trasmettono attraverso l&#8217;uso del sito web o dei servizi in esso offerti, nonch\u00e9 la loro veridicit\u00e0 o accuratezza. La Societ\u00e0 non controlla l&#8217;uso che gli utenti fanno del Sito, n\u00e9 garantisce che essi lo facciano in conformit\u00e0 con le disposizioni del presente Avviso legale.<\/p>\n<p>A titolo esemplificativo e non esaustivo, l&#8217;utente sar\u00e0 responsabile di:<\/p>\n<p>dei contenuti da loro inseriti, in particolare dei dati e delle informazioni inseriti e inviati alla Societ\u00e0 tramite il Sito o sul Sito.<\/p>\n<p>Dal compiere qualsiasi tipo di azione illecita, lesiva dei diritti di terzi o dannosa e\/o nociva.<\/p>\n<p>L&#8217;utente sar\u00e0 sempre responsabile della custodia della propria password di accesso, se ne possiede una, e non dovr\u00e0 comunicarla a terzi per evitare furti di identit\u00e0.<\/p>\n<h2>PROTEZIONE DEI DATI<\/h2>\n<p>TOSKANI, S.L. informa gli utenti del suo sito web della legislazione vigente in materia di protezione dei dati personali, della privacy degli utenti e della segretezza e sicurezza dei dati personali nella sezione &#8220;Informativa sulla privacy&#8221; del nostro sito web.<\/p>\n<p>TOSKANI, S.L. informa che sono state adottate le misure tecniche e organizzative necessarie per garantire la sicurezza dei dati personali inviati e per evitarne l&#8217;alterazione, la perdita, il trattamento non autorizzato o l&#8217;accesso, tenendo conto dello stato della tecnologia, della natura dei dati e dei rischi a cui sono esposti.<\/p>\n<p>La navigazione sul Sito lascia come traccia l&#8217;indirizzo IP assegnato dal vostro provider di accesso,<\/p>\n<p>questi dati saranno utilizzati esclusivamente per la compilazione di dati statistici del Sito.<\/p>\n<h2>FORUM<\/h2>\n<\/div>\n<\/div>\n<\/div>\n<div class=\"page\" title=\"Pagina 3\">\n<div class=\"layoutArea\">\n<div class=\"column\">\n<p>Per qualsiasi tipo di controversia derivante dall&#8217;uso dei servizi offerti o dei contenuti del sito web, le parti, con l&#8217;accettazione delle clausole stabilite nel presente Avviso Legale, si sottoporranno alle Corti e ai Tribunali competenti di Barcellona.<\/p>\n<\/div>\n<\/div>\n<\/div>\n<p>[\/vc_column_text][\/vc_column][\/vc_row]<\/p>\n","protected":false},"excerpt":{"rendered":"<p>[vc_row][vc_column][vc_column_text] In conformit\u00e0 alla Legge Organica LOPD-GDD 3\/2018, nonch\u00e9 al Regolamento (UE) 2016\/679 del 27 aprile 2016 (RGPD), cos\u00ec come alla Legge 34\/2002, dell&#8217;11 luglio, sui Servizi della Societ\u00e0 dell&#8217;Informazione [&hellip;]<\/p>\n","protected":false},"author":1,"featured_media":0,"parent":0,"menu_order":0,"comment_status":"closed","ping_status":"closed","template":"","meta":{"footnotes":""},"class_list":["post-5703","page","type-page","status-publish","hentry"],"acf":[],"aioseo_notices":[],"_links":{"self":[{"href":"https:\/\/toskani.com\/ch\/it\/wp-json\/wp\/v2\/pages\/5703","targetHints":{"allow":["GET"]}}],"collection":[{"href":"https:\/\/toskani.com\/ch\/it\/wp-json\/wp\/v2\/pages"}],"about":[{"href":"https:\/\/toskani.com\/ch\/it\/wp-json\/wp\/v2\/types\/page"}],"author":[{"embeddable":true,"href":"https:\/\/toskani.com\/ch\/it\/wp-json\/wp\/v2\/users\/1"}],"replies":[{"embeddable":true,"href":"https:\/\/toskani.com\/ch\/it\/wp-json\/wp\/v2\/comments?post=5703"}],"version-history":[{"count":5,"href":"https:\/\/toskani.com\/ch\/it\/wp-json\/wp\/v2\/pages\/5703\/revisions"}],"predecessor-version":[{"id":6012,"href":"https:\/\/toskani.com\/ch\/it\/wp-json\/wp\/v2\/pages\/5703\/revisions\/6012"}],"wp:attachment":[{"href":"https:\/\/toskani.com\/ch\/it\/wp-json\/wp\/v2\/media?parent=5703"}],"curies":[{"name":"wp","href":"https:\/\/api.w.org\/{rel}","templated":true}]}}