{"id":5655,"date":"2022-12-07T09:53:42","date_gmt":"2022-12-07T09:53:42","guid":{"rendered":"https:\/\/toskani.com\/ch\/cookie-policy\/"},"modified":"2024-01-02T09:39:48","modified_gmt":"2024-01-02T09:39:48","slug":"cookie-policy","status":"publish","type":"page","link":"https:\/\/toskani.com\/ch\/it\/cookie-policy\/","title":{"rendered":"Politica sui cookie"},"content":{"rendered":"<p>[vc_row css=&#8221;.vc_custom_1670407389763{margin-bottom: 5rem !important;}&#8221;][vc_column][vc_column_text]<\/p>\n<p class=\"p1\"><span class=\"s1\"><b>Responsabile del trattamento: TOSKANI, S.L.<\/b><\/span><\/p>\n<p class=\"p1\"><span class=\"s1\"><b>Sede legale: PASSATGE CIUTADANS 4, 08005-BARCELLONA.  <\/b><\/span><\/p>\n<p class=\"p2\"><span class=\"s1\"><b>PARTITA IVA: B- 58496324<\/b><\/span><\/p>\n<p class=\"p2\"><span class=\"s1\"><b>Ultimo aggiornamento: giugno 2023<\/b><\/span><\/p>\n<p class=\"p4\"><span class=\"s1\">In questa informativa sui cookie, troverete la descrizione e lo scopo di ciascuno dei cookie utilizzati, nonch\u00e9 il loro nome, il server di invio, la data di scadenza e, in alcuni casi, l&#8217;esistenza di un trasferimento internazionale di dati.<\/span><\/p>\n<p class=\"p4\"><span class=\"s1\">La legittimit\u00e0 dell&#8217;uso di cookie strettamente funzionali \u00e8 data dal fatto che il trattamento \u00e8 necessario per adempiere a un obbligo legale, in conformit\u00e0 alla Legge 34\/2002 (Legge sui servizi della societ\u00e0 dell&#8217;informazione e sul commercio elettronico).<\/span><\/p>\n<p class=\"p4\"><span class=\"s1\">La legittimit\u00e0 dell&#8217;utilizzo dei cookie per finalit\u00e0 analitiche, di ottimizzazione, di personalizzazione, di pubblicit\u00e0 comportamentale e di valutazione si basa sul consenso che vi \u00e8 stato richiesto, ai sensi dell&#8217;art. 6.1.a) del Regolamento (UE) 2016\/679.<\/span><\/p>\n<p class=\"p4\"><span class=\"s1\">Utilizziamo i cookie per fornirvi un servizio migliore e per offrirvi una migliore esperienza di navigazione. Desideriamo informarvi in modo chiaro e preciso sui cookie che utilizziamo, specificando di seguito che cos&#8217;\u00e8 un cookie, a cosa serve, quali tipi di cookie utilizziamo, qual \u00e8 il loro scopo e come potete configurarli o disabilitarli se lo desiderate.<\/span><\/p>\n<h2 class=\"p5\"><span class=\"s1\">Cosa sono i cookie?<\/span><\/h2>\n<p class=\"p6\"><span class=\"s1\">Un cookie \u00e8 un file che viene scaricato sul vostro computer quando accedete alla maggior parte dei siti web. I cookie consentono a un sito web, tra l&#8217;altro, di memorizzare e recuperare informazioni sulle abitudini di navigazione di un utente o sulla sua apparecchiatura e, a seconda delle informazioni contenute e del modo in cui l&#8217;utente utilizza la sua apparecchiatura, possono essere utilizzati per riconoscere l&#8217;utente. Quando si accede a un sito web che utilizza i cookie, il sito web fa s\u00ec che il browser crei piccoli file sul computer dell&#8217;utente (computer, tablet, telefono o simili) contenenti informazioni necessarie per il funzionamento del sito web. Questi file, noti come cookie, fanno parte della tecnologia necessaria per il corretto funzionamento del sito web. I cookie non contengono informazioni personali specifiche e la maggior parte dei cookie viene cancellata dal disco rigido al termine della sessione del browser (i cosiddetti cookie di sessione), sebbene la cronologia di navigazione e i cookie vengano memorizzati sul computer dell&#8217;utente. I cookie, simili alla cronologia di navigazione o alla cache del browser, possono lasciare una traccia della vostra attivit\u00e0 online. Questo \u00e8 particolarmente importante se altri possono accedere alla vostra attrezzatura. Pertanto, nel caso in cui si utilizzi un computer condiviso, si consiglia di cancellare la cronologia di navigazione, la cache e i cookie prima di effettuare il logout.  <\/span><\/p>\n<h2 class=\"p6\"><span class=\"s1\">Quali tipi di cookie utilizza questo sito web?  <\/span><\/h2>\n<p class=\"p6\"><span class=\"s1\">Cookie tecnici: questi cookie consentono all&#8217;utente di navigare su un sito web, una piattaforma o un&#8217;applicazione e di utilizzare le diverse opzioni o servizi presenti su di essa, come, ad esempio, il controllo del traffico e della comunicazione dei dati, l&#8217;identificazione della sessione, l&#8217;accesso alle aree ad accesso limitato, la memorizzazione degli elementi che compongono un ordine, l&#8217;esecuzione del processo di acquisto di un ordine, la richiesta di registrazione o la partecipazione a un evento, l&#8217;utilizzo di elementi di sicurezza durante la navigazione, la memorizzazione di contenuti per la trasmissione di video o audio o la condivisione di contenuti attraverso i social network.<\/span><\/p>\n<p class=\"p6\"><span class=\"s1\"><b>  Cookie di personalizzazione:<\/b>  Questi permettono all&#8217;utente di accedere al servizio con alcune caratteristiche generali predefinite in base a una serie di criteri del terminale dell&#8217;utente, come la lingua, il tipo di browser utilizzato per accedere al servizio, la configurazione regionale da cui si accede al servizio, ecc.<\/span><\/p>\n<p class=\"p6\"><span class=\"s1\"><b>Cookie di analisi:<\/b> si tratta di cookie elaborati da noi o da terzi che ci permettono di quantificare il numero di utenti e quindi di effettuare la misurazione e l&#8217;analisi statistica dell&#8217;utilizzo da parte degli utenti del servizio offerto. A tal fine, la vostra navigazione sul nostro sito web viene analizzata per migliorare la gamma di prodotti o servizi che vi offriamo.  <\/span><\/p>\n<p class=\"p6\"><span class=\"s1\"><b>Cookie pubblicitari:<\/b>  Sono quelli che, elaborati da noi o da terzi, ci permettono di gestire nel modo pi\u00f9 efficiente possibile l&#8217;offerta di spazi pubblicitari sul sito web, adattando il contenuto dell&#8217;annuncio al contenuto del servizio richiesto o all&#8217;uso che fate del nostro sito web. A tal fine, possiamo analizzare le vostre abitudini di navigazione in Internet e mostrarvi pubblicit\u00e0 correlate al vostro profilo di navigazione.<\/span><\/p>\n<p class=\"p6\"><span class=\"s1\"><b>Cookie di pubblicit\u00e0 comportamentale:<\/b> questi cookie consentono di gestire nel modo pi\u00f9 efficace possibile gli spazi pubblicitari che, se del caso, l&#8217;editore ha inserito su un sito web, un&#8217;applicazione o una piattaforma da cui viene fornito il servizio richiesto. Questi cookie memorizzano informazioni sul comportamento degli utenti ottenute attraverso l&#8217;osservazione continua delle loro abitudini di navigazione, che consentono di sviluppare un profilo specifico per mostrare pubblicit\u00e0 basata sullo stesso.<\/span><\/p>\n<p class=\"p6\"><span class=\"s1\"><b>Cookie di terze parti:<\/b> Questo sito web pu\u00f2 utilizzare servizi di terze parti che, per loro conto, compilano informazioni a fini statistici, per l&#8217;utilizzo del Sito da parte dell&#8217;utente e per la fornitura di altri servizi connessi all&#8217;attivit\u00e0 del Sito e di altri servizi Internet.  <\/span><\/p>\n<h2 class=\"p6\"><span class=\"s1\">Scopo dei COOKIE utilizzati<\/span><\/h2>\n<p class=\"p6\"><span class=\"s1\">Di seguito sono riportati in dettaglio i cookie utilizzati sul nostro sito web e il loro scopo.  <b>L&#8217;elenco dei cookie utilizzati in questo dominio:<\/b><\/span><\/p>\n<p>&nbsp;<\/p>\n<table>\n<tbody>\n<tr>\n<td>Biscotto<\/td>\n<td>Tipo<\/td>\n<td>Durata<\/td>\n<td>Obiettivo e finalit\u00e0<\/td>\n<td>Informativa sulla privacy<\/td>\n<\/tr>\n<tr>\n<td>Google Analytics<\/td>\n<td>__utma,<br \/>\n__utmb,<br \/>\n__utmc,<br \/>\n__utmz,<br \/>\n__utmv,<\/td>\n<td>2 anni<br \/>\n30 Min.<br \/>\nSessione<br \/>\n2 anni<br \/>\n6 mesi<\/td>\n<td>Google Analytics invia all&#8217;indirizzo IP di Google informazioni anonime sull&#8217;utilizzo del sito web al fine di fornirci informazioni su come gli utenti interagiscono con il sito web.<\/td>\n<td><a href=\"https:\/\/www.toskanicosmetics.com\/es\/www.google.es\/intl\/es\/analytics\/privacyoverview.html\" target=\"_blank\" rel=\"noopener\">www.google.es\/intl\/es\/analytics\/privacyoverview.html<\/a><\/td>\n<\/tr>\n<tr>\n<td>PHPSESSID<\/td>\n<td>TECNICA<\/td>\n<td>SESSIONE<\/td>\n<td>Navigabilit\u00e0<\/td>\n<td><\/td>\n<\/tr>\n<tr>\n<td>cookieidioma<\/td>\n<td>PERSONALIZZAZIONE<\/td>\n<td>10 anni<\/td>\n<td>Visualizza il sito web all&#8217;utente nella lingua scelta per impostazione predefinita.<\/td>\n<td><\/td>\n<\/tr>\n<tr>\n<td>Mostra_intro_promozione<\/td>\n<td>PERSONALIZZAZIONE<\/td>\n<td>30 giorni<\/td>\n<td>Nascondere il popup della promozione se \u00e8 gi\u00e0 stato mostrato in precedenza<\/td>\n<td><\/td>\n<\/tr>\n<tr>\n<td>stato_del_consenso_di_cucina<\/td>\n<td>PERSONALIZZAZIONE<\/td>\n<td>1 anno<\/td>\n<td>Non mostrare l&#8217;avviso sui cookie se \u00e8 gi\u00e0 stato mostrato in precedenza.<\/td>\n<td><\/td>\n<\/tr>\n<\/tbody>\n<\/table>\n<p>&nbsp;<\/p>\n<h2 class=\"p1\"><span class=\"s1\">Chi utilizza le informazioni memorizzate nei cookie?  <\/span><\/h2>\n<p class=\"p1\"><span class=\"s1\">Le informazioni memorizzate nei cookie presenti sul nostro sito web sono utilizzate esclusivamente da noi, ad eccezione di quelli identificati come &#8220;cookie di terze parti&#8221;, che possono essere utilizzati e gestiti da soggetti esterni per fornirci servizi volti a migliorare i nostri servizi e l&#8217;esperienza dell&#8217;utente durante la navigazione sulla nostra piattaforma. Ulteriori informazioni sul pannello di configurazione dei cookie accessibile in qualsiasi momento sul nostro sito web.<\/span><\/p>\n<h2 class=\"p4\"><span class=\"s1\">Per quanto tempo conserveremo le informazioni?<\/span><\/h2>\n<p class=\"p4\"><span class=\"s1\">Conserveremo le informazioni per il tempo necessario a fornire il servizio richiesto, fino a quando l&#8217;utente non si opporr\u00e0 o non ritirer\u00e0 il proprio consenso. In questi casi, le informazioni saranno opportunamente bloccate e non potranno essere utilizzate per tutto il tempo necessario all&#8217;esercizio o alla difesa di rivendicazioni legali o contrattuali. Dopo questo periodo di tempo, i vostri dati saranno cancellati in modo permanente.<\/span><\/p>\n<p class=\"p4\"><span class=\"s1\">Nel caso in cui i dati vengano raccolti automaticamente attraverso i cookie, si prega di notare che alcuni di essi possono essere conservati per anni. Tuttavia, \u00e8 possibile limitarne l&#8217;uso nel tempo rimuovendoli dai browser o dai dispositivi.<\/span><\/p>\n<h2 class=\"p4\"><span class=\"s1\">Come si possono disabilitare i cookie?<\/span><\/h2>\n<p class=\"p4\"><span class=\"s1\">Nel pannello di configurazione dei cookie accessibile in ogni momento sulla nostra Piattaforma \u00e8 possibile ottenere tutte le informazioni sui cookie utilizzati su questo Sito, insieme alle informazioni sulla finalit\u00e0, la durata e la gestione (propria o di terzi) di ciascuno di essi, in modo da poter gestire l&#8217;attivazione e la disattivazione dell&#8217;uso di quei cookie che non sono strettamente necessari per il funzionamento del Sito.  <\/span><\/p>\n<p class=\"p4\"><span class=\"s1\">In alternativa, se state navigando in Internet, potete disabilitare l&#8217;uso dei cookie nel vostro browser. Vi mostriamo come farlo nei browser pi\u00f9 diffusi:  <\/span><\/p>\n<p class=\"p6\"><span class=\"s2\">Cromo: <a href=\"http:\/\/support.google.com\/chrome\/bin\/answer.py?hl=es&amp;answer=95647\"><br \/>\n  <span class=\"s3\">http:\/\/support.google.com\/chrome\/bin\/answer.py?hl=es&amp;answer=95647<\/span><br \/>\n<\/a><\/span><\/p>\n<p class=\"p6\"><span class=\"s2\">Esploratore: <a href=\"http:\/\/windows.microsoft.com\/es-es\/windows7\/how-to-manage-cookies-in-internet-explorer-9\"><br \/>\n  <span class=\"s3\">http:\/\/windows.microsoft.com\/es-es\/windows7\/how-to-manage-cookies-in-internet-explorer-9<\/span><br \/>\n<\/a><\/span><\/p>\n<p class=\"p6\"><span class=\"s2\">Firefox: <a href=\"http:\/\/support.mozilla.org\/es\/kb\/habilitar-y-deshabilitar-cookies-que-los-sitios-we\"><br \/>\n  <span class=\"s3\">http:\/\/support.mozilla.org\/es\/kb\/habilitar-y-deshabilitar-cookies-que-los-sitios-we<\/span><br \/>\n<\/a><\/span><\/p>\n<p class=\"p6\"><span class=\"s2\">Safari: <a href=\"http:\/\/support.apple.com\/kb\/ph5042\"><br \/>\n  <span class=\"s3\">http:\/\/support.apple.com\/kb\/ph5042<\/span><br \/>\n<\/a><\/span><\/p>\n<p class=\"p6\"><span class=\"s2\">Safari per iOS:<a href=\"http:\/\/support.apple.com\/kb\/HT1677?viewlocale=es_ES&amp;locale=es_ES\"><br \/>\n  <span class=\"s3\">http:\/\/support.apple.com\/kb\/HT1677?viewlocale=es_ES&amp;locale=es_ES<\/span><br \/>\n<\/a><\/span><\/p>\n<p class=\"p4\"><span class=\"s1\">La possibilit\u00e0 di impedire l&#8217;uso dei cookie pu\u00f2 essere esercitata in qualsiasi momento.<\/span><\/p>\n<p class=\"p4\"><span class=\"s1\">Si noti che sia la gestione del pannello di impostazione dei cookie che la scelta di rifiutarli \u00e8 specifica del browser utilizzato. Pertanto, se si sceglie di impostare i cookie in un modo su un dispositivo e si desidera che la scelta venga applicata in modo simile a un altro dispositivo, \u00e8 necessario attivare la stessa opzione per l&#8217;altro dispositivo.<\/span><\/p>\n<h2 class=\"p9\"><span class=\"s1\">Modifiche alla politica sui cookie<\/span><\/h2>\n<p class=\"p9\"><span class=\"s1\">La presente Politica sui cookie pu\u00f2 essere modificata quando richiesto dalla legislazione in vigore in un determinato momento o in caso di variazione del tipo di cookie utilizzati sul sito web. Vi consigliamo pertanto di rivedere questa informativa ogni volta che accedete al nostro sito web per essere adeguatamente informati su come e per cosa utilizziamo i cookie.<\/span><\/p>\n<p>[\/vc_column_text][\/vc_column][\/vc_row]<\/p>\n","protected":false},"excerpt":{"rendered":"<p>[vc_row css=&#8221;.vc_custom_1670407389763{margin-bottom: 5rem !important;}&#8221;][vc_column][vc_column_text] Responsabile del trattamento: TOSKANI, S.L. Sede legale: PASSATGE CIUTADANS 4, 08005-BARCELLONA. PARTITA IVA: B- 58496324 Ultimo aggiornamento: giugno 2023 In questa informativa sui cookie, troverete la [&hellip;]<\/p>\n","protected":false},"author":1,"featured_media":0,"parent":0,"menu_order":0,"comment_status":"closed","ping_status":"closed","template":"","meta":{"footnotes":""},"class_list":["post-5655","page","type-page","status-publish","hentry"],"acf":[],"aioseo_notices":[],"_links":{"self":[{"href":"https:\/\/toskani.com\/ch\/it\/wp-json\/wp\/v2\/pages\/5655","targetHints":{"allow":["GET"]}}],"collection":[{"href":"https:\/\/toskani.com\/ch\/it\/wp-json\/wp\/v2\/pages"}],"about":[{"href":"https:\/\/toskani.com\/ch\/it\/wp-json\/wp\/v2\/types\/page"}],"author":[{"embeddable":true,"href":"https:\/\/toskani.com\/ch\/it\/wp-json\/wp\/v2\/users\/1"}],"replies":[{"embeddable":true,"href":"https:\/\/toskani.com\/ch\/it\/wp-json\/wp\/v2\/comments?post=5655"}],"version-history":[{"count":9,"href":"https:\/\/toskani.com\/ch\/it\/wp-json\/wp\/v2\/pages\/5655\/revisions"}],"predecessor-version":[{"id":6009,"href":"https:\/\/toskani.com\/ch\/it\/wp-json\/wp\/v2\/pages\/5655\/revisions\/6009"}],"wp:attachment":[{"href":"https:\/\/toskani.com\/ch\/it\/wp-json\/wp\/v2\/media?parent=5655"}],"curies":[{"name":"wp","href":"https:\/\/api.w.org\/{rel}","templated":true}]}}