{"id":4274,"date":"2023-06-28T16:26:44","date_gmt":"2023-06-28T16:26:44","guid":{"rendered":"https:\/\/toskani.com\/ch\/quality-policy\/"},"modified":"2024-01-02T08:54:21","modified_gmt":"2024-01-02T08:54:21","slug":"quality-policy","status":"publish","type":"page","link":"https:\/\/toskani.com\/ch\/it\/quality-policy\/","title":{"rendered":"Politica della qualit\u00e0"},"content":{"rendered":"<p>[vc_row][vc_column][vc_column_text]<\/p>\n<div class=\"page\" title=\"Pagina 1\">\n<div class=\"layoutArea\">\n<div class=\"column\">\n<p class=\"p1\"><span class=\"s1\">La Direzione Generale di Toskani, SL definisce come sua attivit\u00e0 principale il  <b>progettazione, produzione e distribuzione di prodotti cosmetici, prodotti di bellezza e integratori alimentari <\/b>, e la <b> importazione e distribuzione di dispositivi medici e apparecchiature estetiche, <\/b>al fine di fornire ai professionisti del canale estetico e medico i migliori prodotti e servizi.  <b>prodotti e trattamenti pi\u00f9 efficaci, pi\u00f9 sicuri <\/b>e pi\u00f9 <b>efficienti <\/b> prodotti <b>di qualit\u00e0 <\/b>per la cura della pelle<b> <\/b>soluzioni a 360\u00ba e di fornire ai propri clienti e consumatori la <b>formazione<\/b> e le <b>conoscenze <\/b>necessarie, sempre nel rispetto delle norme di legge.<span class=\"Apple-converted-space\">  <\/span>requisiti legali e normativi applicabili, contribuendo al <b>miglioramento della salute e del benessere della<\/b> societ\u00e0.  <\/span><\/p>\n<p class=\"p1\"><span class=\"s1\">L&#8217;obiettivo principale di Toskani, SL \u00e8 quello di essere un&#8217;<b>azienda solida, redditizia e competitiva<\/b>.  nel suo settore, con un agile adattamento al cambiamento, aumentando la reattivit\u00e0, la competenza tecnica, la creativit\u00e0 e l&#8217;innovazione costante, e promuovendo il rispetto per l&#8217;ambiente, il miglioramento continuo dei processi dell&#8217;organizzazione, garantendo la sicurezza di tutti i membri dell&#8217;azienda e migliorando efficacemente le condizioni in cui si svolgono le attivit\u00e0 lavorative.<\/span><\/p>\n<p class=\"p1\"><span class=\"s1\">La visione di Toskani \u00e8 quella di <b>essere<\/b> un <b>punto di riferimento <\/b>nel mercato della mesoterapia transdermica, per entrare nel <b>canale medico <\/b>attraverso prodotti specifici con il marchio <b>TOSKANIMED<\/b>.<b> <\/b>e <b>raggiungere la posizione strategica di Leader locale<\/b>. Infine, consolidare i mercati e i volumi internazionali di prestigio sviluppando una <b>rete di distribuzione specifica <\/b>per ogni canale, estetico e medicale, allineata alla strategia <b>TOSKANI<\/b>.<\/span><\/p>\n<p class=\"p1\"><span class=\"s1\">Inoltre, Toskani collabora attivamente con i propri canali distributivi per <b>conoscere e comprendere i mercati <\/b>in cui \u00e8 presente, mantenendo un rapporto e un atteggiamento di massima fiducia e trasparenza con i propri distributori, al fine di raggiungere l&#8217;obiettivo comune di crescita.<\/span><\/p>\n<p class=\"p1\"><span class=\"s1\">La Direzione Generale si assume la responsabilit\u00e0 ultima di definire, attuare, diffondere, mantenere e riesaminare una Politica Integrata di Gestione della Qualit\u00e0 al fine di raggiungere questo obiettivo.<\/span><\/p>\n<p class=\"p1\"><span class=\"s1\">Come conseguenza di quanto sopra, e promuovendo i valori dell&#8217;organizzazione (<b>Qualit\u00e0 e innovazione, onest\u00e0, integrit\u00e0 e trasparenza, vocazione al servizio e all&#8217;eccellenza, rispetto per i collaboratori<\/b>), la politica di gestione integrata della qualit\u00e0 di Toskani, SL si basa sui seguenti principi, in accordo con i valori dell&#8217;organizzazione:<\/span><\/p>\n<ul class=\"ul1\">\n<li class=\"li1\"><span class=\"s1\"><b>Il cliente \u00e8 l&#8217;elemento essenziale e la ragion d&#8217;essere della nostra azienda<\/b>; individuare e comprendere le sue esigenze \u00e8 per noi fondamentale. Pertanto, tutte le attivit\u00e0 sviluppate devono essere concepite e realizzate in vista del raggiungimento di questo obiettivo.<\/span><\/li>\n<li class=\"li1\"><span class=\"s1\"><b>Il soddisfacimento dei requisiti legali e normativi in vigore <\/b>e di altri, a cui Toskani, SL aderisce volontariamente, in termini di qualit\u00e0, ambiente e sicurezza sul lavoro.<\/span><\/li>\n<li class=\"li1\"><span class=\"s1\">La <b>qualit\u00e0 \u00e8 compito e responsabilit\u00e0 di tutti<\/b>. Richiede quindi la collaborazione a tutti i livelli; sono indispensabili l&#8217;informazione, la comunicazione e la formazione di tutti i membri dell&#8217;organizzazione.<\/span><\/li>\n<li class=\"li1\"><span class=\"s1\"><b>Il raggiungimento degli obiettivi aziendali<\/b>, nonch\u00e9 i traguardi associati a tali obiettivi.<\/span><\/li>\n<li class=\"li1\"><span class=\"s1\">L&#8217;impegno ad offrire prodotti e servizi <b>di qualit\u00e0, innovativi, sicuri <\/b>ed <b>efficaci<\/b>.<\/span><\/li>\n<li class=\"li1\"><span class=\"s1\">Impegno a raggiungere un <b>elevato livello di salute e sicurezza<\/b> sul lavoro, integrando la prevenzione in tutte le attivit\u00e0 dell&#8217;azienda.<\/span><\/li>\n<li class=\"li1\"><span class=\"s1\"><b>Rispetto e tutela dell&#8217;ambiente<\/b>, attraverso la prevenzione e la riduzione degli impatti ambientali.<\/span><\/li>\n<li class=\"li1\"><span class=\"s1\">L&#8217;<b>individuazione delle opportunit\u00e0 di miglioramento<\/b> in tutti i processi dell&#8217;organizzazione, attraverso riesami periodici del Sistema di Gestione Integrato della Qualit\u00e0 che ne garantiscano il costante adeguamento e l&#8217;idoneit\u00e0 alle richieste di un mercato sempre pi\u00f9 competitivo e di un ambiente in continua evoluzione.<\/span><\/li>\n<li class=\"li1\"><span class=\"s1\">Il contributo dei nostri fornitori e partner al <b>raggiungimento dei nostri obiettivi<\/b>.<\/span><\/li>\n<li class=\"li1\"><span class=\"s1\">La nostra qualit\u00e0 si misura non solo nel rispetto delle specifiche e dei requisiti, ma anche nel <b>superamento delle aspettative dei nostri clienti<\/b> in ogni aspetto della nostra attivit\u00e0. Il raggiungimento di questo obiettivo garantisce la nostra leadership nel percorso verso l&#8217;eccellenza.<\/span><\/li>\n<\/ul>\n<p class=\"p1\"><span class=\"s1\">Con la presente Politica Integrata di Gestione della Qualit\u00e0, la Direzione Generale di Toskani, SL stabilisce un quadro di riferimento per  <b>Definizione di obiettivi e traguardi<\/b>  con coloro che  <b>migliorare continuamente la qualit\u00e0<\/b>  di prodotti e servizi, l&#8217;ambiente, la sicurezza sul lavoro e l&#8217;efficacia del Sistema di Gestione Integrato della Qualit\u00e0 (SGQI).<\/span><\/p>\n<p class=\"p1\"><span class=\"s1\">La Direzione Generale di Toskani, SL si impegna a garantire che il SIGC sia conforme ai requisiti applicabili delle norme UNE-EN-ISO 9001, UNE-EN-ISO 22716 e UNE-EN-ISO 13485 e a prendere le decisioni necessarie per garantire il miglioramento continuo della sua efficienza.<\/span><\/p>\n<p class=\"p1\"><span class=\"s1\">Il SIGC \u00e8 strutturato e adattato all&#8217;attivit\u00e0 specifica di Toskani, SL: <b>progettazione, produzione e distribuzione di prodotti cosmetici, prodotti di bellezza e integratori alimentari <\/b>, nonch\u00e9<b> importazione e distribuzione di dispositivi medici e apparecchiature di bellezza <\/b>e <b>servizi di formazione<\/b> relativi ai suoi prodotti.  <\/span><\/p>\n<p class=\"p1\"><span class=\"s1\">La Direzione Generale si assume questi impegni ed esorta tutti i membri di Toskani SL a rispettare questa politica e a svolgere il proprio lavoro in modo da raggiungere gli obiettivi di miglioramento stabiliti in conformit\u00e0 con questa politica.<\/span><\/p>\n<p class=\"p1\"><span class=\"s1\">L&#8217;attuale globalizzazione dei mercati, cos\u00ec come la presenza di Toskani, SL a livello internazionale, spinge tutti i membri dell&#8217;organizzazione ad agire con la <b>stessa filosofia e lo stesso livello di impegno a livello internazionale e nazionale<\/b>.<\/span><\/p>\n<\/div>\n<\/div>\n<\/div>\n<p>[\/vc_column_text][\/vc_column][\/vc_row]<\/p>\n","protected":false},"excerpt":{"rendered":"<p>[vc_row][vc_column][vc_column_text] La Direzione Generale di Toskani, SL definisce come sua attivit\u00e0 principale il progettazione, produzione e distribuzione di prodotti cosmetici, prodotti di bellezza e integratori alimentari , e la importazione [&hellip;]<\/p>\n","protected":false},"author":1,"featured_media":0,"parent":0,"menu_order":0,"comment_status":"closed","ping_status":"closed","template":"","meta":{"footnotes":""},"class_list":["post-4274","page","type-page","status-publish","hentry"],"acf":[],"aioseo_notices":[],"_links":{"self":[{"href":"https:\/\/toskani.com\/ch\/it\/wp-json\/wp\/v2\/pages\/4274","targetHints":{"allow":["GET"]}}],"collection":[{"href":"https:\/\/toskani.com\/ch\/it\/wp-json\/wp\/v2\/pages"}],"about":[{"href":"https:\/\/toskani.com\/ch\/it\/wp-json\/wp\/v2\/types\/page"}],"author":[{"embeddable":true,"href":"https:\/\/toskani.com\/ch\/it\/wp-json\/wp\/v2\/users\/1"}],"replies":[{"embeddable":true,"href":"https:\/\/toskani.com\/ch\/it\/wp-json\/wp\/v2\/comments?post=4274"}],"version-history":[{"count":3,"href":"https:\/\/toskani.com\/ch\/it\/wp-json\/wp\/v2\/pages\/4274\/revisions"}],"predecessor-version":[{"id":5856,"href":"https:\/\/toskani.com\/ch\/it\/wp-json\/wp\/v2\/pages\/4274\/revisions\/5856"}],"wp:attachment":[{"href":"https:\/\/toskani.com\/ch\/it\/wp-json\/wp\/v2\/media?parent=4274"}],"curies":[{"name":"wp","href":"https:\/\/api.w.org\/{rel}","templated":true}]}}