{"id":5892,"date":"2023-05-17T11:10:42","date_gmt":"2023-05-17T11:10:42","guid":{"rendered":"https:\/\/toskani.com\/ch\/product\/cynomax\/"},"modified":"2024-01-02T09:29:50","modified_gmt":"2024-01-02T09:29:50","slug":"cynomax","status":"publish","type":"product","link":"https:\/\/toskani.com\/ch\/fr\/produit\/cynomax\/","title":{"rendered":"Cynomax"},"content":{"rendered":"<p>Ampoules unidoses \u00e0 base d&#8217;extrait d&#8217;artichaut, particuli\u00e8rement indiqu\u00e9es pour lutter contre la peau d&#8217;orange. Il a \u00e9galement des propri\u00e9t\u00e9s purifiantes et prot\u00e8ge les cellules des radicaux libres.<\/p>\n<p>L&#8217;emballage contient 20 ampoules de 2 ml.<span class=\"Apple-converted-space\"> <\/span><\/p>\n","protected":false},"excerpt":{"rendered":"<p>Ampoules unidoses \u00e0 base d&#8217;extrait d&#8217;artichaut, particuli\u00e8rement indiqu\u00e9es pour lutter contre la peau d&#8217;orange. Il a \u00e9galement des propri\u00e9t\u00e9s purifiantes et prot\u00e8ge les cellules des radicaux libres. L&#8217;emballage contient 20 [&hellip;]<\/p>\n","protected":false},"featured_media":5034,"template":"","meta":[],"product_cat":[177,163],"product_tag":[],"class_list":["post-5892","product","type-product","status-publish","has-post-thumbnail","hentry","product_cat-ampollas-fr","product_cat-corporal-fr"],"acf":[],"aioseo_notices":[],"_links":{"self":[{"href":"https:\/\/toskani.com\/ch\/fr\/wp-json\/wp\/v2\/product\/5892","targetHints":{"allow":["GET"]}}],"collection":[{"href":"https:\/\/toskani.com\/ch\/fr\/wp-json\/wp\/v2\/product"}],"about":[{"href":"https:\/\/toskani.com\/ch\/fr\/wp-json\/wp\/v2\/types\/product"}],"wp:featuredmedia":[{"embeddable":true,"href":"https:\/\/toskani.com\/ch\/fr\/wp-json\/wp\/v2\/media\/5034"}],"wp:attachment":[{"href":"https:\/\/toskani.com\/ch\/fr\/wp-json\/wp\/v2\/media?parent=5892"}],"wp:term":[{"taxonomy":"product_cat","embeddable":true,"href":"https:\/\/toskani.com\/ch\/fr\/wp-json\/wp\/v2\/product_cat?post=5892"},{"taxonomy":"product_tag","embeddable":true,"href":"https:\/\/toskani.com\/ch\/fr\/wp-json\/wp\/v2\/product_tag?post=5892"}],"curies":[{"name":"wp","href":"https:\/\/api.w.org\/{rel}","templated":true}]}}