{"id":5887,"date":"2023-05-17T12:18:23","date_gmt":"2023-05-17T12:18:23","guid":{"rendered":"https:\/\/toskani.com\/ch\/product\/silicor\/"},"modified":"2024-08-29T09:15:50","modified_gmt":"2024-08-29T09:15:50","slug":"silicor","status":"publish","type":"product","link":"https:\/\/toskani.com\/ch\/fr\/produit\/silicor\/","title":{"rendered":"Silicor"},"content":{"rendered":"<p>Ampoules unidoses \u00e0 base de silicium organique pour le traitement des signes du vieillissement cutan\u00e9. Le silicium organique favorise la production de collag\u00e8ne et d&#8217;\u00e9lastine, hydrate et am\u00e9liore la fermet\u00e9 de la peau, pour une apparence plus jeune et plus fra\u00eeche.<span class=\"Apple-converted-space\"> <\/span><\/p>\n<p>L&#8217;emballage contient 20 ampoules de 5 ml.<span class=\"Apple-converted-space\"> <\/span><\/p>\n","protected":false},"excerpt":{"rendered":"<p>Ampoules unidoses \u00e0 base de silicium organique pour le traitement des signes du vieillissement cutan\u00e9. Le silicium organique favorise la production de collag\u00e8ne et d&#8217;\u00e9lastine, hydrate et am\u00e9liore la fermet\u00e9 [&hellip;]<\/p>\n","protected":false},"featured_media":5055,"template":"","meta":[],"product_cat":[177,123,124],"product_tag":[],"class_list":["post-5887","product","type-product","status-publish","has-post-thumbnail","hentry","product_cat-ampollas-fr","product_cat-antiedad-fr","product_cat-facial-fr"],"acf":[],"aioseo_notices":[],"_links":{"self":[{"href":"https:\/\/toskani.com\/ch\/fr\/wp-json\/wp\/v2\/product\/5887","targetHints":{"allow":["GET"]}}],"collection":[{"href":"https:\/\/toskani.com\/ch\/fr\/wp-json\/wp\/v2\/product"}],"about":[{"href":"https:\/\/toskani.com\/ch\/fr\/wp-json\/wp\/v2\/types\/product"}],"wp:featuredmedia":[{"embeddable":true,"href":"https:\/\/toskani.com\/ch\/fr\/wp-json\/wp\/v2\/media\/5055"}],"wp:attachment":[{"href":"https:\/\/toskani.com\/ch\/fr\/wp-json\/wp\/v2\/media?parent=5887"}],"wp:term":[{"taxonomy":"product_cat","embeddable":true,"href":"https:\/\/toskani.com\/ch\/fr\/wp-json\/wp\/v2\/product_cat?post=5887"},{"taxonomy":"product_tag","embeddable":true,"href":"https:\/\/toskani.com\/ch\/fr\/wp-json\/wp\/v2\/product_tag?post=5887"}],"curies":[{"name":"wp","href":"https:\/\/api.w.org\/{rel}","templated":true}]}}