{"id":5885,"date":"2023-05-17T12:16:23","date_gmt":"2023-05-17T12:16:23","guid":{"rendered":"https:\/\/toskani.com\/ch\/product\/saliforo\/"},"modified":"2025-10-06T15:18:52","modified_gmt":"2025-10-06T15:18:52","slug":"saliforo","status":"publish","type":"product","link":"https:\/\/toskani.com\/ch\/fr\/produit\/saliforo\/","title":{"rendered":"Saliforo"},"content":{"rendered":"<p>Solution \u00e0 base d&#8217;acide salicylique \u00e0 2 % qui permet une exfoliation superficielle et am\u00e9liore l&#8217;aspect des peaux acn\u00e9iques.<\/p>\n<p>L&#8217;acide salicylique stimule le renouvellement cellulaire, ce qui am\u00e9liore la texture des peaux acn\u00e9iques et impures et r\u00e9duit les rougeurs. Gr\u00e2ce \u00e0 son effet exfoliant, il lisse \u00e9galement les ridules et aide \u00e0 obtenir un teint plus uniforme.<\/p>\n","protected":false},"excerpt":{"rendered":"<p>Solution \u00e0 base d&#8217;acide salicylique \u00e0 2 % qui permet une exfoliation superficielle et am\u00e9liore l&#8217;aspect des peaux acn\u00e9iques. L&#8217;acide salicylique stimule le renouvellement cellulaire, ce qui am\u00e9liore la texture [&hellip;]<\/p>\n","protected":false},"featured_media":5064,"template":"","meta":[],"product_cat":[157,207,124],"product_tag":[],"class_list":["post-5885","product","type-product","status-publish","has-post-thumbnail","hentry","product_cat-anti-acne-fr","product_cat-cocktails-fr","product_cat-facial-fr"],"acf":[],"aioseo_notices":[],"_links":{"self":[{"href":"https:\/\/toskani.com\/ch\/fr\/wp-json\/wp\/v2\/product\/5885","targetHints":{"allow":["GET"]}}],"collection":[{"href":"https:\/\/toskani.com\/ch\/fr\/wp-json\/wp\/v2\/product"}],"about":[{"href":"https:\/\/toskani.com\/ch\/fr\/wp-json\/wp\/v2\/types\/product"}],"wp:featuredmedia":[{"embeddable":true,"href":"https:\/\/toskani.com\/ch\/fr\/wp-json\/wp\/v2\/media\/5064"}],"wp:attachment":[{"href":"https:\/\/toskani.com\/ch\/fr\/wp-json\/wp\/v2\/media?parent=5885"}],"wp:term":[{"taxonomy":"product_cat","embeddable":true,"href":"https:\/\/toskani.com\/ch\/fr\/wp-json\/wp\/v2\/product_cat?post=5885"},{"taxonomy":"product_tag","embeddable":true,"href":"https:\/\/toskani.com\/ch\/fr\/wp-json\/wp\/v2\/product_tag?post=5885"}],"curies":[{"name":"wp","href":"https:\/\/api.w.org\/{rel}","templated":true}]}}