{"id":5874,"date":"2023-05-17T12:13:45","date_gmt":"2023-05-17T12:13:45","guid":{"rendered":"https:\/\/toskani.com\/ch\/product\/rutinel\/"},"modified":"2024-01-02T09:25:15","modified_gmt":"2024-01-02T09:25:15","slug":"rutinel","status":"publish","type":"product","link":"https:\/\/toskani.com\/ch\/fr\/produit\/rutinel\/","title":{"rendered":"Rutinel"},"content":{"rendered":"<p>Ampoules unidoses \u00e0 base de coumarine et de rutine, ingr\u00e9dients qui am\u00e9liorent l&#8217;aspect des rougeurs de la peau, de la peau d&#8217;orange et att\u00e9nuent la perte de tonus du visage. Ils ont un effet revitalisant et revigorant.<\/p>\n<p>L&#8217;emballage contient 20 ampoules de 2 ml.<span class=\"Apple-converted-space\"> <\/span><\/p>\n","protected":false},"excerpt":{"rendered":"<p>Ampoules unidoses \u00e0 base de coumarine et de rutine, ingr\u00e9dients qui am\u00e9liorent l&#8217;aspect des rougeurs de la peau, de la peau d&#8217;orange et att\u00e9nuent la perte de tonus du visage. [&hellip;]<\/p>\n","protected":false},"featured_media":5067,"template":"","meta":[],"product_cat":[177,163,124],"product_tag":[],"class_list":["post-5874","product","type-product","status-publish","has-post-thumbnail","hentry","product_cat-ampollas-fr","product_cat-corporal-fr","product_cat-facial-fr"],"acf":[],"aioseo_notices":[],"_links":{"self":[{"href":"https:\/\/toskani.com\/ch\/fr\/wp-json\/wp\/v2\/product\/5874","targetHints":{"allow":["GET"]}}],"collection":[{"href":"https:\/\/toskani.com\/ch\/fr\/wp-json\/wp\/v2\/product"}],"about":[{"href":"https:\/\/toskani.com\/ch\/fr\/wp-json\/wp\/v2\/types\/product"}],"wp:featuredmedia":[{"embeddable":true,"href":"https:\/\/toskani.com\/ch\/fr\/wp-json\/wp\/v2\/media\/5067"}],"wp:attachment":[{"href":"https:\/\/toskani.com\/ch\/fr\/wp-json\/wp\/v2\/media?parent=5874"}],"wp:term":[{"taxonomy":"product_cat","embeddable":true,"href":"https:\/\/toskani.com\/ch\/fr\/wp-json\/wp\/v2\/product_cat?post=5874"},{"taxonomy":"product_tag","embeddable":true,"href":"https:\/\/toskani.com\/ch\/fr\/wp-json\/wp\/v2\/product_tag?post=5874"}],"curies":[{"name":"wp","href":"https:\/\/api.w.org\/{rel}","templated":true}]}}