{"id":5839,"date":"2023-06-26T11:05:35","date_gmt":"2023-06-26T11:05:35","guid":{"rendered":"https:\/\/toskani.com\/ch\/product\/creme-quotidienne-eclat\/"},"modified":"2023-06-26T11:05:35","modified_gmt":"2023-06-26T11:05:35","slug":"creme-quotidienne-eclat","status":"publish","type":"product","link":"https:\/\/toskani.com\/ch\/fr\/produit\/creme-quotidienne-eclat\/","title":{"rendered":"Cr\u00e8me quotidienne \u00e9clat"},"content":{"rendered":"<p class=\"p1\"><span class=\"s1\">Il a une action \u00e0 long terme qui donne \u00e0 la peau l\u00e9g\u00e8ret\u00e9, \u00e9clat et uniformit\u00e9 du teint.<\/span><\/p>\n","protected":false},"excerpt":{"rendered":"<p>Il a une action \u00e0 long terme qui donne \u00e0 la peau l\u00e9g\u00e8ret\u00e9, \u00e9clat et uniformit\u00e9 du teint.<\/p>\n","protected":false},"featured_media":5315,"template":"","meta":[],"product_cat":[142,152,124],"product_tag":[],"class_list":["post-5839","product","type-product","status-publish","has-post-thumbnail","hentry","product_cat-cremas-fr","product_cat-despigmentacion-fr","product_cat-facial-fr"],"acf":[],"aioseo_notices":[],"_links":{"self":[{"href":"https:\/\/toskani.com\/ch\/fr\/wp-json\/wp\/v2\/product\/5839","targetHints":{"allow":["GET"]}}],"collection":[{"href":"https:\/\/toskani.com\/ch\/fr\/wp-json\/wp\/v2\/product"}],"about":[{"href":"https:\/\/toskani.com\/ch\/fr\/wp-json\/wp\/v2\/types\/product"}],"wp:featuredmedia":[{"embeddable":true,"href":"https:\/\/toskani.com\/ch\/fr\/wp-json\/wp\/v2\/media\/5315"}],"wp:attachment":[{"href":"https:\/\/toskani.com\/ch\/fr\/wp-json\/wp\/v2\/media?parent=5839"}],"wp:term":[{"taxonomy":"product_cat","embeddable":true,"href":"https:\/\/toskani.com\/ch\/fr\/wp-json\/wp\/v2\/product_cat?post=5839"},{"taxonomy":"product_tag","embeddable":true,"href":"https:\/\/toskani.com\/ch\/fr\/wp-json\/wp\/v2\/product_tag?post=5839"}],"curies":[{"name":"wp","href":"https:\/\/api.w.org\/{rel}","templated":true}]}}